{"id":2159,"date":"2019-03-04T16:03:10","date_gmt":"2019-03-04T15:03:10","guid":{"rendered":"https:\/\/unicatexpeditionvehicles.com\/?page_id=2159"},"modified":"2025-09-04T18:33:12","modified_gmt":"2025-09-04T17:33:12","slug":"modular","status":"publish","type":"page","link":"https:\/\/unicatexpeditionvehicles.com\/it\/modular\/","title":{"rendered":"Modular"},"content":{"rendered":"\n<hr class=\"wp-block-separator alignfull has-css-opacity is-style-wide\"\/>\n\n\n\n<div class=\"wp-block-columns alignfull is-layout-flex wp-container-core-columns-is-layout-9d6595d7 wp-block-columns-is-layout-flex\">\n<div class=\"wp-block-column is-layout-flow wp-block-column-is-layout-flow\">\n<p>Cellule abitative su misura con pianta variabile, basata su moduli e tecnologia collaudata.<br>Se nessuna planimetria proposta si adatta alle vostre esigenze, vi offriamo l\u2019opportunit\u00e0 di variare liberamente\u00a0 la\u00a0 lunghezza, larghezza e altezza\u00a0 della vostra planimetria.<br>La combinazione di moduli gi\u00e0 esistenti e collaudati con aggiunta di variazioni\u00a0 offre molta libert\u00e0 di scelta personale.<br>L\u2019impegno di progettazione e pianificazione rimane contenuto, cos\u00ec come i costi e i tempi di costruzione.<br>Senza dubbio, anche in questo caso la qualit\u00e0 \u00e8 la massima priorit\u00e0, come per tutti i veicoli UNICAT.<br>La scelta delle opzioni \u00e8 pressoch\u00e9 illimitata.<br>Saremo lieti di consigliarvi in modo completo e senza impegno sulle varie opzioni e sulla fascia di prezzo che la serie MODULAR vi offre.<br>Saremo lieti di fornirvi il disegno ed il relativo preventivo di realizzazione pregio rimborso di tariffa forfettaria.<br>Non ci sono quasi limiti in base alla scelta del telaio, che pu\u00f2 essere fornito da noi o dal cliente.<br>Il telaio e la cellula abitativa\u00a0 saranno assemblati utilizzando il sistema\u00a0 UNICAT senza torsioni; sono inoltre possibili diverse modifiche\u00a0 del telaio e componenti aggiuntivi.<br>Il design interno, i materiali e l\u2019esecuzione si basano interamente sul vostro gusto personale: rivestimenti in tessuto o pelle, cucine in legno, in\u00a0 Corian o acciaio inossidabile, mobili con superfici in laminato o legno, pavimenti in legno o pietra, \u2026 quasi tutto \u00e8 possibile \u2026\u00a0 ad un prezzo equo.<\/p>\n<\/div>\n<\/div>\n\n\n\n<hr class=\"wp-block-separator alignfull has-css-opacity is-style-wide\"\/>\n\n\n\n<div class=\"wp-block-columns alignfull are-vertically-aligned-bottom is-layout-flex wp-container-core-columns-is-layout-9d6595d7 wp-block-columns-is-layout-flex\">\n<div class=\"wp-block-column is-vertically-aligned-bottom is-layout-flow wp-block-column-is-layout-flow\"><div class=\"wp-block-image\">\n<figure class=\"aligncenter size-large\"><a href=\"https:\/\/unicatexpeditionvehicles.com\/it\/modular-4x4\/\"><img data-recalc-dims=\"1\" loading=\"lazy\" decoding=\"async\" width=\"700\" height=\"100\" data-attachment-id=\"19598\" data-permalink=\"https:\/\/unicatexpeditionvehicles.com\/it\/sub_modular_4x4\/\" data-orig-file=\"https:\/\/i0.wp.com\/unicatexpeditionvehicles.com\/wp-content\/uploads\/2023\/12\/SUB_modular_4x4.png?fit=1280%2C182&amp;ssl=1\" data-orig-size=\"1280,182\" data-comments-opened=\"1\" data-image-meta=\"{&quot;aperture&quot;:&quot;0&quot;,&quot;credit&quot;:&quot;&quot;,&quot;camera&quot;:&quot;&quot;,&quot;caption&quot;:&quot;&quot;,&quot;created_timestamp&quot;:&quot;0&quot;,&quot;copyright&quot;:&quot;&quot;,&quot;focal_length&quot;:&quot;0&quot;,&quot;iso&quot;:&quot;0&quot;,&quot;shutter_speed&quot;:&quot;0&quot;,&quot;title&quot;:&quot;&quot;,&quot;orientation&quot;:&quot;0&quot;}\" data-image-title=\"SUB_modular_4x4\" data-image-description=\"\" data-image-caption=\"\" data-large-file=\"https:\/\/i0.wp.com\/unicatexpeditionvehicles.com\/wp-content\/uploads\/2023\/12\/SUB_modular_4x4.png?fit=700%2C100&amp;ssl=1\" src=\"https:\/\/i0.wp.com\/unicatexpeditionvehicles.com\/wp-content\/uploads\/2023\/12\/SUB_modular_4x4.png?resize=700%2C100&#038;ssl=1\" alt=\"\" class=\"wp-image-19598\" srcset=\"https:\/\/i0.wp.com\/unicatexpeditionvehicles.com\/wp-content\/uploads\/2023\/12\/SUB_modular_4x4.png?resize=1024%2C146&amp;ssl=1 1024w, https:\/\/i0.wp.com\/unicatexpeditionvehicles.com\/wp-content\/uploads\/2023\/12\/SUB_modular_4x4.png?resize=300%2C43&amp;ssl=1 300w, https:\/\/i0.wp.com\/unicatexpeditionvehicles.com\/wp-content\/uploads\/2023\/12\/SUB_modular_4x4.png?resize=768%2C109&amp;ssl=1 768w, https:\/\/i0.wp.com\/unicatexpeditionvehicles.com\/wp-content\/uploads\/2023\/12\/SUB_modular_4x4.png?resize=1200%2C171&amp;ssl=1 1200w, https:\/\/i0.wp.com\/unicatexpeditionvehicles.com\/wp-content\/uploads\/2023\/12\/SUB_modular_4x4.png?resize=700%2C100&amp;ssl=1 700w, https:\/\/i0.wp.com\/unicatexpeditionvehicles.com\/wp-content\/uploads\/2023\/12\/SUB_modular_4x4.png?w=1280&amp;ssl=1 1280w\" sizes=\"auto, (max-width: 700px) 100vw, 700px\" \/><\/a><\/figure>\n<\/div><\/div>\n\n\n\n<div class=\"wp-block-column is-vertically-aligned-bottom is-layout-flow wp-block-column-is-layout-flow\"><div class=\"wp-block-image\">\n<figure class=\"aligncenter size-large\"><a href=\"https:\/\/unicatexpeditionvehicles.com\/it\/modular-4x4\/\"><img data-recalc-dims=\"1\" loading=\"lazy\" decoding=\"async\" width=\"700\" height=\"394\" data-attachment-id=\"6870\" data-permalink=\"https:\/\/unicatexpeditionvehicles.com\/it\/collage-modular4x4\/\" data-orig-file=\"https:\/\/i0.wp.com\/unicatexpeditionvehicles.com\/wp-content\/uploads\/2020\/12\/collage-modular4x4.jpg?fit=1280%2C720&amp;ssl=1\" data-orig-size=\"1280,720\" data-comments-opened=\"1\" data-image-meta=\"{&quot;aperture&quot;:&quot;0&quot;,&quot;credit&quot;:&quot;&quot;,&quot;camera&quot;:&quot;&quot;,&quot;caption&quot;:&quot;&quot;,&quot;created_timestamp&quot;:&quot;0&quot;,&quot;copyright&quot;:&quot;&quot;,&quot;focal_length&quot;:&quot;0&quot;,&quot;iso&quot;:&quot;0&quot;,&quot;shutter_speed&quot;:&quot;0&quot;,&quot;title&quot;:&quot;&quot;,&quot;orientation&quot;:&quot;0&quot;}\" data-image-title=\"collage modular4x4\" data-image-description=\"\" data-image-caption=\"\" data-large-file=\"https:\/\/i0.wp.com\/unicatexpeditionvehicles.com\/wp-content\/uploads\/2020\/12\/collage-modular4x4.jpg?fit=700%2C394&amp;ssl=1\" src=\"https:\/\/i0.wp.com\/unicatexpeditionvehicles.com\/wp-content\/uploads\/2020\/12\/collage-modular4x4.jpg?resize=700%2C394&#038;ssl=1\" alt=\"\" class=\"wp-image-6870\" srcset=\"https:\/\/i0.wp.com\/unicatexpeditionvehicles.com\/wp-content\/uploads\/2020\/12\/collage-modular4x4.jpg?resize=1024%2C576&amp;ssl=1 1024w, https:\/\/i0.wp.com\/unicatexpeditionvehicles.com\/wp-content\/uploads\/2020\/12\/collage-modular4x4.jpg?resize=300%2C169&amp;ssl=1 300w, https:\/\/i0.wp.com\/unicatexpeditionvehicles.com\/wp-content\/uploads\/2020\/12\/collage-modular4x4.jpg?resize=768%2C432&amp;ssl=1 768w, https:\/\/i0.wp.com\/unicatexpeditionvehicles.com\/wp-content\/uploads\/2020\/12\/collage-modular4x4.jpg?resize=1200%2C675&amp;ssl=1 1200w, https:\/\/i0.wp.com\/unicatexpeditionvehicles.com\/wp-content\/uploads\/2020\/12\/collage-modular4x4.jpg?resize=700%2C394&amp;ssl=1 700w, https:\/\/i0.wp.com\/unicatexpeditionvehicles.com\/wp-content\/uploads\/2020\/12\/collage-modular4x4.jpg?resize=711%2C400&amp;ssl=1 711w, https:\/\/i0.wp.com\/unicatexpeditionvehicles.com\/wp-content\/uploads\/2020\/12\/collage-modular4x4.jpg?w=1280&amp;ssl=1 1280w\" sizes=\"auto, (max-width: 700px) 100vw, 700px\" \/><\/a><\/figure>\n<\/div><\/div>\n<\/div>\n\n\n\n<hr class=\"wp-block-separator alignfull has-css-opacity is-style-wide\"\/>\n\n\n\n<div class=\"wp-block-columns alignfull are-vertically-aligned-bottom is-layout-flex wp-container-core-columns-is-layout-9d6595d7 wp-block-columns-is-layout-flex\">\n<div class=\"wp-block-column is-vertically-aligned-bottom is-layout-flow wp-block-column-is-layout-flow\"><div class=\"wp-block-image\">\n<figure class=\"aligncenter size-large\"><a href=\"https:\/\/unicatexpeditionvehicles.com\/it\/modular-6x6\/\"><img data-recalc-dims=\"1\" loading=\"lazy\" decoding=\"async\" width=\"700\" height=\"100\" data-attachment-id=\"19599\" data-permalink=\"https:\/\/unicatexpeditionvehicles.com\/it\/sub_modular_6x6\/\" data-orig-file=\"https:\/\/i0.wp.com\/unicatexpeditionvehicles.com\/wp-content\/uploads\/2023\/12\/SUB_modular_6x6.png?fit=1280%2C182&amp;ssl=1\" data-orig-size=\"1280,182\" data-comments-opened=\"1\" data-image-meta=\"{&quot;aperture&quot;:&quot;0&quot;,&quot;credit&quot;:&quot;&quot;,&quot;camera&quot;:&quot;&quot;,&quot;caption&quot;:&quot;&quot;,&quot;created_timestamp&quot;:&quot;0&quot;,&quot;copyright&quot;:&quot;&quot;,&quot;focal_length&quot;:&quot;0&quot;,&quot;iso&quot;:&quot;0&quot;,&quot;shutter_speed&quot;:&quot;0&quot;,&quot;title&quot;:&quot;&quot;,&quot;orientation&quot;:&quot;0&quot;}\" data-image-title=\"SUB_modular_6x6\" data-image-description=\"\" data-image-caption=\"\" data-large-file=\"https:\/\/i0.wp.com\/unicatexpeditionvehicles.com\/wp-content\/uploads\/2023\/12\/SUB_modular_6x6.png?fit=700%2C100&amp;ssl=1\" src=\"https:\/\/i0.wp.com\/unicatexpeditionvehicles.com\/wp-content\/uploads\/2023\/12\/SUB_modular_6x6.png?resize=700%2C100&#038;ssl=1\" alt=\"\" class=\"wp-image-19599\" srcset=\"https:\/\/i0.wp.com\/unicatexpeditionvehicles.com\/wp-content\/uploads\/2023\/12\/SUB_modular_6x6.png?resize=1024%2C146&amp;ssl=1 1024w, https:\/\/i0.wp.com\/unicatexpeditionvehicles.com\/wp-content\/uploads\/2023\/12\/SUB_modular_6x6.png?resize=300%2C43&amp;ssl=1 300w, https:\/\/i0.wp.com\/unicatexpeditionvehicles.com\/wp-content\/uploads\/2023\/12\/SUB_modular_6x6.png?resize=768%2C109&amp;ssl=1 768w, https:\/\/i0.wp.com\/unicatexpeditionvehicles.com\/wp-content\/uploads\/2023\/12\/SUB_modular_6x6.png?resize=1200%2C171&amp;ssl=1 1200w, https:\/\/i0.wp.com\/unicatexpeditionvehicles.com\/wp-content\/uploads\/2023\/12\/SUB_modular_6x6.png?resize=700%2C100&amp;ssl=1 700w, https:\/\/i0.wp.com\/unicatexpeditionvehicles.com\/wp-content\/uploads\/2023\/12\/SUB_modular_6x6.png?w=1280&amp;ssl=1 1280w\" sizes=\"auto, (max-width: 700px) 100vw, 700px\" \/><\/a><\/figure>\n<\/div><\/div>\n\n\n\n<div class=\"wp-block-column is-vertically-aligned-bottom is-layout-flow wp-block-column-is-layout-flow\"><div class=\"wp-block-image\">\n<figure class=\"aligncenter size-large\"><a href=\"https:\/\/unicatexpeditionvehicles.com\/it\/modular-6x6\/\"><img data-recalc-dims=\"1\" loading=\"lazy\" decoding=\"async\" width=\"700\" height=\"394\" data-attachment-id=\"6871\" data-permalink=\"https:\/\/unicatexpeditionvehicles.com\/it\/collagemodular-6x6\/\" data-orig-file=\"https:\/\/i0.wp.com\/unicatexpeditionvehicles.com\/wp-content\/uploads\/2020\/12\/collagemodular-6x6-1.jpg?fit=1280%2C720&amp;ssl=1\" data-orig-size=\"1280,720\" data-comments-opened=\"1\" data-image-meta=\"{&quot;aperture&quot;:&quot;0&quot;,&quot;credit&quot;:&quot;&quot;,&quot;camera&quot;:&quot;&quot;,&quot;caption&quot;:&quot;&quot;,&quot;created_timestamp&quot;:&quot;0&quot;,&quot;copyright&quot;:&quot;&quot;,&quot;focal_length&quot;:&quot;0&quot;,&quot;iso&quot;:&quot;0&quot;,&quot;shutter_speed&quot;:&quot;0&quot;,&quot;title&quot;:&quot;&quot;,&quot;orientation&quot;:&quot;0&quot;}\" data-image-title=\"collagemodular 6&amp;#215;6\" data-image-description=\"\" data-image-caption=\"\" data-large-file=\"https:\/\/i0.wp.com\/unicatexpeditionvehicles.com\/wp-content\/uploads\/2020\/12\/collagemodular-6x6-1.jpg?fit=700%2C394&amp;ssl=1\" src=\"https:\/\/i0.wp.com\/unicatexpeditionvehicles.com\/wp-content\/uploads\/2020\/12\/collagemodular-6x6-1.jpg?resize=700%2C394&#038;ssl=1\" alt=\"\" class=\"wp-image-6871\" srcset=\"https:\/\/i0.wp.com\/unicatexpeditionvehicles.com\/wp-content\/uploads\/2020\/12\/collagemodular-6x6-1.jpg?resize=1024%2C576&amp;ssl=1 1024w, https:\/\/i0.wp.com\/unicatexpeditionvehicles.com\/wp-content\/uploads\/2020\/12\/collagemodular-6x6-1.jpg?resize=300%2C169&amp;ssl=1 300w, https:\/\/i0.wp.com\/unicatexpeditionvehicles.com\/wp-content\/uploads\/2020\/12\/collagemodular-6x6-1.jpg?resize=768%2C432&amp;ssl=1 768w, https:\/\/i0.wp.com\/unicatexpeditionvehicles.com\/wp-content\/uploads\/2020\/12\/collagemodular-6x6-1.jpg?resize=1200%2C675&amp;ssl=1 1200w, https:\/\/i0.wp.com\/unicatexpeditionvehicles.com\/wp-content\/uploads\/2020\/12\/collagemodular-6x6-1.jpg?resize=700%2C394&amp;ssl=1 700w, https:\/\/i0.wp.com\/unicatexpeditionvehicles.com\/wp-content\/uploads\/2020\/12\/collagemodular-6x6-1.jpg?resize=711%2C400&amp;ssl=1 711w, https:\/\/i0.wp.com\/unicatexpeditionvehicles.com\/wp-content\/uploads\/2020\/12\/collagemodular-6x6-1.jpg?w=1280&amp;ssl=1 1280w\" sizes=\"auto, (max-width: 700px) 100vw, 700px\" \/><\/a><\/figure>\n<\/div><\/div>\n<\/div>\n","protected":false},"excerpt":{"rendered":"<p>Cellule abitative su misura con pianta variabile, basata su moduli e tecnologia collaudata.Se nessuna planimetria proposta si adatta alle vostre esigenze, vi offriamo l\u2019opportunit\u00e0 di variare liberamente\u00a0 la\u00a0 lunghezza, larghezza e altezza\u00a0 della vostra planimetria.La combinazione di moduli gi\u00e0 esistenti e collaudati con aggiunta di variazioni\u00a0 offre molta libert\u00e0 di scelta personale.L\u2019impegno di progettazione e &hellip; <a href=\"https:\/\/unicatexpeditionvehicles.com\/it\/modular\/\" class=\"more-link\">Continue reading <span class=\"screen-reader-text\">Modular<\/span> <span class=\"meta-nav\">&rarr;<\/span><\/a><\/p>\n","protected":false},"author":152699510,"featured_media":7060,"parent":0,"menu_order":0,"comment_status":"closed","ping_status":"closed","template":"","meta":{"_coblocks_attr":"Arial,Arial","_coblocks_dimensions":"","_coblocks_responsive_height":"","_coblocks_accordion_ie_support":"","advanced_seo_description":"","jetpack_seo_html_title":"","jetpack_seo_noindex":false,"footnotes":""},"wf_page_folders":[32303],"class_list":["post-2159","page","type-page","status-publish","has-post-thumbnail","hentry"],"translation":{"provider":"WPGlobus","version":"3.0.2","language":"it","enabled_languages":["en","de","it","es","fr","zh"],"languages":{"en":{"title":true,"content":true,"excerpt":false},"de":{"title":true,"content":true,"excerpt":false},"it":{"title":true,"content":true,"excerpt":false},"es":{"title":true,"content":true,"excerpt":false},"fr":{"title":true,"content":true,"excerpt":false},"zh":{"title":true,"content":true,"excerpt":false}}},"jetpack_likes_enabled":false,"jetpack_sharing_enabled":false,"jetpack_shortlink":"https:\/\/wp.me\/PaIsEW-yP","jetpack-related-posts":[{"id":8112,"url":"https:\/\/unicatexpeditionvehicles.com\/it\/nike-football-truck\/","url_meta":{"origin":2159,"position":0},"title":"NIKE FOOTBALL TRUCK","author":"unicatexpeditionvehicles","date":"02\/01\/2021","format":false,"excerpt":"{:en} Specification Type of vehicle: event truck Chassis: Mercedes-Benz Unimog U 2450 6x6 Wheelbase 153,5 + 55,1 inch Engine: 6-cylinder turbo-diesel, 176 kW (240 hp) GVWR: 11,900 kg (26,227 lbs) Dimensions total: 346.5 x 98.4 x 155.9 inch Dimensions of body: 244.1 x 98.4 x 90.6 inch Remarks 2 side\u2026","rel":"","context":"Articolo simile","block_context":{"text":"Articolo simile","link":""},"img":{"alt_text":"","src":"https:\/\/i0.wp.com\/unicatexpeditionvehicles.com\/wp-content\/uploads\/2021\/01\/Nike-Germany-12.jpeg?fit=1200%2C900&ssl=1&resize=350%2C200","width":350,"height":200,"srcset":"https:\/\/i0.wp.com\/unicatexpeditionvehicles.com\/wp-content\/uploads\/2021\/01\/Nike-Germany-12.jpeg?fit=1200%2C900&ssl=1&resize=350%2C200 1x, https:\/\/i0.wp.com\/unicatexpeditionvehicles.com\/wp-content\/uploads\/2021\/01\/Nike-Germany-12.jpeg?fit=1200%2C900&ssl=1&resize=525%2C300 1.5x, https:\/\/i0.wp.com\/unicatexpeditionvehicles.com\/wp-content\/uploads\/2021\/01\/Nike-Germany-12.jpeg?fit=1200%2C900&ssl=1&resize=700%2C400 2x, https:\/\/i0.wp.com\/unicatexpeditionvehicles.com\/wp-content\/uploads\/2021\/01\/Nike-Germany-12.jpeg?fit=1200%2C900&ssl=1&resize=1050%2C600 3x"},"classes":[]},{"id":4228,"url":"https:\/\/unicatexpeditionvehicles.com\/it\/modular-6x6\/","url_meta":{"origin":2159,"position":1},"title":"Modular 6X6","author":"unicatexpeditionvehicles","date":"03\/12\/2020","format":false,"excerpt":"{:en} {:}{:de} MD52H MB UNIMOG 6X6 MD56C MAN TGS 6X6X4 MD68M MAN TGS 6X6X4 MD71HV MB ZETROS 6X6 MD74C MAN TGS 6X6 MD75H MAN TGS 6X6 MD77HM MAN TGS 6X6 MD79H MAN TGS 6X6 MD83H MAN TGS 6X6 {:}{:zh} MD52H MB UNIMOG 6X6 MD56C MAN TGS 6X6X4 MD68M MAN TGS\u2026","rel":"","context":"Articolo simile","block_context":{"text":"Articolo simile","link":""},"img":{"alt_text":"","src":"https:\/\/i0.wp.com\/unicatexpeditionvehicles.com\/wp-content\/uploads\/2020\/12\/collagemodular-6x6-1.jpg?fit=1200%2C675&ssl=1&resize=350%2C200","width":350,"height":200,"srcset":"https:\/\/i0.wp.com\/unicatexpeditionvehicles.com\/wp-content\/uploads\/2020\/12\/collagemodular-6x6-1.jpg?fit=1200%2C675&ssl=1&resize=350%2C200 1x, https:\/\/i0.wp.com\/unicatexpeditionvehicles.com\/wp-content\/uploads\/2020\/12\/collagemodular-6x6-1.jpg?fit=1200%2C675&ssl=1&resize=525%2C300 1.5x, https:\/\/i0.wp.com\/unicatexpeditionvehicles.com\/wp-content\/uploads\/2020\/12\/collagemodular-6x6-1.jpg?fit=1200%2C675&ssl=1&resize=700%2C400 2x, https:\/\/i0.wp.com\/unicatexpeditionvehicles.com\/wp-content\/uploads\/2020\/12\/collagemodular-6x6-1.jpg?fit=1200%2C675&ssl=1&resize=1050%2C600 3x"},"classes":[]},{"id":4225,"url":"https:\/\/unicatexpeditionvehicles.com\/it\/modular-4x4\/","url_meta":{"origin":2159,"position":2},"title":"Modular 4X4","author":"unicatexpeditionvehicles","date":"03\/12\/2020","format":false,"excerpt":"{:en} MD57 VOLVO FM12 MD57 MB AXOR 4X4 md58HV FAMILY MB ZETROS 4X4 md60H MAN TGM 4X4 MD63HV MB ZETROS 4X4 md67H MAN TGM 4X4 {:}{:de} MD57 VOLVO FM12 MD57 MB AXOR 4X4 md58HV FAMILY MB ZETROS 4X4 md60H MAN TGM 4X4 MD63HV MB ZETROS 4X4 md67H MAN TGM 4X4\u2026","rel":"","context":"Articolo simile","block_context":{"text":"Articolo simile","link":""},"img":{"alt_text":"","src":"https:\/\/i0.wp.com\/unicatexpeditionvehicles.com\/wp-content\/uploads\/2020\/12\/collage-modular4x4.jpg?fit=1200%2C675&ssl=1&resize=350%2C200","width":350,"height":200,"srcset":"https:\/\/i0.wp.com\/unicatexpeditionvehicles.com\/wp-content\/uploads\/2020\/12\/collage-modular4x4.jpg?fit=1200%2C675&ssl=1&resize=350%2C200 1x, https:\/\/i0.wp.com\/unicatexpeditionvehicles.com\/wp-content\/uploads\/2020\/12\/collage-modular4x4.jpg?fit=1200%2C675&ssl=1&resize=525%2C300 1.5x, https:\/\/i0.wp.com\/unicatexpeditionvehicles.com\/wp-content\/uploads\/2020\/12\/collage-modular4x4.jpg?fit=1200%2C675&ssl=1&resize=700%2C400 2x, https:\/\/i0.wp.com\/unicatexpeditionvehicles.com\/wp-content\/uploads\/2020\/12\/collage-modular4x4.jpg?fit=1200%2C675&ssl=1&resize=1050%2C600 3x"},"classes":[]},{"id":10372,"url":"https:\/\/unicatexpeditionvehicles.com\/it\/intro-vehicles-en\/","url_meta":{"origin":2159,"position":3},"title":"Intro veicoli","author":"unicatexpeditionvehicles","date":"23\/02\/2021","format":false,"excerpt":"{:en} The requirements of overlanders and world travelers share many similarities, yet their\u00a0demands on the body and vehicle chassis\u00a0may vary. UNICAT addresses a diverse range of needs through its 5 product lines, consistently upholding the principle of unwavering quality and engineering expertise. Experience the ultimate in drivability with our low\u2026","rel":"","context":"Articolo simile","block_context":{"text":"Articolo simile","link":""},"img":{"alt_text":"","src":"https:\/\/i0.wp.com\/unicatexpeditionvehicles.com\/wp-content\/uploads\/2020\/12\/collage-TERRACROSS.jpg?resize=350%2C200&ssl=1","width":350,"height":200,"srcset":"https:\/\/i0.wp.com\/unicatexpeditionvehicles.com\/wp-content\/uploads\/2020\/12\/collage-TERRACROSS.jpg?resize=350%2C200&ssl=1 1x, https:\/\/i0.wp.com\/unicatexpeditionvehicles.com\/wp-content\/uploads\/2020\/12\/collage-TERRACROSS.jpg?resize=525%2C300&ssl=1 1.5x, https:\/\/i0.wp.com\/unicatexpeditionvehicles.com\/wp-content\/uploads\/2020\/12\/collage-TERRACROSS.jpg?resize=700%2C400&ssl=1 2x, https:\/\/i0.wp.com\/unicatexpeditionvehicles.com\/wp-content\/uploads\/2020\/12\/collage-TERRACROSS.jpg?resize=1050%2C600&ssl=1 3x"},"classes":[]},{"id":11742,"url":"https:\/\/unicatexpeditionvehicles.com\/it\/vehicles\/","url_meta":{"origin":2159,"position":4},"title":"Veicoli","author":"unicatexpeditionvehicles","date":"04\/11\/2021","format":false,"excerpt":"{:en} The requirements of overlanders and world travelers share many similarities, yet their\u00a0demands on the body and vehicle chassis\u00a0may vary. UNICAT addresses a diverse range of needs through its 5 product lines, consistently upholding the principle of unwavering quality and engineering expertise. Experience the ultimate in drivability with our low\u2026","rel":"","context":"Articolo simile","block_context":{"text":"Articolo simile","link":""},"img":{"alt_text":"","src":"https:\/\/i0.wp.com\/unicatexpeditionvehicles.com\/wp-content\/uploads\/2020\/12\/collage-TERRACROSS.jpg?resize=350%2C200&ssl=1","width":350,"height":200,"srcset":"https:\/\/i0.wp.com\/unicatexpeditionvehicles.com\/wp-content\/uploads\/2020\/12\/collage-TERRACROSS.jpg?resize=350%2C200&ssl=1 1x, https:\/\/i0.wp.com\/unicatexpeditionvehicles.com\/wp-content\/uploads\/2020\/12\/collage-TERRACROSS.jpg?resize=525%2C300&ssl=1 1.5x, https:\/\/i0.wp.com\/unicatexpeditionvehicles.com\/wp-content\/uploads\/2020\/12\/collage-TERRACROSS.jpg?resize=700%2C400&ssl=1 2x, https:\/\/i0.wp.com\/unicatexpeditionvehicles.com\/wp-content\/uploads\/2020\/12\/collage-TERRACROSS.jpg?resize=1050%2C600&ssl=1 3x"},"classes":[]},{"id":19644,"url":"https:\/\/unicatexpeditionvehicles.com\/it\/terracross-line\/","url_meta":{"origin":2159,"position":5},"title":"TERRACROSS","author":"unicatexpeditionvehicles","date":"24\/12\/2023","format":false,"excerpt":"{:en} Bodies in various sizes with proven and tested fixed floor plans and the appropriate technical equipment.Whether alone, as a couple or as a family, travel destination, infrastructure, terrain and also travel duration \u2026 all these are criteria that are ultimately decisive for the optimal vehicle.TERRACROSS implements these criteria and\u2026","rel":"","context":"Articolo simile","block_context":{"text":"Articolo simile","link":""},"img":{"alt_text":"","src":"https:\/\/i0.wp.com\/unicatexpeditionvehicles.com\/wp-content\/uploads\/2020\/12\/collage-TERRACROSS.jpg?resize=350%2C200&ssl=1","width":350,"height":200,"srcset":"https:\/\/i0.wp.com\/unicatexpeditionvehicles.com\/wp-content\/uploads\/2020\/12\/collage-TERRACROSS.jpg?resize=350%2C200&ssl=1 1x, https:\/\/i0.wp.com\/unicatexpeditionvehicles.com\/wp-content\/uploads\/2020\/12\/collage-TERRACROSS.jpg?resize=525%2C300&ssl=1 1.5x, https:\/\/i0.wp.com\/unicatexpeditionvehicles.com\/wp-content\/uploads\/2020\/12\/collage-TERRACROSS.jpg?resize=700%2C400&ssl=1 2x, https:\/\/i0.wp.com\/unicatexpeditionvehicles.com\/wp-content\/uploads\/2020\/12\/collage-TERRACROSS.jpg?resize=1050%2C600&ssl=1 3x"},"classes":[]}],"_links":{"self":[{"href":"https:\/\/unicatexpeditionvehicles.com\/it\/wp-json\/wp\/v2\/pages\/2159","targetHints":{"allow":["GET"]}}],"collection":[{"href":"https:\/\/unicatexpeditionvehicles.com\/it\/wp-json\/wp\/v2\/pages"}],"about":[{"href":"https:\/\/unicatexpeditionvehicles.com\/it\/wp-json\/wp\/v2\/types\/page"}],"author":[{"embeddable":true,"href":"https:\/\/unicatexpeditionvehicles.com\/it\/wp-json\/wp\/v2\/users\/152699510"}],"replies":[{"embeddable":true,"href":"https:\/\/unicatexpeditionvehicles.com\/it\/wp-json\/wp\/v2\/comments?post=2159"}],"version-history":[{"count":97,"href":"https:\/\/unicatexpeditionvehicles.com\/it\/wp-json\/wp\/v2\/pages\/2159\/revisions"}],"predecessor-version":[{"id":24129,"href":"https:\/\/unicatexpeditionvehicles.com\/it\/wp-json\/wp\/v2\/pages\/2159\/revisions\/24129"}],"wp:featuredmedia":[{"embeddable":true,"href":"https:\/\/unicatexpeditionvehicles.com\/it\/wp-json\/wp\/v2\/media\/7060"}],"wp:attachment":[{"href":"https:\/\/unicatexpeditionvehicles.com\/it\/wp-json\/wp\/v2\/media?parent=2159"}],"wp:term":[{"taxonomy":"wf_page_folders","embeddable":true,"href":"https:\/\/unicatexpeditionvehicles.com\/it\/wp-json\/wp\/v2\/wf_page_folders?post=2159"}],"curies":[{"name":"wp","href":"https:\/\/api.w.org\/{rel}","templated":true}]}}