{"id":1506,"date":"2019-02-25T12:24:27","date_gmt":"2019-02-25T11:24:27","guid":{"rendered":"https:\/\/unicatexpeditionvehicles.com\/?page_id=1506"},"modified":"2022-03-29T06:13:44","modified_gmt":"2022-03-29T05:13:44","slug":"frame-assembly","status":"publish","type":"page","link":"https:\/\/unicatexpeditionvehicles.com\/it\/frame-assembly\/","title":{"rendered":"CONTROTELAIO TORSION FREE"},"content":{"rendered":"\n<hr class=\"wp-block-separator is-style-wide\"\/>\n\n\n\n<p>Il controtelaio costituisce le fondamenta della vostra&nbsp; casa mobile.<\/p>\n\n\n\n<p class=\"has-text-align-justify\">Ha il compito di collegare la cellula abitativa al telaio, proprio come le fondamenta&nbsp; di una casa hanno il compito di ancorare la casa sul terreno.<br>Se una casa si trova su un pendio, su una spiaggia sabbiosa, su un terreno roccioso o addirittura in un&#8217;area terremotata &#8211; ogni volta le fondamenta sono differenti &#8211; ogni volta vengono adattate alle particolari condizioni del sottosuolo.<br>Allo stesso modo, nella costruzione di veicoli da spedizione , il collegamento tra la cellula e il telaio deve essere adattato&nbsp; al telaio selezionato, alle dimensioni della cellula, al suo peso e all\u2019uso&nbsp; previsto.<br>Esistono due tipi di utilizzo fondamentalmente diversi: su strada e in OFF-ROAD.<br>Per il puro uso stradale &#8211; e quindi per il 99,9% di tutti i camion &#8211; il semplice collegamento tra cellula e telaio, creato dai produttori del telaio stesso, \u00e8 sufficiente. Questo collegamento fissa rigidamente la carrozzeria al telaio trasferendo le torsioni alla cellula.<br>Questo \u00e8 accettabile per un normale mezzo di trasporto, senza intagli nelle pareti laterali e senza finiture interne.<br>Tuttavia, se la cellula viene utilizzata per il trasporto di gas o liquidi, i produttori dei telai prevedono, anche per un puro uso stradale, un controtelaio pi\u00f9 elaborato per la connessione alla cellula (che si spezzerebbe a causa della torsione).<br>Il principio del montaggio parzialmente flessibile viene utilizzato per isolare la limitata torsione del telaio che si verifica nell&#8217;uso stradale.<br>La inbullonatura rigida non \u00e8 affatto sufficiente per l&#8217;uso OFF-ROAD, come anche un sistema di montaggio parzialmente flessibile sarebbe un cattivo compromesso.<br>I regolamenti per gli allestitori Mercedes-Benz impongono quindi l\u2019utilizzo di un controtelaio senza torsioni per l&#8217;Unimog.<br>Il fatto che gli ingegneri di Mercedes-Benz Unimog abbiano sviluppato uno speciale controtelaio&nbsp; privo di torsioni appositamente per i telai da fuoristrada, denota che la necessit\u00e0 di una soluzione tecnica di alta qualit\u00e0 \u00e8 nella migliore tradizione dell&#8217;azienda.<br>La questione se tale scelta sia necessaria solo per l\u2019Unimog o anche per autocarri a trazione integrale in uso fuoristradistico , si riduce alla domanda di facile risposta, che le leggi della fisica non si applicano sono all&#8217;Unimog.<br>UNICAT ha quindi progettato e utilizzato controtelai privi di torsioni fin dagli esordi &#8211; e per tutti i veicoli che sono stati costruiti.<br>Come funziona il controtelaio&nbsp; UNICAT senza torsioni?<br>Il telaio, dovrebbe essere valido in uso fuoristradistico e offrire una buona stabilit\u00e0 di guida, durante la guida veloce.<br>A tal scopo, la flessibilit\u00e0 progettata dal produttore non deve essere limitata.&nbsp; La torsione del telaio assicura che il veicolo mantenga tutte le ruote a contatto con il suolo, anche in presenta di terreno irregolare.<br>Questo \u00e8 l&#8217;unico modo per guidare in off-road, in sicurezza.<br>La cellula, invece, \u00e8 progettata come una scatola statica e dovrebbe deformarsi il meno possibile.&nbsp; Ovviamente questo vale anche per i mobili da incasso e le attrezzature tecniche.<br>Chiunque abbia mai provato a togliere cubetti di ghiaccio da una vaschetta, sa che cosa comporta la deformazione della vaschetta &#8211; si crea il distaccamento dei cubetti di ghiaccio dal contenitore.<br>Ci\u00f2 che vogliamo dire \u00e8&nbsp; &#8211; il fenomeno della caduta dei cubetti di ghiaccio &#8211; dovrebbe essere evitato tra la cellula ed i mobili!<br>Il telaio e la carrozzeria devono quindi essere collegati in modo che nessuna forza torsionale venga trasferita dal telaio alla cellula abitativa.<br>Il controtelaio UNICAT senza torsioni quindi &#8211; come il controtelaio dell\u2019Unimog &#8211; \u00e8 anch\u2019esso costituito da un ancoraggio fisso e 1, 2 o anche 3 ancoraggi autoallineanti.<br>L\u2019ancoraggio fisso si collega alla cellula&nbsp; al centro e trasferisce le forze in tutte le direzioni.<br>Gli ancoraggi autoallineanti, fissati nelle zone anteriore e posteriore, trasmettono solo forze in determinate direzioni, in modo che il sottostante telaio del veicolo, possa muoversi completamente senza problemi.<br>Poich\u00e9 le forze di peso della struttura non possono pi\u00f9 essere trasmesse in modo uniforme quando il telaio \u00e8 sotto torsione, il controtelaio UNICAT fa in modo di trasmettere le forze in aree definite del telaio.&nbsp; Le forze principali sono trasmesse esattamente dove l&#8217;asse posteriore \u00e8 fissato al telaio, cos\u00ec che il carico sul telaio, venga&nbsp; addirittura ridotto.<br>Il movimento previsto tra il telaio e la cellula abitativa deve essere tenuto&nbsp; naturalmente in considerazione anche quando avviene&nbsp; l&#8217;installazione di tubi, cavi, serbatoi e altri accessori del telaio.<br>Un compito estremamente&nbsp; complesso che pu\u00f2 essere risolto in modo ottimale solo se la cellula abitativa ed il controtelaio senza torsione, vengono creati dalla stessa azienda , come avviene in&nbsp;UNICAT.<\/p>\n\n\n\n<p>Qui potete guardare un video che spiega perfettamente.<\/p>\n\n\n\n<figure class=\"wp-block-image size-large is-style-default\"><a href=\"https:\/\/youtu.be\/8JBpwu-rZ4g\" target=\"_blank\" rel=\"noopener\"><img data-recalc-dims=\"1\" loading=\"lazy\" decoding=\"async\" width=\"700\" height=\"394\" data-attachment-id=\"8707\" data-permalink=\"https:\/\/unicatexpeditionvehicles.com\/it\/frame-assembly\/subframe\/\" data-orig-file=\"https:\/\/i0.wp.com\/unicatexpeditionvehicles.com\/wp-content\/uploads\/2021\/01\/Subframe.jpg?fit=1281%2C722&amp;ssl=1\" data-orig-size=\"1281,722\" data-comments-opened=\"1\" data-image-meta=\"{&quot;aperture&quot;:&quot;0&quot;,&quot;credit&quot;:&quot;&quot;,&quot;camera&quot;:&quot;&quot;,&quot;caption&quot;:&quot;&quot;,&quot;created_timestamp&quot;:&quot;0&quot;,&quot;copyright&quot;:&quot;&quot;,&quot;focal_length&quot;:&quot;0&quot;,&quot;iso&quot;:&quot;0&quot;,&quot;shutter_speed&quot;:&quot;0&quot;,&quot;title&quot;:&quot;&quot;,&quot;orientation&quot;:&quot;0&quot;}\" data-image-title=\"Subframe\" data-image-description=\"\" data-image-caption=\"\" data-large-file=\"https:\/\/i0.wp.com\/unicatexpeditionvehicles.com\/wp-content\/uploads\/2021\/01\/Subframe.jpg?fit=700%2C394&amp;ssl=1\" src=\"https:\/\/i0.wp.com\/unicatexpeditionvehicles.com\/wp-content\/uploads\/2021\/01\/Subframe.jpg?resize=700%2C394&#038;ssl=1\" alt=\"\" class=\"wp-image-8707\" srcset=\"https:\/\/i0.wp.com\/unicatexpeditionvehicles.com\/wp-content\/uploads\/2021\/01\/Subframe.jpg?resize=1024%2C577&amp;ssl=1 1024w, https:\/\/i0.wp.com\/unicatexpeditionvehicles.com\/wp-content\/uploads\/2021\/01\/Subframe.jpg?resize=300%2C169&amp;ssl=1 300w, https:\/\/i0.wp.com\/unicatexpeditionvehicles.com\/wp-content\/uploads\/2021\/01\/Subframe.jpg?resize=768%2C433&amp;ssl=1 768w, https:\/\/i0.wp.com\/unicatexpeditionvehicles.com\/wp-content\/uploads\/2021\/01\/Subframe.jpg?resize=1200%2C676&amp;ssl=1 1200w, https:\/\/i0.wp.com\/unicatexpeditionvehicles.com\/wp-content\/uploads\/2021\/01\/Subframe.jpg?resize=700%2C395&amp;ssl=1 700w, https:\/\/i0.wp.com\/unicatexpeditionvehicles.com\/wp-content\/uploads\/2021\/01\/Subframe.jpg?resize=710%2C400&amp;ssl=1 710w, https:\/\/i0.wp.com\/unicatexpeditionvehicles.com\/wp-content\/uploads\/2021\/01\/Subframe.jpg?w=1281&amp;ssl=1 1281w\" sizes=\"auto, (max-width: 700px) 100vw, 700px\" \/><\/a><\/figure>\n","protected":false},"excerpt":{"rendered":"<p>Il controtelaio costituisce le fondamenta della vostra&nbsp; casa mobile. Ha il compito di collegare la cellula abitativa al telaio, proprio come le fondamenta&nbsp; di una casa hanno il compito di ancorare la casa sul terreno.Se una casa si trova su un pendio, su una spiaggia sabbiosa, su un terreno roccioso o addirittura in un&#8217;area terremotata &hellip; <a href=\"https:\/\/unicatexpeditionvehicles.com\/it\/frame-assembly\/\" class=\"more-link\">Continue reading <span class=\"screen-reader-text\">CONTROTELAIO TORSION FREE<\/span> <span class=\"meta-nav\">&rarr;<\/span><\/a><\/p>\n","protected":false},"author":152699510,"featured_media":8662,"parent":0,"menu_order":0,"comment_status":"closed","ping_status":"closed","template":"","meta":{"_coblocks_attr":"","_coblocks_dimensions":"","_coblocks_responsive_height":"","_coblocks_accordion_ie_support":"","advanced_seo_description":"","jetpack_seo_html_title":"","jetpack_seo_noindex":false,"footnotes":""},"wf_page_folders":[32307],"class_list":["post-1506","page","type-page","status-publish","has-post-thumbnail","hentry"],"translation":{"provider":"WPGlobus","version":"3.0.2","language":"it","enabled_languages":["en","de","it","es","fr","zh"],"languages":{"en":{"title":true,"content":true,"excerpt":false},"de":{"title":true,"content":true,"excerpt":false},"it":{"title":true,"content":true,"excerpt":false},"es":{"title":true,"content":true,"excerpt":false},"fr":{"title":true,"content":true,"excerpt":false},"zh":{"title":true,"content":true,"excerpt":false}}},"jetpack_likes_enabled":true,"jetpack_sharing_enabled":true,"jetpack_shortlink":"https:\/\/wp.me\/PaIsEW-oi","jetpack-related-posts":[{"id":1504,"url":"https:\/\/unicatexpeditionvehicles.com\/it\/modifications\/","url_meta":{"origin":1506,"position":0},"title":"Modifiche al telaio","author":"unicatexpeditionvehicles","date":"25\/02\/2019","format":false,"excerpt":"{:en} Once the suitable chassis has been selected, it is necessary to convert it into an expedition chassis through suitable modifications and additions, thus creating the basis for a successful overall vehicle.40 years of experience in converting chassis from different manufacturers and the knowledge of which changes make sense for\u2026","rel":"","context":"Articolo simile","block_context":{"text":"Articolo simile","link":""},"img":{"alt_text":"","src":"https:\/\/i0.wp.com\/unicatexpeditionvehicles.com\/wp-content\/uploads\/2021\/01\/Engineering-Chassis-Modification-01.jpeg?fit=1200%2C675&ssl=1&resize=350%2C200","width":350,"height":200,"srcset":"https:\/\/i0.wp.com\/unicatexpeditionvehicles.com\/wp-content\/uploads\/2021\/01\/Engineering-Chassis-Modification-01.jpeg?fit=1200%2C675&ssl=1&resize=350%2C200 1x, https:\/\/i0.wp.com\/unicatexpeditionvehicles.com\/wp-content\/uploads\/2021\/01\/Engineering-Chassis-Modification-01.jpeg?fit=1200%2C675&ssl=1&resize=525%2C300 1.5x, https:\/\/i0.wp.com\/unicatexpeditionvehicles.com\/wp-content\/uploads\/2021\/01\/Engineering-Chassis-Modification-01.jpeg?fit=1200%2C675&ssl=1&resize=700%2C400 2x, https:\/\/i0.wp.com\/unicatexpeditionvehicles.com\/wp-content\/uploads\/2021\/01\/Engineering-Chassis-Modification-01.jpeg?fit=1200%2C675&ssl=1&resize=1050%2C600 3x"},"classes":[]},{"id":5251,"url":"https:\/\/unicatexpeditionvehicles.com\/it\/tecnique-2\/","url_meta":{"origin":1506,"position":1},"title":"TECNIQUE","author":"unicatexpeditionvehicles","date":"07\/12\/2020","format":false,"excerpt":"https:\/\/youtu.be\/9M_0RPr8CME Windows - Doors and Locking systems https:\/\/youtu.be\/m6Cf_LSt9KQ Materials to build the body https:\/\/youtu.be\/jXleHey1v4A Windows - Doors and Locking systems https:\/\/youtu.be\/xh0P4frLmqwhttps:\/\/youtu.be\/eqi-lurACGA Materials to build the body https:\/\/youtu.be\/OfiPDApiTWY How we build the bodies https:\/\/youtu.be\/xh0P4frLmqw Windows https:\/\/youtu.be\/Sa3MeqZQCHA The marriage between the frame and the body https:\/\/youtu.be\/OCafP0fd3DA Preparation of a vehicle for shipping\u2026","rel":"","context":"Articolo simile","block_context":{"text":"Articolo simile","link":""},"img":{"alt_text":"","src":"https:\/\/i0.wp.com\/img.youtube.com\/vi\/9M_0RPr8CME\/0.jpg?resize=350%2C200","width":350,"height":200},"classes":[]},{"id":19644,"url":"https:\/\/unicatexpeditionvehicles.com\/it\/terracross-line\/","url_meta":{"origin":1506,"position":2},"title":"TERRACROSS","author":"unicatexpeditionvehicles","date":"24\/12\/2023","format":false,"excerpt":"{:en} Bodies in various sizes with proven and tested fixed floor plans and the appropriate technical equipment.Whether alone, as a couple or as a family, travel destination, infrastructure, terrain and also travel duration \u2026 all these are criteria that are ultimately decisive for the optimal vehicle.TERRACROSS implements these criteria and\u2026","rel":"","context":"Articolo simile","block_context":{"text":"Articolo simile","link":""},"img":{"alt_text":"","src":"https:\/\/i0.wp.com\/unicatexpeditionvehicles.com\/wp-content\/uploads\/2020\/12\/collage-TERRACROSS.jpg?resize=350%2C200&ssl=1","width":350,"height":200,"srcset":"https:\/\/i0.wp.com\/unicatexpeditionvehicles.com\/wp-content\/uploads\/2020\/12\/collage-TERRACROSS.jpg?resize=350%2C200&ssl=1 1x, https:\/\/i0.wp.com\/unicatexpeditionvehicles.com\/wp-content\/uploads\/2020\/12\/collage-TERRACROSS.jpg?resize=525%2C300&ssl=1 1.5x, https:\/\/i0.wp.com\/unicatexpeditionvehicles.com\/wp-content\/uploads\/2020\/12\/collage-TERRACROSS.jpg?resize=700%2C400&ssl=1 2x, https:\/\/i0.wp.com\/unicatexpeditionvehicles.com\/wp-content\/uploads\/2020\/12\/collage-TERRACROSS.jpg?resize=1050%2C600&ssl=1 3x"},"classes":[]},{"id":5487,"url":"https:\/\/unicatexpeditionvehicles.com\/it\/engineering\/","url_meta":{"origin":1506,"position":3},"title":"Ingegneria","author":"unicatexpeditionvehicles","date":"09\/12\/2020","format":false,"excerpt":"{:en} Designing and manufacturing of a UNICAT vehicle can easily be compared with building a house or a yacht.The requirements raised by your personal home preferences and lifestyle must be matched with the technical requirements of building a off-road capable vehicle.To offer safety and comfort, your vehicle has to withstand\u2026","rel":"","context":"Articolo simile","block_context":{"text":"Articolo simile","link":""},"img":{"alt_text":"","src":"https:\/\/i0.wp.com\/unicatexpeditionvehicles.com\/wp-content\/uploads\/2021\/01\/collage-CHASSIS.png?resize=350%2C200&ssl=1","width":350,"height":200,"srcset":"https:\/\/i0.wp.com\/unicatexpeditionvehicles.com\/wp-content\/uploads\/2021\/01\/collage-CHASSIS.png?resize=350%2C200&ssl=1 1x, https:\/\/i0.wp.com\/unicatexpeditionvehicles.com\/wp-content\/uploads\/2021\/01\/collage-CHASSIS.png?resize=525%2C300&ssl=1 1.5x, https:\/\/i0.wp.com\/unicatexpeditionvehicles.com\/wp-content\/uploads\/2021\/01\/collage-CHASSIS.png?resize=700%2C400&ssl=1 2x, https:\/\/i0.wp.com\/unicatexpeditionvehicles.com\/wp-content\/uploads\/2021\/01\/collage-CHASSIS.png?resize=1050%2C600&ssl=1 3x"},"classes":[]},{"id":10221,"url":"https:\/\/unicatexpeditionvehicles.com\/it\/md40hv-letech-6x6\/","url_meta":{"origin":1506,"position":4},"title":"MD40HV LETECH 6X6","author":"unicatexpeditionvehicles","date":"19\/02\/2021","format":false,"excerpt":"STEP1 STEP 2 CHASSIS ARRIVED STEP 3 BODY IS READY STEP 4 BODY INTERIOR WORKS STEP 5 CHASSIS MODIFICATION STEP 6 MARRIAGE STEP 7 FINISHING STEP 8 END OVER","rel":"","context":"Articolo simile","block_context":{"text":"Articolo simile","link":""},"img":{"alt_text":"","src":"","width":0,"height":0},"classes":[]},{"id":10178,"url":"https:\/\/unicatexpeditionvehicles.com\/it\/md60h-man-tgm-4x4\/","url_meta":{"origin":1506,"position":5},"title":"MD60H MAN TGM 4X4","author":"unicatexpeditionvehicles","date":"11\/02\/2021","format":false,"excerpt":"STEP1 STEP 2 CHASSIS ARRIVED STEP 3 BODY IS READY STEP 4 BODY INTERIOR WORKS STEP 5 CHASSIS MODIFICATION STEP 6 MARRIAGE STEP 7 FINISHING STEP 8 END OVER","rel":"","context":"Articolo simile","block_context":{"text":"Articolo simile","link":""},"img":{"alt_text":"","src":"","width":0,"height":0},"classes":[]}],"_links":{"self":[{"href":"https:\/\/unicatexpeditionvehicles.com\/it\/wp-json\/wp\/v2\/pages\/1506","targetHints":{"allow":["GET"]}}],"collection":[{"href":"https:\/\/unicatexpeditionvehicles.com\/it\/wp-json\/wp\/v2\/pages"}],"about":[{"href":"https:\/\/unicatexpeditionvehicles.com\/it\/wp-json\/wp\/v2\/types\/page"}],"author":[{"embeddable":true,"href":"https:\/\/unicatexpeditionvehicles.com\/it\/wp-json\/wp\/v2\/users\/152699510"}],"replies":[{"embeddable":true,"href":"https:\/\/unicatexpeditionvehicles.com\/it\/wp-json\/wp\/v2\/comments?post=1506"}],"version-history":[{"count":45,"href":"https:\/\/unicatexpeditionvehicles.com\/it\/wp-json\/wp\/v2\/pages\/1506\/revisions"}],"predecessor-version":[{"id":15934,"href":"https:\/\/unicatexpeditionvehicles.com\/it\/wp-json\/wp\/v2\/pages\/1506\/revisions\/15934"}],"wp:featuredmedia":[{"embeddable":true,"href":"https:\/\/unicatexpeditionvehicles.com\/it\/wp-json\/wp\/v2\/media\/8662"}],"wp:attachment":[{"href":"https:\/\/unicatexpeditionvehicles.com\/it\/wp-json\/wp\/v2\/media?parent=1506"}],"wp:term":[{"taxonomy":"wf_page_folders","embeddable":true,"href":"https:\/\/unicatexpeditionvehicles.com\/it\/wp-json\/wp\/v2\/wf_page_folders?post=1506"}],"curies":[{"name":"wp","href":"https:\/\/api.w.org\/{rel}","templated":true}]}}