{"id":8470,"date":"2021-01-05T11:22:24","date_gmt":"2021-01-05T10:22:24","guid":{"rendered":"https:\/\/unicatexpeditionvehicles.com\/?page_id=8470"},"modified":"2022-03-25T18:12:02","modified_gmt":"2022-03-25T17:12:02","slug":"resale","status":"publish","type":"page","link":"https:\/\/unicatexpeditionvehicles.com\/fr\/resale\/","title":{"rendered":"REVENTE"},"content":{"rendered":"\n<hr class=\"wp-block-separator is-style-wide\"\/>\n\n\n\n<p class=\"has-text-align-justify\">UNICAT est votre partenaire pour l&#8217;achat et la vente de v\u00e9hicules d&#8217;exp\u00e9dition Unicat d&#8217;occasion \u00e0 un prix avantageux.<br>C&#8217;est pourquoi la section <a href=\"https:\/\/unicatexpeditionvehicles.com\/second-hand\/\" data-type=\"page\" data-id=\"61\">SECOND HAND<\/a> du site web d&#8217;Unicat est disponible pour la revente de v\u00e9hicules d&#8217;exp\u00e9dition UNICAT d&#8217;occasion.<br>Apr\u00e8s avoir cr\u00e9\u00e9 un profil de vente complet, les acheteurs potentiels peuvent consulter les d\u00e9tails complets, les sp\u00e9cifications et les photos des v\u00e9hicules actuellement disponibles et de ceux qui ont \u00e9t\u00e9 vendus avec succ\u00e8s dans le pass\u00e9.<br>Le profil est non seulement publi\u00e9 dans la section consacr\u00e9e au march\u00e9 de notre site web, mais il est \u00e9galement mis \u00e0 la disposition de notre r\u00e9seau d&#8217;acheteurs potentiels.<br>Nos techniciens de service examinent votre v\u00e9hicule et font des recommandations pour le remettre dans un \u00e9tat techniquement parfait et visuellement attrayant.<br>Notre \u00e9quipe de vente experte expliquera et pr\u00e9sentera votre v\u00e9hicule \u00e0 des acheteurs potentiels.\u00a0<br>UNICAT s&#8217;occupera de la remise et veillera \u00e0 ce que le nouveau propri\u00e9taire b\u00e9n\u00e9ficie du m\u00eame niveau de service et d&#8217;assistance que lors de l&#8217;achat d&#8217;un v\u00e9hicule neuf UNICAT.<\/p>\n","protected":false},"excerpt":{"rendered":"<p>UNICAT est votre partenaire pour l&#8217;achat et la vente de v\u00e9hicules d&#8217;exp\u00e9dition Unicat d&#8217;occasion \u00e0 un prix avantageux.C&#8217;est pourquoi la section SECOND HAND du site web d&#8217;Unicat est disponible pour la revente de v\u00e9hicules d&#8217;exp\u00e9dition UNICAT d&#8217;occasion.Apr\u00e8s avoir cr\u00e9\u00e9 un profil de vente complet, les acheteurs potentiels peuvent consulter les d\u00e9tails complets, les sp\u00e9cifications et &hellip; <a href=\"https:\/\/unicatexpeditionvehicles.com\/fr\/resale\/\" class=\"more-link\">Lire la suite <span class=\"screen-reader-text\">REVENTE<\/span> <span class=\"meta-nav\">&rarr;<\/span><\/a><\/p>\n","protected":false},"author":152699510,"featured_media":2598,"parent":0,"menu_order":0,"comment_status":"closed","ping_status":"closed","template":"templates\/testimonial-page.php","meta":{"_coblocks_attr":"","_coblocks_dimensions":"{\"coblocks-hero-102494117973\":{\"padding\":{}}}","_coblocks_responsive_height":"{\"coblocks-shape-divider-102493656211\":{\"shapeHeight\":{\"height\":20},\"backgroundHeight\":{\"height\":21}}}","_coblocks_accordion_ie_support":"","advanced_seo_description":"SERVICE - RESALE\n\nUNICAT will be your partner for buying and selling pre-loved Unicat expedition vehicles at a fare price.\n\nTherefore, the SECOND HAND area of the Unicat website is available for re-homing of used UNICAT expedition vehicles.\nAfter preparing a comprehensive sales profile, potential buyers can browse the complete details, specifications and photographs of the vehicles currently available and of those we have successfully sold in the past.\nThe profile will not only be published in the market area of our website but also made available to our network of prospective buyers.\n\nOur service technicians will check your vehicle and make recommendations to get the vehicle in a technically perfect and visually appealing condition.\n\nOur knowledgeable sales team will explain and demonstrate your vehicle to potential buyers.\u00a0\n\nUNICAT will take care of the handover and will make sure that the new owner will receive the same high level of service and support as if buying a new UNICAT vehicle.","jetpack_seo_html_title":"","jetpack_seo_noindex":false,"footnotes":""},"wf_page_folders":[32308],"class_list":["post-8470","page","type-page","status-publish","has-post-thumbnail","hentry"],"translation":{"provider":"WPGlobus","version":"3.0.2","language":"fr","enabled_languages":["en","de","it","es","fr","zh"],"languages":{"en":{"title":true,"content":true,"excerpt":false},"de":{"title":true,"content":true,"excerpt":false},"it":{"title":true,"content":true,"excerpt":false},"es":{"title":true,"content":true,"excerpt":false},"fr":{"title":true,"content":true,"excerpt":false},"zh":{"title":true,"content":true,"excerpt":false}}},"jetpack_likes_enabled":false,"jetpack_sharing_enabled":false,"jetpack_shortlink":"https:\/\/wp.me\/PaIsEW-2cC","jetpack-related-posts":[{"id":9065,"url":"https:\/\/unicatexpeditionvehicles.com\/fr\/riton-and-ruth-grab\/","url_meta":{"origin":8470,"position":0},"title":"Riton and Ruth GRAB","author":"unicatexpeditionvehicles","date":"17\/01\/2021","format":false,"excerpt":"Why an expedition vehicle?I felt adventurous even when I was young. My friends and I, crowded in a Jeep (with a tent and gas cooker), toured remote and romantic areas away from main tourist attractions. But I could not inspire my wife to this kind of vacationing.\u00a0Then, a few years\u2026","rel":"","context":"Article similaire","block_context":{"text":"Article similaire","link":""},"img":{"alt_text":"","src":"https:\/\/i0.wp.com\/unicatexpeditionvehicles.com\/wp-content\/uploads\/2021\/01\/EX58HD-MAN-TGA-4X4-51.jpeg?fit=1200%2C556&ssl=1&resize=350%2C200","width":350,"height":200,"srcset":"https:\/\/i0.wp.com\/unicatexpeditionvehicles.com\/wp-content\/uploads\/2021\/01\/EX58HD-MAN-TGA-4X4-51.jpeg?fit=1200%2C556&ssl=1&resize=350%2C200 1x, https:\/\/i0.wp.com\/unicatexpeditionvehicles.com\/wp-content\/uploads\/2021\/01\/EX58HD-MAN-TGA-4X4-51.jpeg?fit=1200%2C556&ssl=1&resize=525%2C300 1.5x, https:\/\/i0.wp.com\/unicatexpeditionvehicles.com\/wp-content\/uploads\/2021\/01\/EX58HD-MAN-TGA-4X4-51.jpeg?fit=1200%2C556&ssl=1&resize=700%2C400 2x, https:\/\/i0.wp.com\/unicatexpeditionvehicles.com\/wp-content\/uploads\/2021\/01\/EX58HD-MAN-TGA-4X4-51.jpeg?fit=1200%2C556&ssl=1&resize=1050%2C600 3x"},"classes":[]},{"id":22807,"url":"https:\/\/unicatexpeditionvehicles.com\/fr\/","url_meta":{"origin":8470,"position":1},"title":"THIS IS UNICAT","author":"unicatexpeditionvehicles","date":"03\/08\/2025","format":false,"excerpt":"{:en} THIS IS UNICAT https:\/\/videopress.com\/v\/k5TYRDiv?resizeToParent=true&cover=true&autoPlay=true&controls=false&loop=true&posterUrl=https%3A%2F%2Funicatexpeditionvehicles.com%2Fwp-content%2Fuploads%2F2025%2F06%2Fpromo_mp4_vp9_2160p.original.jpg&preloadContent=metadata&useAverageColor=true LAST NEWS ALL NEWS --> PREOWNED TC78 Family Suite MAN TGS 6x6x4\u00a01.400.000 \u20ac EX45 HD UNIMOG U5000\u00a0390.000 \u20ac ALL PREOWNED --> EXPEDITION VEHICLES' LINES OUR CLIENT AROUND THE WORLD GALLERY --> LAST VIDEOS https:\/\/youtu.be\/FVXOVemzMDI?si=tzyHOnqE1UbuZfd1 . https:\/\/youtu.be\/l28CgqnfoQk?si=O13ZwBtBaI-q7DwZ . https:\/\/youtu.be\/g89kVB1CcD4?si=55vzLtH09cvrJj96 ALL VIDEOS --> Enter your email address\u2026","rel":"","context":"Article similaire","block_context":{"text":"Article similaire","link":""},"img":{"alt_text":"","src":"https:\/\/i0.wp.com\/unicatexpeditionvehicles.com\/wp-content\/uploads\/2025\/01\/TC783h-MAN-TGS-6x6x4-CC-a00-1-2.jpeg?resize=350%2C200&ssl=1","width":350,"height":200,"srcset":"https:\/\/i0.wp.com\/unicatexpeditionvehicles.com\/wp-content\/uploads\/2025\/01\/TC783h-MAN-TGS-6x6x4-CC-a00-1-2.jpeg?resize=350%2C200&ssl=1 1x, https:\/\/i0.wp.com\/unicatexpeditionvehicles.com\/wp-content\/uploads\/2025\/01\/TC783h-MAN-TGS-6x6x4-CC-a00-1-2.jpeg?resize=525%2C300&ssl=1 1.5x, https:\/\/i0.wp.com\/unicatexpeditionvehicles.com\/wp-content\/uploads\/2025\/01\/TC783h-MAN-TGS-6x6x4-CC-a00-1-2.jpeg?resize=700%2C400&ssl=1 2x, https:\/\/i0.wp.com\/unicatexpeditionvehicles.com\/wp-content\/uploads\/2025\/01\/TC783h-MAN-TGS-6x6x4-CC-a00-1-2.jpeg?resize=1050%2C600&ssl=1 3x, https:\/\/i0.wp.com\/unicatexpeditionvehicles.com\/wp-content\/uploads\/2025\/01\/TC783h-MAN-TGS-6x6x4-CC-a00-1-2.jpeg?resize=1400%2C800&ssl=1 4x"},"classes":[]},{"id":9261,"url":"https:\/\/unicatexpeditionvehicles.com\/fr\/maryse-and-albert-wildgen\/","url_meta":{"origin":8470,"position":2},"title":"MARYSE AND ALBERT WILDGEN","author":"unicatexpeditionvehicles","date":"18\/01\/2021","format":false,"excerpt":"December 2004We are the proud owners of an expedition vehicle on a MAN TGA 6x6 chassis.\u00a0We are enthusiastic African travelers and have chosen a route that is not quite so easy for our first tour: Tunisia, Libya, Nigeria, Burkina Faso, and Ghana.After more than 9,000 kilometers, we are completely awed\u2026","rel":"","context":"Article similaire","block_context":{"text":"Article similaire","link":""},"img":{"alt_text":"","src":"https:\/\/i0.wp.com\/unicatexpeditionvehicles.com\/wp-content\/uploads\/2021\/01\/MaFreedRelax.jpg?fit=1200%2C782&ssl=1&resize=350%2C200","width":350,"height":200,"srcset":"https:\/\/i0.wp.com\/unicatexpeditionvehicles.com\/wp-content\/uploads\/2021\/01\/MaFreedRelax.jpg?fit=1200%2C782&ssl=1&resize=350%2C200 1x, https:\/\/i0.wp.com\/unicatexpeditionvehicles.com\/wp-content\/uploads\/2021\/01\/MaFreedRelax.jpg?fit=1200%2C782&ssl=1&resize=525%2C300 1.5x, https:\/\/i0.wp.com\/unicatexpeditionvehicles.com\/wp-content\/uploads\/2021\/01\/MaFreedRelax.jpg?fit=1200%2C782&ssl=1&resize=700%2C400 2x, https:\/\/i0.wp.com\/unicatexpeditionvehicles.com\/wp-content\/uploads\/2021\/01\/MaFreedRelax.jpg?fit=1200%2C782&ssl=1&resize=1050%2C600 3x"},"classes":[]},{"id":28,"url":"https:\/\/unicatexpeditionvehicles.com\/fr\/philosophy\/","url_meta":{"origin":8470,"position":3},"title":"Philosophie","author":"unicatexpeditionvehicles","date":"27\/10\/2018","format":false,"excerpt":"{:en} At UNICAT, we have one mission:To build expedition vehicles that deliver\u00a0absolute safety, ultimate comfort, and unstoppable reliability\u00a0\u2014 no matter how wild the journey gets. For over 40 years, we\u2019ve been\u00a0pioneers of innovation, setting new standards in expedition travel. Decades of experience have taught us that true adventure demands more\u2026","rel":"","context":"Article similaire","block_context":{"text":"Article similaire","link":""},"img":{"alt_text":"","src":"https:\/\/i0.wp.com\/unicatexpeditionvehicles.com\/wp-content\/uploads\/2019\/02\/KATI-thr-3-e1550683832822.jpg?fit=1200%2C675&ssl=1&resize=350%2C200","width":350,"height":200,"srcset":"https:\/\/i0.wp.com\/unicatexpeditionvehicles.com\/wp-content\/uploads\/2019\/02\/KATI-thr-3-e1550683832822.jpg?fit=1200%2C675&ssl=1&resize=350%2C200 1x, https:\/\/i0.wp.com\/unicatexpeditionvehicles.com\/wp-content\/uploads\/2019\/02\/KATI-thr-3-e1550683832822.jpg?fit=1200%2C675&ssl=1&resize=525%2C300 1.5x, https:\/\/i0.wp.com\/unicatexpeditionvehicles.com\/wp-content\/uploads\/2019\/02\/KATI-thr-3-e1550683832822.jpg?fit=1200%2C675&ssl=1&resize=700%2C400 2x, https:\/\/i0.wp.com\/unicatexpeditionvehicles.com\/wp-content\/uploads\/2019\/02\/KATI-thr-3-e1550683832822.jpg?fit=1200%2C675&ssl=1&resize=1050%2C600 3x"},"classes":[]},{"id":4234,"url":"https:\/\/unicatexpeditionvehicles.com\/fr\/individual-4x4-2\/","url_meta":{"origin":8470,"position":4},"title":"Individual 4X4","author":"unicatexpeditionvehicles","date":"03\/12\/2020","format":false,"excerpt":"{:en} MD58HV FAMILY MB ZETROS 4X4 MD67H MAN TGM 4X4 MD63HV MB ZETROS 4X4 MD60H MAN TGM 4X4 MD57 MB AXOR 4X4 MD57 VOLVO FM12 CL36 IVECO DAILY 4X4 EX37 IVECO DAILY 4X4 HANDICAPPED 48 MD54 PICKUP COMFORT INT'L IN57P MAN TGM 4X4 EX58HD MAN TGA 4X4 IN63HD VOLVO FH12by\u2026","rel":"","context":"Article similaire","block_context":{"text":"Article similaire","link":""},"img":{"alt_text":"","src":"https:\/\/i0.wp.com\/unicatexpeditionvehicles.com\/wp-content\/uploads\/2020\/12\/INDIVIDUAL4X4.jpg?fit=1200%2C675&ssl=1&resize=350%2C200","width":350,"height":200,"srcset":"https:\/\/i0.wp.com\/unicatexpeditionvehicles.com\/wp-content\/uploads\/2020\/12\/INDIVIDUAL4X4.jpg?fit=1200%2C675&ssl=1&resize=350%2C200 1x, https:\/\/i0.wp.com\/unicatexpeditionvehicles.com\/wp-content\/uploads\/2020\/12\/INDIVIDUAL4X4.jpg?fit=1200%2C675&ssl=1&resize=525%2C300 1.5x, https:\/\/i0.wp.com\/unicatexpeditionvehicles.com\/wp-content\/uploads\/2020\/12\/INDIVIDUAL4X4.jpg?fit=1200%2C675&ssl=1&resize=700%2C400 2x, https:\/\/i0.wp.com\/unicatexpeditionvehicles.com\/wp-content\/uploads\/2020\/12\/INDIVIDUAL4X4.jpg?fit=1200%2C675&ssl=1&resize=1050%2C600 3x"},"classes":[]},{"id":8474,"url":"https:\/\/unicatexpeditionvehicles.com\/fr\/renewal\/","url_meta":{"origin":8470,"position":5},"title":"Modernisation","author":"unicatexpeditionvehicles","date":"05\/01\/2021","format":false,"excerpt":"{:en} UNICAT is not only a manufacturer of high-quality expedition vehicles but also understands itself as a reliable partner for all UNICAT owners, regardless of whether they have purchased their vehicle new, second-hand or third-hand. Considering the unusually long lifespan of a UNICAT vehicle, it makes sense to modernize a\u2026","rel":"","context":"Article similaire","block_context":{"text":"Article similaire","link":""},"img":{"alt_text":"","src":"https:\/\/i0.wp.com\/unicatexpeditionvehicles.com\/wp-content\/uploads\/2021\/01\/volvo-prima-e-dopo.jpg?fit=1200%2C675&ssl=1&resize=350%2C200","width":350,"height":200,"srcset":"https:\/\/i0.wp.com\/unicatexpeditionvehicles.com\/wp-content\/uploads\/2021\/01\/volvo-prima-e-dopo.jpg?fit=1200%2C675&ssl=1&resize=350%2C200 1x, https:\/\/i0.wp.com\/unicatexpeditionvehicles.com\/wp-content\/uploads\/2021\/01\/volvo-prima-e-dopo.jpg?fit=1200%2C675&ssl=1&resize=525%2C300 1.5x, https:\/\/i0.wp.com\/unicatexpeditionvehicles.com\/wp-content\/uploads\/2021\/01\/volvo-prima-e-dopo.jpg?fit=1200%2C675&ssl=1&resize=700%2C400 2x, https:\/\/i0.wp.com\/unicatexpeditionvehicles.com\/wp-content\/uploads\/2021\/01\/volvo-prima-e-dopo.jpg?fit=1200%2C675&ssl=1&resize=1050%2C600 3x"},"classes":[]}],"_links":{"self":[{"href":"https:\/\/unicatexpeditionvehicles.com\/fr\/wp-json\/wp\/v2\/pages\/8470","targetHints":{"allow":["GET"]}}],"collection":[{"href":"https:\/\/unicatexpeditionvehicles.com\/fr\/wp-json\/wp\/v2\/pages"}],"about":[{"href":"https:\/\/unicatexpeditionvehicles.com\/fr\/wp-json\/wp\/v2\/types\/page"}],"author":[{"embeddable":true,"href":"https:\/\/unicatexpeditionvehicles.com\/fr\/wp-json\/wp\/v2\/users\/152699510"}],"replies":[{"embeddable":true,"href":"https:\/\/unicatexpeditionvehicles.com\/fr\/wp-json\/wp\/v2\/comments?post=8470"}],"version-history":[{"count":30,"href":"https:\/\/unicatexpeditionvehicles.com\/fr\/wp-json\/wp\/v2\/pages\/8470\/revisions"}],"predecessor-version":[{"id":15805,"href":"https:\/\/unicatexpeditionvehicles.com\/fr\/wp-json\/wp\/v2\/pages\/8470\/revisions\/15805"}],"wp:featuredmedia":[{"embeddable":true,"href":"https:\/\/unicatexpeditionvehicles.com\/fr\/wp-json\/wp\/v2\/media\/2598"}],"wp:attachment":[{"href":"https:\/\/unicatexpeditionvehicles.com\/fr\/wp-json\/wp\/v2\/media?parent=8470"}],"wp:term":[{"taxonomy":"wf_page_folders","embeddable":true,"href":"https:\/\/unicatexpeditionvehicles.com\/fr\/wp-json\/wp\/v2\/wf_page_folders?post=8470"}],"curies":[{"name":"wp","href":"https:\/\/api.w.org\/{rel}","templated":true}]}}