{"id":8062,"date":"2021-01-02T14:48:58","date_gmt":"2021-01-02T13:48:58","guid":{"rendered":"https:\/\/unicatexpeditionvehicles.com\/?page_id=8062"},"modified":"2022-03-29T02:22:20","modified_gmt":"2022-03-29T01:22:20","slug":"ecomobile","status":"publish","type":"page","link":"https:\/\/unicatexpeditionvehicles.com\/fr\/ecomobile\/","title":{"rendered":"ECOMOBILE"},"content":{"rendered":"\n<hr class=\"wp-block-separator is-style-wide\"\/>\n\n\n\n<div class=\"wp-block-image coblocks-animate\" data-coblocks-animation=\"fadeIn\"><figure class=\"aligncenter size-large\"><img data-recalc-dims=\"1\" loading=\"lazy\" decoding=\"async\" width=\"700\" height=\"394\" data-attachment-id=\"8082\" data-permalink=\"https:\/\/unicatexpeditionvehicles.com\/fr\/ecomobile-20\/\" data-orig-file=\"https:\/\/i0.wp.com\/unicatexpeditionvehicles.com\/wp-content\/uploads\/2021\/01\/ECOMOBILE-20-e1609595255616.jpeg?fit=1280%2C720&amp;ssl=1\" data-orig-size=\"1280,720\" data-comments-opened=\"1\" data-image-meta=\"{&quot;aperture&quot;:&quot;5.8&quot;,&quot;credit&quot;:&quot;&quot;,&quot;camera&quot;:&quot;E990&quot;,&quot;caption&quot;:&quot;&quot;,&quot;created_timestamp&quot;:&quot;946681200&quot;,&quot;copyright&quot;:&quot;&quot;,&quot;focal_length&quot;:&quot;12.8&quot;,&quot;iso&quot;:&quot;100&quot;,&quot;shutter_speed&quot;:&quot;0.0051921079958463&quot;,&quot;title&quot;:&quot;&quot;,&quot;orientation&quot;:&quot;1&quot;}\" data-image-title=\"ECOMOBILE &amp;#8211; 20\" data-image-description=\"\" data-image-caption=\"\" data-large-file=\"https:\/\/i0.wp.com\/unicatexpeditionvehicles.com\/wp-content\/uploads\/2021\/01\/ECOMOBILE-20-e1609595255616.jpeg?fit=700%2C394&amp;ssl=1\" src=\"https:\/\/i0.wp.com\/unicatexpeditionvehicles.com\/wp-content\/uploads\/2021\/01\/ECOMOBILE-20-e1609595255616-1024x576.jpeg?resize=700%2C394&#038;ssl=1\" alt=\"\" class=\"wp-image-8082\" srcset=\"https:\/\/i0.wp.com\/unicatexpeditionvehicles.com\/wp-content\/uploads\/2021\/01\/ECOMOBILE-20-e1609595255616.jpeg?resize=1024%2C576&amp;ssl=1 1024w, https:\/\/i0.wp.com\/unicatexpeditionvehicles.com\/wp-content\/uploads\/2021\/01\/ECOMOBILE-20-e1609595255616.jpeg?resize=300%2C169&amp;ssl=1 300w, https:\/\/i0.wp.com\/unicatexpeditionvehicles.com\/wp-content\/uploads\/2021\/01\/ECOMOBILE-20-e1609595255616.jpeg?resize=768%2C432&amp;ssl=1 768w, https:\/\/i0.wp.com\/unicatexpeditionvehicles.com\/wp-content\/uploads\/2021\/01\/ECOMOBILE-20-e1609595255616.jpeg?resize=1200%2C675&amp;ssl=1 1200w, https:\/\/i0.wp.com\/unicatexpeditionvehicles.com\/wp-content\/uploads\/2021\/01\/ECOMOBILE-20-e1609595255616.jpeg?resize=700%2C394&amp;ssl=1 700w, https:\/\/i0.wp.com\/unicatexpeditionvehicles.com\/wp-content\/uploads\/2021\/01\/ECOMOBILE-20-e1609595255616.jpeg?resize=711%2C400&amp;ssl=1 711w, https:\/\/i0.wp.com\/unicatexpeditionvehicles.com\/wp-content\/uploads\/2021\/01\/ECOMOBILE-20-e1609595255616.jpeg?w=1280&amp;ssl=1 1280w\" sizes=\"auto, (max-width: 700px) 100vw, 700px\" \/><\/figure><\/div>\n\n\n\n<div class=\"wp-block-columns are-vertically-aligned-center is-layout-flex wp-container-core-columns-is-layout-9d6595d7 wp-block-columns-is-layout-flex\">\n<div class=\"wp-block-column is-vertically-aligned-center is-layout-flow wp-block-column-is-layout-flow\">\n<div class=\"wp-block-image is-style-default\"><figure class=\"aligncenter size-large is-resized\"><a href=\"https:\/\/unicatexpeditionvehicles.com\/ecomobile\/ecomobile-gallery\/\" target=\"_blank\" rel=\"noopener\"><img data-recalc-dims=\"1\" loading=\"lazy\" decoding=\"async\" data-attachment-id=\"7082\" data-permalink=\"https:\/\/unicatexpeditionvehicles.com\/fr\/kisspng-computer-icons-camera-photography-clip-art-photo-camera-5ac7fda70796c4-1376665315230560390311\/\" data-orig-file=\"https:\/\/i0.wp.com\/unicatexpeditionvehicles.com\/wp-content\/uploads\/2020\/12\/kisspng-computer-icons-camera-photography-clip-art-photo-camera-5ac7fda70796c4.1376665315230560390311.png?fit=512%2C512&amp;ssl=1\" data-orig-size=\"512,512\" data-comments-opened=\"1\" data-image-meta=\"{&quot;aperture&quot;:&quot;0&quot;,&quot;credit&quot;:&quot;&quot;,&quot;camera&quot;:&quot;&quot;,&quot;caption&quot;:&quot;&quot;,&quot;created_timestamp&quot;:&quot;0&quot;,&quot;copyright&quot;:&quot;&quot;,&quot;focal_length&quot;:&quot;0&quot;,&quot;iso&quot;:&quot;0&quot;,&quot;shutter_speed&quot;:&quot;0&quot;,&quot;title&quot;:&quot;&quot;,&quot;orientation&quot;:&quot;0&quot;}\" data-image-title=\"kisspng-computer-icons-camera-photography-clip-art-photo-camera-5ac7fda70796c4.1376665315230560390311\" data-image-description=\"\" data-image-caption=\"\" data-large-file=\"https:\/\/i0.wp.com\/unicatexpeditionvehicles.com\/wp-content\/uploads\/2020\/12\/kisspng-computer-icons-camera-photography-clip-art-photo-camera-5ac7fda70796c4.1376665315230560390311.png?fit=512%2C512&amp;ssl=1\" src=\"https:\/\/i0.wp.com\/unicatexpeditionvehicles.com\/wp-content\/uploads\/2020\/12\/kisspng-computer-icons-camera-photography-clip-art-photo-camera-5ac7fda70796c4.1376665315230560390311.png?resize=45%2C45&#038;ssl=1\" alt=\"\" class=\"wp-image-7082\" width=\"45\" height=\"45\" srcset=\"https:\/\/i0.wp.com\/unicatexpeditionvehicles.com\/wp-content\/uploads\/2020\/12\/kisspng-computer-icons-camera-photography-clip-art-photo-camera-5ac7fda70796c4.1376665315230560390311.png?w=512&amp;ssl=1 512w, https:\/\/i0.wp.com\/unicatexpeditionvehicles.com\/wp-content\/uploads\/2020\/12\/kisspng-computer-icons-camera-photography-clip-art-photo-camera-5ac7fda70796c4.1376665315230560390311.png?resize=300%2C300&amp;ssl=1 300w, https:\/\/i0.wp.com\/unicatexpeditionvehicles.com\/wp-content\/uploads\/2020\/12\/kisspng-computer-icons-camera-photography-clip-art-photo-camera-5ac7fda70796c4.1376665315230560390311.png?resize=150%2C150&amp;ssl=1 150w, https:\/\/i0.wp.com\/unicatexpeditionvehicles.com\/wp-content\/uploads\/2020\/12\/kisspng-computer-icons-camera-photography-clip-art-photo-camera-5ac7fda70796c4.1376665315230560390311.png?resize=400%2C400&amp;ssl=1 400w, https:\/\/i0.wp.com\/unicatexpeditionvehicles.com\/wp-content\/uploads\/2020\/12\/kisspng-computer-icons-camera-photography-clip-art-photo-camera-5ac7fda70796c4.1376665315230560390311.png?resize=200%2C200&amp;ssl=1 200w, https:\/\/i0.wp.com\/unicatexpeditionvehicles.com\/wp-content\/uploads\/2020\/12\/kisspng-computer-icons-camera-photography-clip-art-photo-camera-5ac7fda70796c4.1376665315230560390311.png?resize=100%2C100&amp;ssl=1 100w, https:\/\/i0.wp.com\/unicatexpeditionvehicles.com\/wp-content\/uploads\/2020\/12\/kisspng-computer-icons-camera-photography-clip-art-photo-camera-5ac7fda70796c4.1376665315230560390311.png?resize=50%2C50&amp;ssl=1 50w\" sizes=\"auto, (max-width: 45px) 100vw, 45px\" \/><\/a><\/figure><\/div>\n<\/div>\n<\/div>\n\n\n\n<hr class=\"wp-block-separator is-style-wide\"\/>\n\n\n\n<div class=\"wp-block-coblocks-accordion\"><\/div>\n\n\n<p style=\"text-align: justify;\"><b>Specification<\/b><\/p>\n<ul type=\"square\">\n<li>Type of vehicle: education vehicle<\/li>\n<li>Chassis: Mercedes-Benz 814<\/li>\n<li>Engine performance: 100 kW (136 hp)<\/li>\n<li>GVWR: 7,490 kg (16,508 lbs)<\/li>\n<li>Dimensions total: 352.8 x 98.4 x 129.9 inch<\/li>\n<li>Dimensions of body: 283.1 x 98.4 x 92.7 inch<\/li>\n<\/ul>\n<p style=\"text-align: justify;\"><b>Remarks<\/b><\/p>\n<ul type=\"square\">\n<li>Seats for 30 people<\/li>\n<li>6 tables<\/li>\n<li>Sink with water tank<\/li>\n<li>Seperate outside water system<\/li>\n<li>Diesel powered floor heating system<\/li>\n<li>Overhead beamer<\/li>\n<li>12 solar panels each 55W<\/li>\n<li>4 x AGM-batteries each 255Ah<\/li>\n<li>Battery charger and inverter<\/li>\n<li>Sound system<\/li>\n<li>2 entrance doors with windows<\/li>\n<li>2 roof hatches<\/li>\n<li>7 sliding windows<\/li>\n<li>4 outside storage boxes<\/li>\n<li>Mechanical stabiliser jacks for body<\/li>\n<\/ul>\n\n\n<div class=\"wp-block-columns are-vertically-aligned-center is-layout-flex wp-container-core-columns-is-layout-9d6595d7 wp-block-columns-is-layout-flex\">\n<div class=\"wp-block-column is-vertically-aligned-center is-layout-flow wp-block-column-is-layout-flow\">\n<div class=\"wp-block-image is-style-default\"><figure class=\"aligncenter size-large is-resized\"><a href=\"https:\/\/unicatexpeditionvehicles.com\/2018\/03\/01\/professional-ecomobile\/\" target=\"_blank\" rel=\"noopener\"><img data-recalc-dims=\"1\" loading=\"lazy\" decoding=\"async\" data-attachment-id=\"7082\" data-permalink=\"https:\/\/unicatexpeditionvehicles.com\/fr\/kisspng-computer-icons-camera-photography-clip-art-photo-camera-5ac7fda70796c4-1376665315230560390311\/\" data-orig-file=\"https:\/\/i0.wp.com\/unicatexpeditionvehicles.com\/wp-content\/uploads\/2020\/12\/kisspng-computer-icons-camera-photography-clip-art-photo-camera-5ac7fda70796c4.1376665315230560390311.png?fit=512%2C512&amp;ssl=1\" data-orig-size=\"512,512\" data-comments-opened=\"1\" data-image-meta=\"{&quot;aperture&quot;:&quot;0&quot;,&quot;credit&quot;:&quot;&quot;,&quot;camera&quot;:&quot;&quot;,&quot;caption&quot;:&quot;&quot;,&quot;created_timestamp&quot;:&quot;0&quot;,&quot;copyright&quot;:&quot;&quot;,&quot;focal_length&quot;:&quot;0&quot;,&quot;iso&quot;:&quot;0&quot;,&quot;shutter_speed&quot;:&quot;0&quot;,&quot;title&quot;:&quot;&quot;,&quot;orientation&quot;:&quot;0&quot;}\" data-image-title=\"kisspng-computer-icons-camera-photography-clip-art-photo-camera-5ac7fda70796c4.1376665315230560390311\" data-image-description=\"\" data-image-caption=\"\" data-large-file=\"https:\/\/i0.wp.com\/unicatexpeditionvehicles.com\/wp-content\/uploads\/2020\/12\/kisspng-computer-icons-camera-photography-clip-art-photo-camera-5ac7fda70796c4.1376665315230560390311.png?fit=512%2C512&amp;ssl=1\" src=\"https:\/\/i0.wp.com\/unicatexpeditionvehicles.com\/wp-content\/uploads\/2020\/12\/kisspng-computer-icons-camera-photography-clip-art-photo-camera-5ac7fda70796c4.1376665315230560390311.png?resize=45%2C45&#038;ssl=1\" alt=\"\" class=\"wp-image-7082\" width=\"45\" height=\"45\" srcset=\"https:\/\/i0.wp.com\/unicatexpeditionvehicles.com\/wp-content\/uploads\/2020\/12\/kisspng-computer-icons-camera-photography-clip-art-photo-camera-5ac7fda70796c4.1376665315230560390311.png?w=512&amp;ssl=1 512w, https:\/\/i0.wp.com\/unicatexpeditionvehicles.com\/wp-content\/uploads\/2020\/12\/kisspng-computer-icons-camera-photography-clip-art-photo-camera-5ac7fda70796c4.1376665315230560390311.png?resize=300%2C300&amp;ssl=1 300w, https:\/\/i0.wp.com\/unicatexpeditionvehicles.com\/wp-content\/uploads\/2020\/12\/kisspng-computer-icons-camera-photography-clip-art-photo-camera-5ac7fda70796c4.1376665315230560390311.png?resize=150%2C150&amp;ssl=1 150w, https:\/\/i0.wp.com\/unicatexpeditionvehicles.com\/wp-content\/uploads\/2020\/12\/kisspng-computer-icons-camera-photography-clip-art-photo-camera-5ac7fda70796c4.1376665315230560390311.png?resize=400%2C400&amp;ssl=1 400w, https:\/\/i0.wp.com\/unicatexpeditionvehicles.com\/wp-content\/uploads\/2020\/12\/kisspng-computer-icons-camera-photography-clip-art-photo-camera-5ac7fda70796c4.1376665315230560390311.png?resize=200%2C200&amp;ssl=1 200w, https:\/\/i0.wp.com\/unicatexpeditionvehicles.com\/wp-content\/uploads\/2020\/12\/kisspng-computer-icons-camera-photography-clip-art-photo-camera-5ac7fda70796c4.1376665315230560390311.png?resize=100%2C100&amp;ssl=1 100w, https:\/\/i0.wp.com\/unicatexpeditionvehicles.com\/wp-content\/uploads\/2020\/12\/kisspng-computer-icons-camera-photography-clip-art-photo-camera-5ac7fda70796c4.1376665315230560390311.png?resize=50%2C50&amp;ssl=1 50w\" sizes=\"auto, (max-width: 45px) 100vw, 45px\" \/><\/a><\/figure><\/div>\n<\/div>\n<\/div>\n","protected":false},"excerpt":{"rendered":"<p>Specification Type of vehicle: education vehicle Chassis: Mercedes-Benz 814 Engine performance: 100 kW (136 hp) GVWR: 7,490 kg (16,508 lbs) Dimensions total: 352.8 x 98.4 x 129.9 inch Dimensions of body: 283.1 x 98.4 x 92.7 inch Remarks Seats for 30 people 6 tables Sink with water tank Seperate outside water system Diesel powered floor &hellip; <a href=\"https:\/\/unicatexpeditionvehicles.com\/fr\/ecomobile\/\" class=\"more-link\">Lire la suite <span class=\"screen-reader-text\">ECOMOBILE<\/span> <span class=\"meta-nav\">&rarr;<\/span><\/a><\/p>\n","protected":false},"author":152699510,"featured_media":8084,"parent":0,"menu_order":0,"comment_status":"closed","ping_status":"closed","template":"","meta":{"_coblocks_attr":"","_coblocks_dimensions":"","_coblocks_responsive_height":"","_coblocks_accordion_ie_support":"","advanced_seo_description":"Specification\nType of vehicle: education vehicle\nChassis: Mercedes-Benz 814\nEngine performance: 100 kW (136 hp)\nGVWR: 7,490 kg (16,508 lbs)\nDimensions total: 352.8 x 98.4 x 129.9 inch\nDimensions of body: 283.1 x 98.4 x 92.7 inch\nRemarks\nSeats for 30 people\n6 tables\nSink with water tank\nSeperate outside water system\nDiesel powered floor heating system\nOverhead beamer\n12 solar panels each 55W\n4 x AGM-batteries each 255Ah\nBattery charger and inverter\nSound system\n2 entrance doors with windows\n2 roof hatches\n7 sliding windows\n4 outside storage boxes\nMechanical stabiliser jacks for body","jetpack_seo_html_title":"","jetpack_seo_noindex":false,"footnotes":""},"wf_page_folders":[32305],"class_list":["post-8062","page","type-page","status-publish","has-post-thumbnail","hentry"],"translation":{"provider":"WPGlobus","version":"3.0.2","language":"fr","enabled_languages":["en","de","it","es","fr","zh"],"languages":{"en":{"title":true,"content":true,"excerpt":false},"de":{"title":true,"content":true,"excerpt":false},"it":{"title":false,"content":false,"excerpt":false},"es":{"title":false,"content":false,"excerpt":false},"fr":{"title":false,"content":false,"excerpt":false},"zh":{"title":true,"content":true,"excerpt":false}}},"jetpack_likes_enabled":true,"jetpack_sharing_enabled":true,"jetpack_shortlink":"https:\/\/wp.me\/PaIsEW-262","jetpack-related-posts":[{"id":4197,"url":"https:\/\/unicatexpeditionvehicles.com\/fr\/professional\/","url_meta":{"origin":8062,"position":0},"title":"PROFESSIONAL","author":"unicatexpeditionvehicles","date":"03\/12\/2020","format":false,"excerpt":"{:en} Vehicle concepts that meet very special requirements and offer absolute reliability and maximum benefit under all conditions - even in professional use, it is about crossing borders, innovations, quality and reliability.Regardless of whether a research team, doctors or a film team is in rough terrain, a global brand on\u2026","rel":"","context":"Article similaire","block_context":{"text":"Article similaire","link":""},"img":{"alt_text":"","src":"https:\/\/i0.wp.com\/unicatexpeditionvehicles.com\/wp-content\/uploads\/2020\/12\/collage-professional.jpg?fit=1200%2C675&ssl=1&resize=350%2C200","width":350,"height":200,"srcset":"https:\/\/i0.wp.com\/unicatexpeditionvehicles.com\/wp-content\/uploads\/2020\/12\/collage-professional.jpg?fit=1200%2C675&ssl=1&resize=350%2C200 1x, https:\/\/i0.wp.com\/unicatexpeditionvehicles.com\/wp-content\/uploads\/2020\/12\/collage-professional.jpg?fit=1200%2C675&ssl=1&resize=525%2C300 1.5x, https:\/\/i0.wp.com\/unicatexpeditionvehicles.com\/wp-content\/uploads\/2020\/12\/collage-professional.jpg?fit=1200%2C675&ssl=1&resize=700%2C400 2x, https:\/\/i0.wp.com\/unicatexpeditionvehicles.com\/wp-content\/uploads\/2020\/12\/collage-professional.jpg?fit=1200%2C675&ssl=1&resize=1050%2C600 3x"},"classes":[]},{"id":8085,"url":"https:\/\/unicatexpeditionvehicles.com\/fr\/ecomobile\/ecomobile-gallery\/","url_meta":{"origin":8062,"position":1},"title":"ECOMOBILE GALLERY","author":"unicatexpeditionvehicles","date":"02\/01\/2021","format":false,"excerpt":"","rel":"","context":"Article similaire","block_context":{"text":"Article similaire","link":""},"img":{"alt_text":"","src":"https:\/\/i0.wp.com\/unicatexpeditionvehicles.com\/wp-content\/uploads\/2021\/01\/ECOMOBILE-21.jpeg?fit=1200%2C900&ssl=1&resize=350%2C200","width":350,"height":200,"srcset":"https:\/\/i0.wp.com\/unicatexpeditionvehicles.com\/wp-content\/uploads\/2021\/01\/ECOMOBILE-21.jpeg?fit=1200%2C900&ssl=1&resize=350%2C200 1x, https:\/\/i0.wp.com\/unicatexpeditionvehicles.com\/wp-content\/uploads\/2021\/01\/ECOMOBILE-21.jpeg?fit=1200%2C900&ssl=1&resize=525%2C300 1.5x, https:\/\/i0.wp.com\/unicatexpeditionvehicles.com\/wp-content\/uploads\/2021\/01\/ECOMOBILE-21.jpeg?fit=1200%2C900&ssl=1&resize=700%2C400 2x, https:\/\/i0.wp.com\/unicatexpeditionvehicles.com\/wp-content\/uploads\/2021\/01\/ECOMOBILE-21.jpeg?fit=1200%2C900&ssl=1&resize=1050%2C600 3x"},"classes":[]},{"id":8141,"url":"https:\/\/unicatexpeditionvehicles.com\/fr\/laboratory-vehicle\/","url_meta":{"origin":8062,"position":2},"title":"LABORATORY VEHICLE","author":"unicatexpeditionvehicles","date":"02\/01\/2021","format":false,"excerpt":"{:en} Specification Type of vehicle: laboratory vehicle Chassis: Mercedes-Benz Unimog U 1550 L37 Wheelbase: 12.14 ft Engine: 6-cylinder turbo-diesel, 157 kW (214 hp) GVWR: 18,739 lbs Dimensions total: 272.4 x 90.6 x 143.9 inch Dimensions of body: 172.4 x 85.8 x 78.7 inch No. of passengers: 3 Remarks Laboratory equipement\u2026","rel":"","context":"Article similaire","block_context":{"text":"Article similaire","link":""},"img":{"alt_text":"","src":"https:\/\/i0.wp.com\/unicatexpeditionvehicles.com\/wp-content\/uploads\/2020\/12\/Laborfahrzeug-560-e1607529644505.jpg?fit=560%2C315&ssl=1&resize=350%2C200","width":350,"height":200,"srcset":"https:\/\/i0.wp.com\/unicatexpeditionvehicles.com\/wp-content\/uploads\/2020\/12\/Laborfahrzeug-560-e1607529644505.jpg?fit=560%2C315&ssl=1&resize=350%2C200 1x, https:\/\/i0.wp.com\/unicatexpeditionvehicles.com\/wp-content\/uploads\/2020\/12\/Laborfahrzeug-560-e1607529644505.jpg?fit=560%2C315&ssl=1&resize=525%2C300 1.5x"},"classes":[]},{"id":3861,"url":"https:\/\/unicatexpeditionvehicles.com\/fr\/opportunity\/","url_meta":{"origin":8062,"position":3},"title":"Opportunity","author":"unicatexpeditionvehicles","date":"30\/11\/2020","format":false,"excerpt":"{:en} Second Hand SHOP {:}{:de} GEBRAUCHTFAHRZEUGE SHOP {:}{:it} seconda mano SHOP {:}{:zh} \u4e8c\u624b\u8f66\u8f86 \u5728\u7ebf\u5546\u57ce {:}","rel":"","context":"Article similaire","block_context":{"text":"Article similaire","link":""},"img":{"alt_text":"","src":"https:\/\/i0.wp.com\/unicatexpeditionvehicles.com\/wp-content\/uploads\/2019\/03\/Usato.jpg?resize=350%2C200&ssl=1","width":350,"height":200,"srcset":"https:\/\/i0.wp.com\/unicatexpeditionvehicles.com\/wp-content\/uploads\/2019\/03\/Usato.jpg?resize=350%2C200&ssl=1 1x, https:\/\/i0.wp.com\/unicatexpeditionvehicles.com\/wp-content\/uploads\/2019\/03\/Usato.jpg?resize=525%2C300&ssl=1 1.5x, https:\/\/i0.wp.com\/unicatexpeditionvehicles.com\/wp-content\/uploads\/2019\/03\/Usato.jpg?resize=700%2C400&ssl=1 2x, https:\/\/i0.wp.com\/unicatexpeditionvehicles.com\/wp-content\/uploads\/2019\/03\/Usato.jpg?resize=1050%2C600&ssl=1 3x, https:\/\/i0.wp.com\/unicatexpeditionvehicles.com\/wp-content\/uploads\/2019\/03\/Usato.jpg?resize=1400%2C800&ssl=1 4x"},"classes":[]},{"id":8119,"url":"https:\/\/unicatexpeditionvehicles.com\/fr\/oakley-truck-europe\/","url_meta":{"origin":8062,"position":4},"title":"OAKLEY TRUCK EUROPE","author":"unicatexpeditionvehicles","date":"02\/01\/2021","format":false,"excerpt":"{:en} Specification Type of vehicle: event truck Chassis: MAN TGM 18.324 4x4 Wheelbase: 4500 mm Engine: 6-cylinder turbo-diesel, 240 kW (326 hp) GVWR: 11,900 kg (26,227 lbs) Dimensions total: 7950 x 2480 x 3650 mm Dimensions of body: 4900 x 2480 x 2305 mm Remarks Special coupling system for max.\u2026","rel":"","context":"Article similaire","block_context":{"text":"Article similaire","link":""},"img":{"alt_text":"","src":"https:\/\/i0.wp.com\/unicatexpeditionvehicles.com\/wp-content\/uploads\/2019\/03\/Oakley-1-e1606303255469.jpg?fit=1200%2C682&ssl=1&resize=350%2C200","width":350,"height":200,"srcset":"https:\/\/i0.wp.com\/unicatexpeditionvehicles.com\/wp-content\/uploads\/2019\/03\/Oakley-1-e1606303255469.jpg?fit=1200%2C682&ssl=1&resize=350%2C200 1x, https:\/\/i0.wp.com\/unicatexpeditionvehicles.com\/wp-content\/uploads\/2019\/03\/Oakley-1-e1606303255469.jpg?fit=1200%2C682&ssl=1&resize=525%2C300 1.5x, https:\/\/i0.wp.com\/unicatexpeditionvehicles.com\/wp-content\/uploads\/2019\/03\/Oakley-1-e1606303255469.jpg?fit=1200%2C682&ssl=1&resize=700%2C400 2x, https:\/\/i0.wp.com\/unicatexpeditionvehicles.com\/wp-content\/uploads\/2019\/03\/Oakley-1-e1606303255469.jpg?fit=1200%2C682&ssl=1&resize=1050%2C600 3x"},"classes":[]},{"id":5445,"url":"https:\/\/unicatexpeditionvehicles.com\/fr\/company\/","url_meta":{"origin":8062,"position":5},"title":"COMPANY","author":"unicatexpeditionvehicles","date":"09\/12\/2020","format":false,"excerpt":"{:en} HISTORY CONCEPT MANUFACTURE TEAM REFERENCE CONTACT {:}{:de} GESCHICHTE KONZEPT MANUFAKTUR TEAM REFERENZEN KONTAKT {:}{:it} STORIA CONCETTO STABILIMENTO TEAM REFERENZE CONTATTI {:}{:zh} \u54c1\u724c\u5386\u53f2 \u516c\u53f8\u7406\u5ff5 \u751f\u4ea7\u5236\u9020 \u56e2\u961f\u4ecb\u7ecd \u53c2\u8003\u4fe1\u606f \u8054\u7cfb\u65b9\u5f0f {:}{:es} HISTORIA CONCEPTO SEDE EQUIPO REFERENCIAS CONTACTO {:}{:fr} L'HISTOIRE CONCEPT FABRICATION \u00c9QUIPE LES R\u00c9F\u00c9RENCES CONTACTS {:}","rel":"","context":"Article similaire","block_context":{"text":"Article similaire","link":""},"img":{"alt_text":"","src":"https:\/\/i0.wp.com\/unicatexpeditionvehicles.com\/wp-content\/uploads\/2021\/11\/contatti.jpg?resize=350%2C200&ssl=1","width":350,"height":200,"srcset":"https:\/\/i0.wp.com\/unicatexpeditionvehicles.com\/wp-content\/uploads\/2021\/11\/contatti.jpg?resize=350%2C200&ssl=1 1x, https:\/\/i0.wp.com\/unicatexpeditionvehicles.com\/wp-content\/uploads\/2021\/11\/contatti.jpg?resize=525%2C300&ssl=1 1.5x, https:\/\/i0.wp.com\/unicatexpeditionvehicles.com\/wp-content\/uploads\/2021\/11\/contatti.jpg?resize=700%2C400&ssl=1 2x"},"classes":[]}],"_links":{"self":[{"href":"https:\/\/unicatexpeditionvehicles.com\/fr\/wp-json\/wp\/v2\/pages\/8062","targetHints":{"allow":["GET"]}}],"collection":[{"href":"https:\/\/unicatexpeditionvehicles.com\/fr\/wp-json\/wp\/v2\/pages"}],"about":[{"href":"https:\/\/unicatexpeditionvehicles.com\/fr\/wp-json\/wp\/v2\/types\/page"}],"author":[{"embeddable":true,"href":"https:\/\/unicatexpeditionvehicles.com\/fr\/wp-json\/wp\/v2\/users\/152699510"}],"replies":[{"embeddable":true,"href":"https:\/\/unicatexpeditionvehicles.com\/fr\/wp-json\/wp\/v2\/comments?post=8062"}],"version-history":[{"count":7,"href":"https:\/\/unicatexpeditionvehicles.com\/fr\/wp-json\/wp\/v2\/pages\/8062\/revisions"}],"predecessor-version":[{"id":15898,"href":"https:\/\/unicatexpeditionvehicles.com\/fr\/wp-json\/wp\/v2\/pages\/8062\/revisions\/15898"}],"wp:featuredmedia":[{"embeddable":true,"href":"https:\/\/unicatexpeditionvehicles.com\/fr\/wp-json\/wp\/v2\/media\/8084"}],"wp:attachment":[{"href":"https:\/\/unicatexpeditionvehicles.com\/fr\/wp-json\/wp\/v2\/media?parent=8062"}],"wp:term":[{"taxonomy":"wf_page_folders","embeddable":true,"href":"https:\/\/unicatexpeditionvehicles.com\/fr\/wp-json\/wp\/v2\/wf_page_folders?post=8062"}],"curies":[{"name":"wp","href":"https:\/\/api.w.org\/{rel}","templated":true}]}}