{"id":3755,"date":"2020-11-24T10:32:28","date_gmt":"2020-11-24T09:32:28","guid":{"rendered":"https:\/\/unicatexpeditionvehicles.com\/?page_id=3755"},"modified":"2022-03-24T18:58:44","modified_gmt":"2022-03-24T17:58:44","slug":"equipment-3","status":"publish","type":"page","link":"https:\/\/unicatexpeditionvehicles.com\/fr\/equipment-3\/","title":{"rendered":"\u00c9QUIPEMENT"},"content":{"rendered":"\n<hr class=\"wp-block-separator is-style-wide\"\/>\n\n\n\n<p class=\"has-text-align-justify\">Voyager de mani\u00e8re ind\u00e9pendante et dans des conditions de s\u00e9curit\u00e9 optimales requiert non seulement un v\u00e9hicule con\u00e7u de mani\u00e8re appropri\u00e9e, mais aussi un \u00e9quipement ad\u00e9quat pour pouvoir s&#8217;approvisionner au quotidien en eau, en carburant et, si disponible, en \u00e9lectricit\u00e9 externe, o\u00f9 que vous soyez sur la plan\u00e8te.<br>Et si quelque chose ne tournait pas rond, vous devriez \u00e9galement \u00eatre pr\u00e9par\u00e9.<br>En plus de 40 ans et au cours de nombreux voyages que nous avons effectu\u00e9s nous-m\u00eames, nous avons \u00e9t\u00e9 expos\u00e9s \u00e0 toutes les situations possibles et imaginables &#8211; c&#8217;est pourquoi UNICAT peut vous \u00e9quiper parfaitement, vous et votre v\u00e9hicule, d\u00e8s le d\u00e9part.<br>Nous pouvons vous fournir l&#8217;\u00e9quipement n\u00e9cessaire, l&#8217;installer et vous former \u00e0 son utilisation.<br>Voici ce qui devrait \u00eatre \u00e0 bord pour que l&#8217;aventure soit toujours un plaisir :<br>L&#8217;\u00e9quipement pour l&#8217;approvisionnement en eau, en carburant et en \u00e9lectricit\u00e9, par exemple les tuyaux, les c\u00e2bles, les adaptateurs, les pompes et les filtres.<br>Tout ce qui est n\u00e9cessaire \u00e0 la vie en plein air, comme des chaises, une table, une protection solaire et des ustensiles de cuisine.<br>Mat\u00e9riel de r\u00e9cup\u00e9ration autonome, comme des sangles de sauvetage, des manilles, des grappins, des plaques de sable, des appareils de levage, des scies \u00e0 cha\u00eene et des cha\u00eenes antid\u00e9rapantes.<br>Outils pour effectuer des travaux d&#8217;entretien et de r\u00e9paration, outils sp\u00e9ciaux, appareils de contr\u00f4le et de diagnostic.<br>Appareils pour le changement et la r\u00e9paration des pneus et des valves.<br>Pi\u00e8ces d&#8217;entretien et d&#8217;usure telles que diff\u00e9rents types d&#8217;huile, filtres, courroies, essuie-glaces, fusibles et lampes.<br>Pi\u00e8ces de rechange pour le ch\u00e2ssis et la carrosserie, comme les r\u00e9troviseurs, les feux, les relais, les filtres et les pompes \u00e0 eau.<br>Mat\u00e9riel de r\u00e9paration pour les bris de glace ou les dommages \u00e0 la carrosserie.<br>Sur demande, nous nous ferons un plaisir de composer l&#8217;\u00e9quipement int\u00e9rieur complet et la d\u00e9coration de votre v\u00e9hicule, des ustensiles de cuisine aux serviettes et aux draps.<\/p>\n\n\n\n<figure class=\"wp-block-embed is-type-video is-provider-youtube wp-block-embed-youtube wp-embed-aspect-16-9 wp-has-aspect-ratio\"><div class=\"wp-block-embed__wrapper\">\n<span class=\"embed-youtube\" style=\"text-align:center; display: block;\"><iframe loading=\"lazy\" class=\"youtube-player\" width=\"700\" height=\"394\" src=\"https:\/\/www.youtube.com\/embed\/sOUODZ1ZfFs?version=3&#038;rel=1&#038;showsearch=0&#038;showinfo=1&#038;iv_load_policy=1&#038;fs=1&#038;hl=fr-FR&#038;autohide=2&#038;wmode=transparent\" allowfullscreen=\"true\" style=\"border:0;\" sandbox=\"allow-scripts allow-same-origin allow-popups allow-presentation allow-popups-to-escape-sandbox\"><\/iframe><\/span>\n<\/div><\/figure>\n","protected":false},"excerpt":{"rendered":"<p>Voyager de mani\u00e8re ind\u00e9pendante et dans des conditions de s\u00e9curit\u00e9 optimales requiert non seulement un v\u00e9hicule con\u00e7u de mani\u00e8re appropri\u00e9e, mais aussi un \u00e9quipement ad\u00e9quat pour pouvoir s&#8217;approvisionner au quotidien en eau, en carburant et, si disponible, en \u00e9lectricit\u00e9 externe, o\u00f9 que vous soyez sur la plan\u00e8te.Et si quelque chose ne tournait pas rond, vous &hellip; <a href=\"https:\/\/unicatexpeditionvehicles.com\/fr\/equipment-3\/\" class=\"more-link\">Lire la suite <span class=\"screen-reader-text\">\u00c9QUIPEMENT<\/span> <span class=\"meta-nav\">&rarr;<\/span><\/a><\/p>\n","protected":false},"author":152699510,"featured_media":8504,"parent":0,"menu_order":0,"comment_status":"closed","ping_status":"closed","template":"templates\/testimonial-page.php","meta":{"_coblocks_attr":"","_coblocks_dimensions":"{\"coblocks-hero-102494117973\":{\"padding\":{}}}","_coblocks_responsive_height":"{\"coblocks-shape-divider-102493656211\":{\"shapeHeight\":{\"height\":20},\"backgroundHeight\":{\"height\":21}}}","_coblocks_accordion_ie_support":"","advanced_seo_description":"","jetpack_seo_html_title":"","jetpack_seo_noindex":false,"footnotes":""},"wf_page_folders":[32308],"class_list":["post-3755","page","type-page","status-publish","has-post-thumbnail","hentry"],"translation":{"provider":"WPGlobus","version":"3.0.2","language":"fr","enabled_languages":["en","de","it","es","fr","zh"],"languages":{"en":{"title":true,"content":true,"excerpt":false},"de":{"title":true,"content":true,"excerpt":false},"it":{"title":true,"content":true,"excerpt":false},"es":{"title":true,"content":true,"excerpt":false},"fr":{"title":true,"content":true,"excerpt":false},"zh":{"title":true,"content":true,"excerpt":false}}},"jetpack_likes_enabled":false,"jetpack_sharing_enabled":false,"jetpack_shortlink":"https:\/\/wp.me\/PaIsEW-Yz","jetpack-related-posts":[{"id":8141,"url":"https:\/\/unicatexpeditionvehicles.com\/fr\/laboratory-vehicle\/","url_meta":{"origin":3755,"position":0},"title":"LABORATORY VEHICLE","author":"unicatexpeditionvehicles","date":"02\/01\/2021","format":false,"excerpt":"{:en} Specification Type of vehicle: laboratory vehicle Chassis: Mercedes-Benz Unimog U 1550 L37 Wheelbase: 12.14 ft Engine: 6-cylinder turbo-diesel, 157 kW (214 hp) GVWR: 18,739 lbs Dimensions total: 272.4 x 90.6 x 143.9 inch Dimensions of body: 172.4 x 85.8 x 78.7 inch No. of passengers: 3 Remarks Laboratory equipement\u2026","rel":"","context":"Article similaire","block_context":{"text":"Article similaire","link":""},"img":{"alt_text":"","src":"https:\/\/i0.wp.com\/unicatexpeditionvehicles.com\/wp-content\/uploads\/2020\/12\/Laborfahrzeug-560-e1607529644505.jpg?fit=560%2C315&ssl=1&resize=350%2C200","width":350,"height":200,"srcset":"https:\/\/i0.wp.com\/unicatexpeditionvehicles.com\/wp-content\/uploads\/2020\/12\/Laborfahrzeug-560-e1607529644505.jpg?fit=560%2C315&ssl=1&resize=350%2C200 1x, https:\/\/i0.wp.com\/unicatexpeditionvehicles.com\/wp-content\/uploads\/2020\/12\/Laborfahrzeug-560-e1607529644505.jpg?fit=560%2C315&ssl=1&resize=525%2C300 1.5x"},"classes":[]},{"id":21251,"url":"https:\/\/unicatexpeditionvehicles.com\/fr\/b58xg-g6x6\/","url_meta":{"origin":3755,"position":1},"title":"B58XG MERCEDES-BENZ G6X6","author":"unicatexpeditionvehicles","date":"15\/05\/2024","format":false,"excerpt":"{:en} Chassis Mercedes-Benz G 6x6\u00a0 Single cab, 2-door Wheel base 3120 mm + 1100 mm (122.8\u201c + 43,3\u201c) Mercedes-Benz diesel or gas engine Automatic transmission Cruise control 2-speed transfer case with off-road reduction All wheel drive selectable Differential lock in front axle Differential locks in rear axles Coil spring suspension\u2026","rel":"","context":"Article similaire","block_context":{"text":"Article similaire","link":""},"img":{"alt_text":"","src":"https:\/\/i0.wp.com\/unicatexpeditionvehicles.com\/wp-content\/uploads\/2020\/12\/kisspng-computer-icons-camera-photography-clip-art-photo-camera-5ac7fda70796c4.1376665315230560390311.png?resize=350%2C200&ssl=1","width":350,"height":200},"classes":[]},{"id":5251,"url":"https:\/\/unicatexpeditionvehicles.com\/fr\/tecnique-2\/","url_meta":{"origin":3755,"position":2},"title":"TECNIQUE","author":"unicatexpeditionvehicles","date":"07\/12\/2020","format":false,"excerpt":"https:\/\/youtu.be\/9M_0RPr8CME Windows - Doors and Locking systems https:\/\/youtu.be\/m6Cf_LSt9KQ Materials to build the body https:\/\/youtu.be\/jXleHey1v4A Windows - Doors and Locking systems https:\/\/youtu.be\/xh0P4frLmqwhttps:\/\/youtu.be\/eqi-lurACGA Materials to build the body https:\/\/youtu.be\/OfiPDApiTWY How we build the bodies https:\/\/youtu.be\/xh0P4frLmqw Windows https:\/\/youtu.be\/Sa3MeqZQCHA The marriage between the frame and the body https:\/\/youtu.be\/OCafP0fd3DA Preparation of a vehicle for shipping\u2026","rel":"","context":"Article similaire","block_context":{"text":"Article similaire","link":""},"img":{"alt_text":"","src":"https:\/\/i0.wp.com\/img.youtube.com\/vi\/9M_0RPr8CME\/0.jpg?resize=350%2C200","width":350,"height":200},"classes":[]},{"id":9928,"url":"https:\/\/unicatexpeditionvehicles.com\/fr\/tc76-comfort-suite\/tc76-comfort-suite-outside\/","url_meta":{"origin":3755,"position":3},"title":"TC76 COMFORT SUITE OUTSIDE","author":"unicatexpeditionvehicles","date":"31\/01\/2021","format":false,"excerpt":"","rel":"","context":"Article similaire","block_context":{"text":"Article similaire","link":""},"img":{"alt_text":"","src":"https:\/\/i0.wp.com\/unicatexpeditionvehicles.com\/wp-content\/uploads\/2020\/12\/collage-TERRACROSS.jpg?fit=1200%2C675&ssl=1&resize=350%2C200","width":350,"height":200,"srcset":"https:\/\/i0.wp.com\/unicatexpeditionvehicles.com\/wp-content\/uploads\/2020\/12\/collage-TERRACROSS.jpg?fit=1200%2C675&ssl=1&resize=350%2C200 1x, https:\/\/i0.wp.com\/unicatexpeditionvehicles.com\/wp-content\/uploads\/2020\/12\/collage-TERRACROSS.jpg?fit=1200%2C675&ssl=1&resize=525%2C300 1.5x, https:\/\/i0.wp.com\/unicatexpeditionvehicles.com\/wp-content\/uploads\/2020\/12\/collage-TERRACROSS.jpg?fit=1200%2C675&ssl=1&resize=700%2C400 2x, https:\/\/i0.wp.com\/unicatexpeditionvehicles.com\/wp-content\/uploads\/2020\/12\/collage-TERRACROSS.jpg?fit=1200%2C675&ssl=1&resize=1050%2C600 3x"},"classes":[]},{"id":9045,"url":"https:\/\/unicatexpeditionvehicles.com\/fr\/klaus-and-erika-darr\/","url_meta":{"origin":3755,"position":4},"title":"Klaus and Erika D\u00e4rr","author":"unicatexpeditionvehicles","date":"17\/01\/2021","format":false,"excerpt":"July 2004 The probationIn January 2002 we, Erika and Klaus D\u00e4rr, started on a four-year trip around the world by land across all five continents.First we drove from Europe to Morocco, then through the Sahara to West Africa, through the entire Sahel to East Africa and from there to southern\u2026","rel":"","context":"Article similaire","block_context":{"text":"Article similaire","link":""},"img":{"alt_text":"","src":"https:\/\/i0.wp.com\/unicatexpeditionvehicles.com\/wp-content\/uploads\/2021\/01\/Bolivien-200.jpg?fit=1200%2C800&ssl=1&resize=350%2C200","width":350,"height":200,"srcset":"https:\/\/i0.wp.com\/unicatexpeditionvehicles.com\/wp-content\/uploads\/2021\/01\/Bolivien-200.jpg?fit=1200%2C800&ssl=1&resize=350%2C200 1x, https:\/\/i0.wp.com\/unicatexpeditionvehicles.com\/wp-content\/uploads\/2021\/01\/Bolivien-200.jpg?fit=1200%2C800&ssl=1&resize=525%2C300 1.5x, https:\/\/i0.wp.com\/unicatexpeditionvehicles.com\/wp-content\/uploads\/2021\/01\/Bolivien-200.jpg?fit=1200%2C800&ssl=1&resize=700%2C400 2x, https:\/\/i0.wp.com\/unicatexpeditionvehicles.com\/wp-content\/uploads\/2021\/01\/Bolivien-200.jpg?fit=1200%2C800&ssl=1&resize=1050%2C600 3x"},"classes":[]},{"id":1512,"url":"https:\/\/unicatexpeditionvehicles.com\/fr\/equipment-2\/","url_meta":{"origin":3755,"position":5},"title":"\u00c9QUIPEMENT TECHNIQUE","author":"unicatexpeditionvehicles","date":"25\/02\/2019","format":false,"excerpt":"{:en} The technical equipment of the body is a matter for specialists - and not just one specialist, but many.The body, the chassis conversions, the furniture, the extensive energy supply and distribution system, communication and monitoring, water supply and disposal, the heating system, air conditioning and ventilation, the hydraulics and\u2026","rel":"","context":"Article similaire","block_context":{"text":"Article similaire","link":""},"img":{"alt_text":"","src":"https:\/\/i0.wp.com\/unicatexpeditionvehicles.com\/wp-content\/uploads\/2020\/12\/IMG_0346.jpeg?fit=1200%2C675&ssl=1&resize=350%2C200","width":350,"height":200,"srcset":"https:\/\/i0.wp.com\/unicatexpeditionvehicles.com\/wp-content\/uploads\/2020\/12\/IMG_0346.jpeg?fit=1200%2C675&ssl=1&resize=350%2C200 1x, https:\/\/i0.wp.com\/unicatexpeditionvehicles.com\/wp-content\/uploads\/2020\/12\/IMG_0346.jpeg?fit=1200%2C675&ssl=1&resize=525%2C300 1.5x, https:\/\/i0.wp.com\/unicatexpeditionvehicles.com\/wp-content\/uploads\/2020\/12\/IMG_0346.jpeg?fit=1200%2C675&ssl=1&resize=700%2C400 2x, https:\/\/i0.wp.com\/unicatexpeditionvehicles.com\/wp-content\/uploads\/2020\/12\/IMG_0346.jpeg?fit=1200%2C675&ssl=1&resize=1050%2C600 3x"},"classes":[]}],"_links":{"self":[{"href":"https:\/\/unicatexpeditionvehicles.com\/fr\/wp-json\/wp\/v2\/pages\/3755","targetHints":{"allow":["GET"]}}],"collection":[{"href":"https:\/\/unicatexpeditionvehicles.com\/fr\/wp-json\/wp\/v2\/pages"}],"about":[{"href":"https:\/\/unicatexpeditionvehicles.com\/fr\/wp-json\/wp\/v2\/types\/page"}],"author":[{"embeddable":true,"href":"https:\/\/unicatexpeditionvehicles.com\/fr\/wp-json\/wp\/v2\/users\/152699510"}],"replies":[{"embeddable":true,"href":"https:\/\/unicatexpeditionvehicles.com\/fr\/wp-json\/wp\/v2\/comments?post=3755"}],"version-history":[{"count":35,"href":"https:\/\/unicatexpeditionvehicles.com\/fr\/wp-json\/wp\/v2\/pages\/3755\/revisions"}],"predecessor-version":[{"id":15729,"href":"https:\/\/unicatexpeditionvehicles.com\/fr\/wp-json\/wp\/v2\/pages\/3755\/revisions\/15729"}],"wp:featuredmedia":[{"embeddable":true,"href":"https:\/\/unicatexpeditionvehicles.com\/fr\/wp-json\/wp\/v2\/media\/8504"}],"wp:attachment":[{"href":"https:\/\/unicatexpeditionvehicles.com\/fr\/wp-json\/wp\/v2\/media?parent=3755"}],"wp:term":[{"taxonomy":"wf_page_folders","embeddable":true,"href":"https:\/\/unicatexpeditionvehicles.com\/fr\/wp-json\/wp\/v2\/wf_page_folders?post=3755"}],"curies":[{"name":"wp","href":"https:\/\/api.w.org\/{rel}","templated":true}]}}