{"id":1500,"date":"2019-02-25T12:18:00","date_gmt":"2019-02-25T11:18:00","guid":{"rendered":"https:\/\/unicatexpeditionvehicles.com\/?page_id=1500"},"modified":"2025-10-05T10:18:03","modified_gmt":"2025-10-05T09:18:03","slug":"intro-engineering","status":"publish","type":"page","link":"https:\/\/unicatexpeditionvehicles.com\/fr\/intro-engineering\/","title":{"rendered":"Intro ING\u00c9NIERIE"},"content":{"rendered":"\n<hr class=\"wp-block-separator has-css-opacity is-style-wide\"\/>\n\n\n\n<p class=\"has-text-align-justify\">La projection et la fabrication d&#8217;un v\u00e9hicule d&#8217;exp\u00e9dition sont tout \u00e0 fait comparables \u00e0 la construction d&#8217;une maison ou d&#8217;un bateau.<br>Les exigences propres \u00e0 votre style de vie et d&#8217;habitat personnel doivent se traduire dans les faits en tenant compte des aspects techniques du v\u00e9hicule.<br>Les solutions doivent r\u00e9sister \u00e0 des conditions extr\u00eames en cas d&#8217;utilisation mobile hors des routes praticables.<br>Cela n\u00e9cessite des connaissances et une exp\u00e9rience dans des domaines tr\u00e8s diff\u00e9rents :<br>Construction de v\u00e9hicules, construction m\u00e9canique, th\u00e9orie des vibrations, thermodynamique, hydraulique, pneumatique, \u00e9lectrotechnique, isolation, climatisation, sanitaire, traitement de l&#8217;eau, am\u00e9nagement de l&#8217;espace, construction de meubles, etc.<br>Coordonner tous les domaines et les r\u00e9unir en un syst\u00e8me global fonctionnel est la condition pr\u00e9alable au standard de qualit\u00e9 \u00e9lev\u00e9 des v\u00e9hicules UNICAT.<br>Le professionnalisme implique \u00e9galement d&#8217;utiliser en permanence l&#8217;\u00e9tat de la recherche sur les mat\u00e9riaux et de r\u00e9aliser des d\u00e9veloppements propres l\u00e0 o\u00f9 il n&#8217;existe pas encore de solutions satisfaisantes.<br>R\u00e9soudre les d\u00e9tails \u00e0 la perfection correspond exactement \u00e0 nos exigences.<br>UNICAT a par exemple cr\u00e9\u00e9 et mis au point ses propres solutions pour l&#8217;\u00e9tanch\u00e9it\u00e9 des volets et des portes, des syst\u00e8mes de fermeture et des charni\u00e8res anti-effraction, des fen\u00eatres en verre feuillet\u00e9 isolant sans ponts thermiques et adapt\u00e9es \u00e0 la hauteur, des groupes de plancher sans torsion et de nombreux autres composants.<br>Dans la mesure du possible, nous utilisons bien s\u00fbr aussi des composants issus de la construction navale ou industrielle.<br>Souvent, les appareils et mat\u00e9riaux achet\u00e9s sont encore affin\u00e9s chez UNICAT et optimis\u00e9s pour une utilisation sp\u00e9cifique.&nbsp;<br>Bien entendu, nous profitons ici de notre exp\u00e9rience de plusieurs dizaines d&#8217;ann\u00e9es dans le domaine des achats, qui nous a permis de collaborer pendant de longues ann\u00e9es, parfois de mani\u00e8re tr\u00e8s intensive, avec les fournisseurs.<br>Mais gr\u00e2ce au contact intensif avec nos clients, nous savons aussi ce qui convient dans la pratique et quels sont leurs souhaits.<br>Ce feedback est pris en compte dans chaque nouveau d\u00e9veloppement.<br>Avant de vous remettre votre v\u00e9hicule UNICAT, nous le soumettons \u00e0 des tests approfondis dans toutes les conditions d&#8217;utilisation pr\u00e9vues.<br>Et comme nous remplissons nos exigences de qualit\u00e9 extr\u00eamement \u00e9lev\u00e9es depuis des ann\u00e9es, vous b\u00e9n\u00e9ficiez de prestations de garantie exceptionnelles sur tous les travaux r\u00e9alis\u00e9s par UNICAT.<\/p>\n","protected":false},"excerpt":{"rendered":"<p>La projection et la fabrication d&#8217;un v\u00e9hicule d&#8217;exp\u00e9dition sont tout \u00e0 fait comparables \u00e0 la construction d&#8217;une maison ou d&#8217;un bateau.Les exigences propres \u00e0 votre style de vie et d&#8217;habitat personnel doivent se traduire dans les faits en tenant compte des aspects techniques du v\u00e9hicule.Les solutions doivent r\u00e9sister \u00e0 des conditions extr\u00eames en cas d&#8217;utilisation &hellip; <a href=\"https:\/\/unicatexpeditionvehicles.com\/fr\/intro-engineering\/\" class=\"more-link\">Lire la suite <span class=\"screen-reader-text\">Intro ING\u00c9NIERIE<\/span> <span class=\"meta-nav\">&rarr;<\/span><\/a><\/p>\n","protected":false},"author":152699510,"featured_media":0,"parent":0,"menu_order":0,"comment_status":"closed","ping_status":"closed","template":"","meta":{"_coblocks_attr":"Arial","_coblocks_dimensions":"","_coblocks_responsive_height":"","_coblocks_accordion_ie_support":"","advanced_seo_description":"","jetpack_seo_html_title":"","jetpack_seo_noindex":false,"footnotes":""},"wf_page_folders":[32307],"class_list":["post-1500","page","type-page","status-publish","hentry"],"translation":{"provider":"WPGlobus","version":"3.0.2","language":"fr","enabled_languages":["en","de","it","es","fr","zh"],"languages":{"en":{"title":true,"content":true,"excerpt":false},"de":{"title":true,"content":true,"excerpt":false},"it":{"title":true,"content":true,"excerpt":false},"es":{"title":true,"content":true,"excerpt":false},"fr":{"title":true,"content":true,"excerpt":false},"zh":{"title":true,"content":true,"excerpt":false}}},"jetpack_likes_enabled":true,"jetpack_sharing_enabled":true,"jetpack_shortlink":"https:\/\/wp.me\/PaIsEW-oc","jetpack-related-posts":[{"id":10372,"url":"https:\/\/unicatexpeditionvehicles.com\/fr\/intro-vehicles-en\/","url_meta":{"origin":1500,"position":0},"title":"intro V\u00e9hicules","author":"unicatexpeditionvehicles","date":"23\/02\/2021","format":false,"excerpt":"{:en} The requirements of overlanders and world travelers share many similarities, yet their\u00a0demands on the body and vehicle chassis\u00a0may vary. UNICAT addresses a diverse range of needs through its 5 product lines, consistently upholding the principle of unwavering quality and engineering expertise. Experience the ultimate in drivability with our low\u2026","rel":"","context":"Article similaire","block_context":{"text":"Article similaire","link":""},"img":{"alt_text":"","src":"https:\/\/i0.wp.com\/unicatexpeditionvehicles.com\/wp-content\/uploads\/2020\/12\/collage-TERRACROSS.jpg?resize=350%2C200&ssl=1","width":350,"height":200,"srcset":"https:\/\/i0.wp.com\/unicatexpeditionvehicles.com\/wp-content\/uploads\/2020\/12\/collage-TERRACROSS.jpg?resize=350%2C200&ssl=1 1x, https:\/\/i0.wp.com\/unicatexpeditionvehicles.com\/wp-content\/uploads\/2020\/12\/collage-TERRACROSS.jpg?resize=525%2C300&ssl=1 1.5x, https:\/\/i0.wp.com\/unicatexpeditionvehicles.com\/wp-content\/uploads\/2020\/12\/collage-TERRACROSS.jpg?resize=700%2C400&ssl=1 2x, https:\/\/i0.wp.com\/unicatexpeditionvehicles.com\/wp-content\/uploads\/2020\/12\/collage-TERRACROSS.jpg?resize=1050%2C600&ssl=1 3x"},"classes":[]},{"id":3571,"url":"https:\/\/unicatexpeditionvehicles.com\/fr\/intro-service\/","url_meta":{"origin":1500,"position":1},"title":"intro SERVICE","author":"unicatexpeditionvehicles","date":"08\/11\/2020","format":false,"excerpt":"{:en} UNICAT - always at your service! With this offer - which requires a certain organization and team size - UNICAT clearly stands out from all other competitors on the market.We stand behind our work and offer competent advice, service and support worldwide and around the clock.Equipment of the vehicle,\u00a0operation\u2026","rel":"","context":"Article similaire","block_context":{"text":"Article similaire","link":""},"img":{"alt_text":"","src":"","width":0,"height":0},"classes":[]},{"id":11742,"url":"https:\/\/unicatexpeditionvehicles.com\/fr\/vehicles\/","url_meta":{"origin":1500,"position":2},"title":"V\u00e9hicules","author":"unicatexpeditionvehicles","date":"04\/11\/2021","format":false,"excerpt":"{:en} The requirements of overlanders and world travelers share many similarities, yet their\u00a0demands on the body and vehicle chassis\u00a0may vary. UNICAT addresses a diverse range of needs through its 5 product lines, consistently upholding the principle of unwavering quality and engineering expertise. Experience the ultimate in drivability with our low\u2026","rel":"","context":"Article similaire","block_context":{"text":"Article similaire","link":""},"img":{"alt_text":"","src":"https:\/\/i0.wp.com\/unicatexpeditionvehicles.com\/wp-content\/uploads\/2020\/12\/collage-TERRACROSS.jpg?resize=350%2C200&ssl=1","width":350,"height":200,"srcset":"https:\/\/i0.wp.com\/unicatexpeditionvehicles.com\/wp-content\/uploads\/2020\/12\/collage-TERRACROSS.jpg?resize=350%2C200&ssl=1 1x, https:\/\/i0.wp.com\/unicatexpeditionvehicles.com\/wp-content\/uploads\/2020\/12\/collage-TERRACROSS.jpg?resize=525%2C300&ssl=1 1.5x, https:\/\/i0.wp.com\/unicatexpeditionvehicles.com\/wp-content\/uploads\/2020\/12\/collage-TERRACROSS.jpg?resize=700%2C400&ssl=1 2x, https:\/\/i0.wp.com\/unicatexpeditionvehicles.com\/wp-content\/uploads\/2020\/12\/collage-TERRACROSS.jpg?resize=1050%2C600&ssl=1 3x"},"classes":[]},{"id":5487,"url":"https:\/\/unicatexpeditionvehicles.com\/fr\/engineering\/","url_meta":{"origin":1500,"position":3},"title":"ENG\u00c9NIERING","author":"unicatexpeditionvehicles","date":"09\/12\/2020","format":false,"excerpt":"{:en} Designing and manufacturing of a UNICAT vehicle can easily be compared with building a house or a yacht.The requirements raised by your personal home preferences and lifestyle must be matched with the technical requirements of building a off-road capable vehicle.To offer safety and comfort, your vehicle has to withstand\u2026","rel":"","context":"Article similaire","block_context":{"text":"Article similaire","link":""},"img":{"alt_text":"","src":"https:\/\/i0.wp.com\/unicatexpeditionvehicles.com\/wp-content\/uploads\/2021\/01\/collage-CHASSIS.png?resize=350%2C200&ssl=1","width":350,"height":200,"srcset":"https:\/\/i0.wp.com\/unicatexpeditionvehicles.com\/wp-content\/uploads\/2021\/01\/collage-CHASSIS.png?resize=350%2C200&ssl=1 1x, https:\/\/i0.wp.com\/unicatexpeditionvehicles.com\/wp-content\/uploads\/2021\/01\/collage-CHASSIS.png?resize=525%2C300&ssl=1 1.5x, https:\/\/i0.wp.com\/unicatexpeditionvehicles.com\/wp-content\/uploads\/2021\/01\/collage-CHASSIS.png?resize=700%2C400&ssl=1 2x, https:\/\/i0.wp.com\/unicatexpeditionvehicles.com\/wp-content\/uploads\/2021\/01\/collage-CHASSIS.png?resize=1050%2C600&ssl=1 3x"},"classes":[]},{"id":8787,"url":"https:\/\/unicatexpeditionvehicles.com\/fr\/rally-vehicle\/","url_meta":{"origin":1500,"position":4},"title":"RALLY VEHICLE","author":"unicatexpeditionvehicles","date":"12\/01\/2021","format":false,"excerpt":"{:en} Description Type of vehicle: rally service vehicleChassis: Unimog U 1550 L37Wheelbase: 3700 mm (12' 1\")Engine: 6-cylinder turbo-diesel, 265 kW (360 PS)GVWR: 6,500 kg (14,326 lbs ) Specials Used several times during Rally Paris-Dakar {:}{:de} Beschreibung Fahrzeugtyp: Rallye-ServicefahrzeugFahrgestell: Unimog U 1550 L37Radstand: 3700 mmMotor: 6-Zylinder Turbo-Diesel, 265 kW (360 PS)Zul.\u2026","rel":"","context":"Article similaire","block_context":{"text":"Article similaire","link":""},"img":{"alt_text":"","src":"https:\/\/i0.wp.com\/unicatexpeditionvehicles.com\/wp-content\/uploads\/2021\/01\/Paris-Dakar-04-rotated.jpg?fit=1200%2C686&ssl=1&resize=350%2C200","width":350,"height":200,"srcset":"https:\/\/i0.wp.com\/unicatexpeditionvehicles.com\/wp-content\/uploads\/2021\/01\/Paris-Dakar-04-rotated.jpg?fit=1200%2C686&ssl=1&resize=350%2C200 1x, https:\/\/i0.wp.com\/unicatexpeditionvehicles.com\/wp-content\/uploads\/2021\/01\/Paris-Dakar-04-rotated.jpg?fit=1200%2C686&ssl=1&resize=525%2C300 1.5x, https:\/\/i0.wp.com\/unicatexpeditionvehicles.com\/wp-content\/uploads\/2021\/01\/Paris-Dakar-04-rotated.jpg?fit=1200%2C686&ssl=1&resize=700%2C400 2x, https:\/\/i0.wp.com\/unicatexpeditionvehicles.com\/wp-content\/uploads\/2021\/01\/Paris-Dakar-04-rotated.jpg?fit=1200%2C686&ssl=1&resize=1050%2C600 3x"},"classes":[]},{"id":4197,"url":"https:\/\/unicatexpeditionvehicles.com\/fr\/professional\/","url_meta":{"origin":1500,"position":5},"title":"PROFESSIONAL","author":"unicatexpeditionvehicles","date":"03\/12\/2020","format":false,"excerpt":"{:en} Vehicle concepts that meet very special requirements and offer absolute reliability and maximum benefit under all conditions - even in professional use, it is about crossing borders, innovations, quality and reliability.Regardless of whether a research team, doctors or a film team is in rough terrain, a global brand on\u2026","rel":"","context":"Article similaire","block_context":{"text":"Article similaire","link":""},"img":{"alt_text":"","src":"https:\/\/i0.wp.com\/unicatexpeditionvehicles.com\/wp-content\/uploads\/2020\/12\/collage-professional.jpg?fit=1200%2C675&ssl=1&resize=350%2C200","width":350,"height":200,"srcset":"https:\/\/i0.wp.com\/unicatexpeditionvehicles.com\/wp-content\/uploads\/2020\/12\/collage-professional.jpg?fit=1200%2C675&ssl=1&resize=350%2C200 1x, https:\/\/i0.wp.com\/unicatexpeditionvehicles.com\/wp-content\/uploads\/2020\/12\/collage-professional.jpg?fit=1200%2C675&ssl=1&resize=525%2C300 1.5x, https:\/\/i0.wp.com\/unicatexpeditionvehicles.com\/wp-content\/uploads\/2020\/12\/collage-professional.jpg?fit=1200%2C675&ssl=1&resize=700%2C400 2x, https:\/\/i0.wp.com\/unicatexpeditionvehicles.com\/wp-content\/uploads\/2020\/12\/collage-professional.jpg?fit=1200%2C675&ssl=1&resize=1050%2C600 3x"},"classes":[]}],"_links":{"self":[{"href":"https:\/\/unicatexpeditionvehicles.com\/fr\/wp-json\/wp\/v2\/pages\/1500","targetHints":{"allow":["GET"]}}],"collection":[{"href":"https:\/\/unicatexpeditionvehicles.com\/fr\/wp-json\/wp\/v2\/pages"}],"about":[{"href":"https:\/\/unicatexpeditionvehicles.com\/fr\/wp-json\/wp\/v2\/types\/page"}],"author":[{"embeddable":true,"href":"https:\/\/unicatexpeditionvehicles.com\/fr\/wp-json\/wp\/v2\/users\/152699510"}],"replies":[{"embeddable":true,"href":"https:\/\/unicatexpeditionvehicles.com\/fr\/wp-json\/wp\/v2\/comments?post=1500"}],"version-history":[{"count":57,"href":"https:\/\/unicatexpeditionvehicles.com\/fr\/wp-json\/wp\/v2\/pages\/1500\/revisions"}],"predecessor-version":[{"id":24625,"href":"https:\/\/unicatexpeditionvehicles.com\/fr\/wp-json\/wp\/v2\/pages\/1500\/revisions\/24625"}],"wp:attachment":[{"href":"https:\/\/unicatexpeditionvehicles.com\/fr\/wp-json\/wp\/v2\/media?parent=1500"}],"wp:term":[{"taxonomy":"wf_page_folders","embeddable":true,"href":"https:\/\/unicatexpeditionvehicles.com\/fr\/wp-json\/wp\/v2\/wf_page_folders?post=1500"}],"curies":[{"name":"wp","href":"https:\/\/api.w.org\/{rel}","templated":true}]}}