{"id":3758,"date":"2020-11-24T10:39:58","date_gmt":"2020-11-24T09:39:58","guid":{"rendered":"https:\/\/unicatexpeditionvehicles.com\/?page_id=3758"},"modified":"2022-03-25T18:08:31","modified_gmt":"2022-03-25T17:08:31","slug":"technical-support","status":"publish","type":"page","link":"https:\/\/unicatexpeditionvehicles.com\/es\/technical-support\/","title":{"rendered":"SOPORTE T\u00c9CNICO"},"content":{"rendered":"\n<hr class=\"wp-block-separator is-style-wide\"\/>\n\n\n\n<p>24\/7<br>El equipo de UNICAT se enorgullece de su trabajo y de poder ofrecer asistencia t\u00e9cnica las 24 horas del d\u00eda, independientemente del lugar del mundo en el que usted se encuentre.<br>La mayor\u00eda de las cuestiones pueden resolverse directamente por tel\u00e9fono.<br>Pero cuando una imagen vale m\u00e1s que mil palabras, le ayudaremos con mucho gusto con todos los recursos y canales de comunicaci\u00f3n disponibles.<\/p>\n\n\n\n<hr class=\"wp-block-separator is-style-wide\"\/>\n\n\n\n<div class=\"wp-block-columns are-vertically-aligned-bottom is-layout-flex wp-container-core-columns-is-layout-9d6595d7 wp-block-columns-is-layout-flex\">\n<div class=\"wp-block-column is-vertically-aligned-bottom is-layout-flow wp-block-column-is-layout-flow\">\n<figure class=\"wp-block-image size-large is-style-default\"><img data-recalc-dims=\"1\" loading=\"lazy\" decoding=\"async\" width=\"700\" height=\"394\" data-attachment-id=\"3864\" data-permalink=\"https:\/\/unicatexpeditionvehicles.com\/es\/opportunity\/libreria-1-di-1\/\" data-orig-file=\"https:\/\/i0.wp.com\/unicatexpeditionvehicles.com\/wp-content\/uploads\/2020\/11\/Libreria-1-di-1-e1606747665553.jpeg?fit=4510%2C2540&amp;ssl=1\" data-orig-size=\"4510,2540\" data-comments-opened=\"1\" data-image-meta=\"{&quot;aperture&quot;:&quot;4&quot;,&quot;credit&quot;:&quot;&quot;,&quot;camera&quot;:&quot;Canon EOS 600D&quot;,&quot;caption&quot;:&quot;&quot;,&quot;created_timestamp&quot;:&quot;1363886633&quot;,&quot;copyright&quot;:&quot;&quot;,&quot;focal_length&quot;:&quot;25&quot;,&quot;iso&quot;:&quot;400&quot;,&quot;shutter_speed&quot;:&quot;0.016666666666667&quot;,&quot;title&quot;:&quot;&quot;,&quot;orientation&quot;:&quot;0&quot;}\" data-image-title=\"Libreria &amp;#8211; 1 di 1\" data-image-description=\"\" data-image-caption=\"\" data-large-file=\"https:\/\/i0.wp.com\/unicatexpeditionvehicles.com\/wp-content\/uploads\/2020\/11\/Libreria-1-di-1-e1606747665553.jpeg?fit=700%2C394&amp;ssl=1\" src=\"https:\/\/i0.wp.com\/unicatexpeditionvehicles.com\/wp-content\/uploads\/2020\/11\/Libreria-1-di-1-e1606747665553-1024x577.jpeg?resize=700%2C394&#038;ssl=1\" alt=\"\" class=\"wp-image-3864\" srcset=\"https:\/\/i0.wp.com\/unicatexpeditionvehicles.com\/wp-content\/uploads\/2020\/11\/Libreria-1-di-1-e1606747665553.jpeg?resize=1024%2C577&amp;ssl=1 1024w, https:\/\/i0.wp.com\/unicatexpeditionvehicles.com\/wp-content\/uploads\/2020\/11\/Libreria-1-di-1-e1606747665553.jpeg?resize=300%2C169&amp;ssl=1 300w, https:\/\/i0.wp.com\/unicatexpeditionvehicles.com\/wp-content\/uploads\/2020\/11\/Libreria-1-di-1-e1606747665553.jpeg?resize=768%2C433&amp;ssl=1 768w, https:\/\/i0.wp.com\/unicatexpeditionvehicles.com\/wp-content\/uploads\/2020\/11\/Libreria-1-di-1-e1606747665553.jpeg?resize=1536%2C865&amp;ssl=1 1536w, https:\/\/i0.wp.com\/unicatexpeditionvehicles.com\/wp-content\/uploads\/2020\/11\/Libreria-1-di-1-e1606747665553.jpeg?resize=2048%2C1153&amp;ssl=1 2048w, https:\/\/i0.wp.com\/unicatexpeditionvehicles.com\/wp-content\/uploads\/2020\/11\/Libreria-1-di-1-e1606747665553.jpeg?resize=1200%2C676&amp;ssl=1 1200w, https:\/\/i0.wp.com\/unicatexpeditionvehicles.com\/wp-content\/uploads\/2020\/11\/Libreria-1-di-1-e1606747665553.jpeg?resize=700%2C394&amp;ssl=1 700w, https:\/\/i0.wp.com\/unicatexpeditionvehicles.com\/wp-content\/uploads\/2020\/11\/Libreria-1-di-1-e1606747665553.jpeg?resize=2000%2C1126&amp;ssl=1 2000w, https:\/\/i0.wp.com\/unicatexpeditionvehicles.com\/wp-content\/uploads\/2020\/11\/Libreria-1-di-1-e1606747665553.jpeg?resize=710%2C400&amp;ssl=1 710w, https:\/\/i0.wp.com\/unicatexpeditionvehicles.com\/wp-content\/uploads\/2020\/11\/Libreria-1-di-1-e1606747665553.jpeg?w=1400&amp;ssl=1 1400w, https:\/\/i0.wp.com\/unicatexpeditionvehicles.com\/wp-content\/uploads\/2020\/11\/Libreria-1-di-1-e1606747665553.jpeg?w=2100&amp;ssl=1 2100w\" sizes=\"auto, (max-width: 700px) 100vw, 700px\" \/><\/figure>\n<\/div>\n\n\n\n<div class=\"wp-block-column is-vertically-aligned-bottom is-layout-flow wp-block-column-is-layout-flow\">\n<p class=\"has-custom-font has-custom-lineheight\" style=\"font-family:Arial;line-height:1;font-size:20px\"><mark style=\"background-color:rgba(0, 0, 0, 0);color:#969a9f\" class=\"has-inline-color\"><span class=\"uppercase\">Env\u00edo de piezas<\/span><\/mark><\/p>\n<\/div>\n<\/div>\n\n\n\n<p class=\"has-text-align-justify\">Como parte del proceso de construcci\u00f3n, documentamos meticulosamente todas las especificaciones de su veh\u00edculo.<br>Con esta informaci\u00f3n, podemos identificar, obtener o fabricar las piezas que necesita.<br>Despu\u00e9s de comprobar su integridad y de empaquetarlas cuidadosamente, enviamos las piezas a cualquier lugar deseado, por mensajer\u00eda si es necesario.<\/p>\n\n\n\n<hr class=\"wp-block-separator is-style-wide\"\/>\n\n\n\n<div class=\"wp-block-columns are-vertically-aligned-bottom is-layout-flex wp-container-core-columns-is-layout-9d6595d7 wp-block-columns-is-layout-flex\">\n<div class=\"wp-block-column is-vertically-aligned-bottom is-layout-flow wp-block-column-is-layout-flow\">\n<figure class=\"wp-block-image size-large is-style-default\"><img data-recalc-dims=\"1\" loading=\"lazy\" decoding=\"async\" width=\"700\" height=\"394\" data-attachment-id=\"8510\" data-permalink=\"https:\/\/unicatexpeditionvehicles.com\/es\/technical-support\/img_4977\/\" data-orig-file=\"https:\/\/i0.wp.com\/unicatexpeditionvehicles.com\/wp-content\/uploads\/2021\/01\/IMG_4977-e1609853559682.jpeg?fit=4032%2C2268&amp;ssl=1\" data-orig-size=\"4032,2268\" data-comments-opened=\"1\" data-image-meta=\"{&quot;aperture&quot;:&quot;1.8&quot;,&quot;credit&quot;:&quot;&quot;,&quot;camera&quot;:&quot;iPhone X&quot;,&quot;caption&quot;:&quot;&quot;,&quot;created_timestamp&quot;:&quot;1558438016&quot;,&quot;copyright&quot;:&quot;&quot;,&quot;focal_length&quot;:&quot;4&quot;,&quot;iso&quot;:&quot;20&quot;,&quot;shutter_speed&quot;:&quot;0.00064599483204134&quot;,&quot;title&quot;:&quot;&quot;,&quot;orientation&quot;:&quot;1&quot;}\" data-image-title=\"IMG_4977\" data-image-description=\"\" data-image-caption=\"\" data-large-file=\"https:\/\/i0.wp.com\/unicatexpeditionvehicles.com\/wp-content\/uploads\/2021\/01\/IMG_4977-e1609853559682.jpeg?fit=700%2C394&amp;ssl=1\" src=\"https:\/\/i0.wp.com\/unicatexpeditionvehicles.com\/wp-content\/uploads\/2021\/01\/IMG_4977-e1609853559682-1024x576.jpeg?resize=700%2C394&#038;ssl=1\" alt=\"\" class=\"wp-image-8510\" srcset=\"https:\/\/i0.wp.com\/unicatexpeditionvehicles.com\/wp-content\/uploads\/2021\/01\/IMG_4977-e1609853559682.jpeg?resize=1024%2C576&amp;ssl=1 1024w, https:\/\/i0.wp.com\/unicatexpeditionvehicles.com\/wp-content\/uploads\/2021\/01\/IMG_4977-e1609853559682.jpeg?resize=300%2C169&amp;ssl=1 300w, https:\/\/i0.wp.com\/unicatexpeditionvehicles.com\/wp-content\/uploads\/2021\/01\/IMG_4977-e1609853559682.jpeg?resize=768%2C432&amp;ssl=1 768w, https:\/\/i0.wp.com\/unicatexpeditionvehicles.com\/wp-content\/uploads\/2021\/01\/IMG_4977-e1609853559682.jpeg?resize=1536%2C864&amp;ssl=1 1536w, https:\/\/i0.wp.com\/unicatexpeditionvehicles.com\/wp-content\/uploads\/2021\/01\/IMG_4977-e1609853559682.jpeg?resize=2048%2C1152&amp;ssl=1 2048w, https:\/\/i0.wp.com\/unicatexpeditionvehicles.com\/wp-content\/uploads\/2021\/01\/IMG_4977-e1609853559682.jpeg?resize=1200%2C675&amp;ssl=1 1200w, https:\/\/i0.wp.com\/unicatexpeditionvehicles.com\/wp-content\/uploads\/2021\/01\/IMG_4977-e1609853559682.jpeg?resize=700%2C394&amp;ssl=1 700w, https:\/\/i0.wp.com\/unicatexpeditionvehicles.com\/wp-content\/uploads\/2021\/01\/IMG_4977-e1609853559682.jpeg?resize=2000%2C1125&amp;ssl=1 2000w, https:\/\/i0.wp.com\/unicatexpeditionvehicles.com\/wp-content\/uploads\/2021\/01\/IMG_4977-e1609853559682.jpeg?resize=711%2C400&amp;ssl=1 711w, https:\/\/i0.wp.com\/unicatexpeditionvehicles.com\/wp-content\/uploads\/2021\/01\/IMG_4977-e1609853559682.jpeg?w=1400&amp;ssl=1 1400w, https:\/\/i0.wp.com\/unicatexpeditionvehicles.com\/wp-content\/uploads\/2021\/01\/IMG_4977-e1609853559682.jpeg?w=2100&amp;ssl=1 2100w\" sizes=\"auto, (max-width: 700px) 100vw, 700px\" \/><\/figure>\n<\/div>\n\n\n\n<div class=\"wp-block-column is-vertically-aligned-bottom is-layout-flow wp-block-column-is-layout-flow\">\n<p class=\"has-custom-font has-custom-lineheight\" style=\"font-family:Arial;line-height:1;font-size:20px\"><mark style=\"background-color:rgba(0, 0, 0, 0);color:#969a9f\" class=\"has-inline-color\"><span class=\"uppercase\">Servicio in situ<\/span><\/mark><\/p>\n<\/div>\n<\/div>\n\n\n\n<p>Incluso un veh\u00edculo UNICAT se resiente en alg\u00fan momento de los rigores de una traves\u00eda por el mundo, de la que tanto disfrutan sus propietarios.<br>El mantenimiento regular del chasis y la inspecci\u00f3n de todo el veh\u00edculo son necesarios para garantizar la funcionalidad y la fiabilidad de su veh\u00edculo.<br>Dado que no en todo el mundo hay un taller certificado con mec\u00e1nicos bien formados, ofrecemos el UNICAT ON-SITE SERVICE.<br>Enviaremos a un empleado formado en UNICAT a un punto de encuentro adecuado, que realizar\u00e1 la inspecci\u00f3n y el mantenimiento de su veh\u00edculo in situ o instruir\u00e1 y supervisar\u00e1 el trabajo del personal local.<\/p>\n\n\n\n<hr class=\"wp-block-separator is-style-wide\"\/>\n\n\n\n<div class=\"wp-block-columns are-vertically-aligned-bottom is-layout-flex wp-container-core-columns-is-layout-9d6595d7 wp-block-columns-is-layout-flex\">\n<div class=\"wp-block-column is-vertically-aligned-bottom is-layout-flow wp-block-column-is-layout-flow\">\n<figure class=\"wp-block-image size-large is-style-default\"><img data-recalc-dims=\"1\" loading=\"lazy\" decoding=\"async\" width=\"700\" height=\"394\" data-attachment-id=\"8512\" data-permalink=\"https:\/\/unicatexpeditionvehicles.com\/es\/technical-support\/img_5237\/\" data-orig-file=\"https:\/\/i0.wp.com\/unicatexpeditionvehicles.com\/wp-content\/uploads\/2021\/01\/IMG_5237-e1609853488175.jpeg?fit=4032%2C2268&amp;ssl=1\" data-orig-size=\"4032,2268\" data-comments-opened=\"1\" data-image-meta=\"{&quot;aperture&quot;:&quot;1.8&quot;,&quot;credit&quot;:&quot;&quot;,&quot;camera&quot;:&quot;iPhone X&quot;,&quot;caption&quot;:&quot;&quot;,&quot;created_timestamp&quot;:&quot;1561802165&quot;,&quot;copyright&quot;:&quot;&quot;,&quot;focal_length&quot;:&quot;4&quot;,&quot;iso&quot;:&quot;20&quot;,&quot;shutter_speed&quot;:&quot;0.0017094017094017&quot;,&quot;title&quot;:&quot;&quot;,&quot;orientation&quot;:&quot;1&quot;}\" data-image-title=\"IMG_5237\" data-image-description=\"\" data-image-caption=\"\" data-large-file=\"https:\/\/i0.wp.com\/unicatexpeditionvehicles.com\/wp-content\/uploads\/2021\/01\/IMG_5237-e1609853488175.jpeg?fit=700%2C394&amp;ssl=1\" src=\"https:\/\/i0.wp.com\/unicatexpeditionvehicles.com\/wp-content\/uploads\/2021\/01\/IMG_5237-e1609853488175-1024x576.jpeg?resize=700%2C394&#038;ssl=1\" alt=\"\" class=\"wp-image-8512\" srcset=\"https:\/\/i0.wp.com\/unicatexpeditionvehicles.com\/wp-content\/uploads\/2021\/01\/IMG_5237-e1609853488175.jpeg?resize=1024%2C576&amp;ssl=1 1024w, https:\/\/i0.wp.com\/unicatexpeditionvehicles.com\/wp-content\/uploads\/2021\/01\/IMG_5237-e1609853488175.jpeg?resize=300%2C169&amp;ssl=1 300w, https:\/\/i0.wp.com\/unicatexpeditionvehicles.com\/wp-content\/uploads\/2021\/01\/IMG_5237-e1609853488175.jpeg?resize=768%2C432&amp;ssl=1 768w, https:\/\/i0.wp.com\/unicatexpeditionvehicles.com\/wp-content\/uploads\/2021\/01\/IMG_5237-e1609853488175.jpeg?resize=1536%2C864&amp;ssl=1 1536w, https:\/\/i0.wp.com\/unicatexpeditionvehicles.com\/wp-content\/uploads\/2021\/01\/IMG_5237-e1609853488175.jpeg?resize=2048%2C1152&amp;ssl=1 2048w, https:\/\/i0.wp.com\/unicatexpeditionvehicles.com\/wp-content\/uploads\/2021\/01\/IMG_5237-e1609853488175.jpeg?resize=1200%2C675&amp;ssl=1 1200w, https:\/\/i0.wp.com\/unicatexpeditionvehicles.com\/wp-content\/uploads\/2021\/01\/IMG_5237-e1609853488175.jpeg?resize=700%2C394&amp;ssl=1 700w, https:\/\/i0.wp.com\/unicatexpeditionvehicles.com\/wp-content\/uploads\/2021\/01\/IMG_5237-e1609853488175.jpeg?resize=2000%2C1125&amp;ssl=1 2000w, https:\/\/i0.wp.com\/unicatexpeditionvehicles.com\/wp-content\/uploads\/2021\/01\/IMG_5237-e1609853488175.jpeg?resize=711%2C400&amp;ssl=1 711w, https:\/\/i0.wp.com\/unicatexpeditionvehicles.com\/wp-content\/uploads\/2021\/01\/IMG_5237-e1609853488175.jpeg?w=1400&amp;ssl=1 1400w, https:\/\/i0.wp.com\/unicatexpeditionvehicles.com\/wp-content\/uploads\/2021\/01\/IMG_5237-e1609853488175.jpeg?w=2100&amp;ssl=1 2100w\" sizes=\"auto, (max-width: 700px) 100vw, 700px\" \/><\/figure>\n<\/div>\n\n\n\n<div class=\"wp-block-column is-vertically-aligned-bottom is-layout-flow wp-block-column-is-layout-flow\">\n<p class=\"has-custom-font has-custom-lineheight\" style=\"font-family:Arial;line-height:1;font-size:20px\"><mark style=\"background-color:rgba(0, 0, 0, 0);color:#969a9f\" class=\"has-inline-color\"><span class=\"uppercase\">Servicio de emergencia<\/span><\/mark><\/p>\n<\/div>\n<\/div>\n\n\n\n<p class=\"has-text-align-justify\">Es inevitable que se produzcan ocasionalmente aver\u00edas, da\u00f1os o desgaste de piezas.<br>En raras ocasiones puede ser necesario prestar un servicio de urgencia in situ.<br>Para este caso, contamos con mec\u00e1nicos especialmente formados que volar\u00e1n y llegar\u00e1n hasta su ubicaci\u00f3n en el menor tiempo posible, sin importar d\u00f3nde se encuentre.<br>Llevar\u00e1n las piezas, herramientas y conocimientos necesarios para solucionar cualquier problema.<\/p>\n\n\n\n<p>UNICAT nunca le defraudar\u00e1.<\/p>\n","protected":false},"excerpt":{"rendered":"<p>24\/7El equipo de UNICAT se enorgullece de su trabajo y de poder ofrecer asistencia t\u00e9cnica las 24 horas del d\u00eda, independientemente del lugar del mundo en el que usted se encuentre.La mayor\u00eda de las cuestiones pueden resolverse directamente por tel\u00e9fono.Pero cuando una imagen vale m\u00e1s que mil palabras, le ayudaremos con mucho gusto con todos &hellip; <a href=\"https:\/\/unicatexpeditionvehicles.com\/es\/technical-support\/\" class=\"more-link\">Continuar leyendo <span class=\"screen-reader-text\">SOPORTE T\u00c9CNICO<\/span> <span class=\"meta-nav\">&rarr;<\/span><\/a><\/p>\n","protected":false},"author":152699510,"featured_media":240,"parent":0,"menu_order":0,"comment_status":"closed","ping_status":"closed","template":"templates\/testimonial-page.php","meta":{"_coblocks_attr":"Arial","_coblocks_dimensions":"{\"coblocks-hero-102494117973\":{\"padding\":{}}}","_coblocks_responsive_height":"{\"coblocks-shape-divider-102493656211\":{\"shapeHeight\":{\"height\":20},\"backgroundHeight\":{\"height\":21}},\"coblocks-shape-divider-10241003734\":{\"shapeHeight\":{\"height\":20},\"backgroundHeight\":{\"height\":20}}}","_coblocks_accordion_ie_support":"","advanced_seo_description":"","jetpack_seo_html_title":"","jetpack_seo_noindex":false,"footnotes":""},"wf_page_folders":[32308],"class_list":["post-3758","page","type-page","status-publish","has-post-thumbnail","hentry"],"translation":{"provider":"WPGlobus","version":"3.0.2","language":"es","enabled_languages":["en","de","it","es","fr","zh"],"languages":{"en":{"title":true,"content":true,"excerpt":false},"de":{"title":true,"content":true,"excerpt":false},"it":{"title":true,"content":true,"excerpt":false},"es":{"title":true,"content":true,"excerpt":false},"fr":{"title":true,"content":true,"excerpt":false},"zh":{"title":true,"content":true,"excerpt":false}}},"jetpack_likes_enabled":false,"jetpack_sharing_enabled":false,"jetpack_shortlink":"https:\/\/wp.me\/PaIsEW-YC","jetpack-related-posts":[{"id":1512,"url":"https:\/\/unicatexpeditionvehicles.com\/es\/equipment-2\/","url_meta":{"origin":3758,"position":0},"title":"EQUIPAMIENTO T\u00c9CNICO","author":"unicatexpeditionvehicles","date":"25\/02\/2019","format":false,"excerpt":"{:en} The technical equipment of the body is a matter for specialists - and not just one specialist, but many.The body, the chassis conversions, the furniture, the extensive energy supply and distribution system, communication and monitoring, water supply and disposal, the heating system, air conditioning and ventilation, the hydraulics and\u2026","rel":"","context":"Entrada similar","block_context":{"text":"Entrada similar","link":""},"img":{"alt_text":"","src":"https:\/\/i0.wp.com\/unicatexpeditionvehicles.com\/wp-content\/uploads\/2020\/12\/IMG_0346.jpeg?fit=1200%2C675&ssl=1&resize=350%2C200","width":350,"height":200,"srcset":"https:\/\/i0.wp.com\/unicatexpeditionvehicles.com\/wp-content\/uploads\/2020\/12\/IMG_0346.jpeg?fit=1200%2C675&ssl=1&resize=350%2C200 1x, https:\/\/i0.wp.com\/unicatexpeditionvehicles.com\/wp-content\/uploads\/2020\/12\/IMG_0346.jpeg?fit=1200%2C675&ssl=1&resize=525%2C300 1.5x, https:\/\/i0.wp.com\/unicatexpeditionvehicles.com\/wp-content\/uploads\/2020\/12\/IMG_0346.jpeg?fit=1200%2C675&ssl=1&resize=700%2C400 2x, https:\/\/i0.wp.com\/unicatexpeditionvehicles.com\/wp-content\/uploads\/2020\/12\/IMG_0346.jpeg?fit=1200%2C675&ssl=1&resize=1050%2C600 3x"},"classes":[]},{"id":8470,"url":"https:\/\/unicatexpeditionvehicles.com\/es\/resale\/","url_meta":{"origin":3758,"position":1},"title":"REVENTA","author":"unicatexpeditionvehicles","date":"05\/01\/2021","format":false,"excerpt":"{:en} UNICAT will be your partner for buying and selling pre-loved Unicat expedition vehicles at a fare price.Therefore, the SECOND HANDS area of the Unicat website is available for re-homing of used UNICAT expedition vehicles.After preparing a comprehensive sales profile, potential buyers can browse the complete details, specifications and photographs\u2026","rel":"","context":"Entrada similar","block_context":{"text":"Entrada similar","link":""},"img":{"alt_text":"","src":"https:\/\/i0.wp.com\/unicatexpeditionvehicles.com\/wp-content\/uploads\/2019\/03\/Usato.jpg?fit=1200%2C675&ssl=1&resize=350%2C200","width":350,"height":200,"srcset":"https:\/\/i0.wp.com\/unicatexpeditionvehicles.com\/wp-content\/uploads\/2019\/03\/Usato.jpg?fit=1200%2C675&ssl=1&resize=350%2C200 1x, https:\/\/i0.wp.com\/unicatexpeditionvehicles.com\/wp-content\/uploads\/2019\/03\/Usato.jpg?fit=1200%2C675&ssl=1&resize=525%2C300 1.5x, https:\/\/i0.wp.com\/unicatexpeditionvehicles.com\/wp-content\/uploads\/2019\/03\/Usato.jpg?fit=1200%2C675&ssl=1&resize=700%2C400 2x, https:\/\/i0.wp.com\/unicatexpeditionvehicles.com\/wp-content\/uploads\/2019\/03\/Usato.jpg?fit=1200%2C675&ssl=1&resize=1050%2C600 3x"},"classes":[]},{"id":59,"url":"https:\/\/unicatexpeditionvehicles.com\/es\/service2\/","url_meta":{"origin":3758,"position":2},"title":"SERVICIOS","author":"unicatexpeditionvehicles","date":"29\/10\/2018","format":false,"excerpt":"{:en} UNICAT - always at your service! With this offer - which requires a certain organization and team size - UNICAT clearly stands out from all other competitors on the market.We stand behind our work and offer competent advice, service and support worldwide and around the clock.Equipment of the vehicle,\u00a0operation\u2026","rel":"","context":"Entrada similar","block_context":{"text":"Entrada similar","link":""},"img":{"alt_text":"","src":"https:\/\/i0.wp.com\/unicatexpeditionvehicles.com\/wp-content\/uploads\/2021\/01\/Equipment-01-e1609849517614.jpg?resize=350%2C200&ssl=1","width":350,"height":200,"srcset":"https:\/\/i0.wp.com\/unicatexpeditionvehicles.com\/wp-content\/uploads\/2021\/01\/Equipment-01-e1609849517614.jpg?resize=350%2C200&ssl=1 1x, https:\/\/i0.wp.com\/unicatexpeditionvehicles.com\/wp-content\/uploads\/2021\/01\/Equipment-01-e1609849517614.jpg?resize=525%2C300&ssl=1 1.5x, https:\/\/i0.wp.com\/unicatexpeditionvehicles.com\/wp-content\/uploads\/2021\/01\/Equipment-01-e1609849517614.jpg?resize=700%2C400&ssl=1 2x"},"classes":[]},{"id":19644,"url":"https:\/\/unicatexpeditionvehicles.com\/es\/terracross-line\/","url_meta":{"origin":3758,"position":3},"title":"TERRACROSS","author":"unicatexpeditionvehicles","date":"24\/12\/2023","format":false,"excerpt":"{:en} Bodies in various sizes with proven and tested fixed floor plans and the appropriate technical equipment.Whether alone, as a couple or as a family, travel destination, infrastructure, terrain and also travel duration \u2026 all these are criteria that are ultimately decisive for the optimal vehicle.TERRACROSS implements these criteria and\u2026","rel":"","context":"Entrada similar","block_context":{"text":"Entrada similar","link":""},"img":{"alt_text":"","src":"https:\/\/i0.wp.com\/unicatexpeditionvehicles.com\/wp-content\/uploads\/2020\/12\/collage-TERRACROSS.jpg?resize=350%2C200&ssl=1","width":350,"height":200,"srcset":"https:\/\/i0.wp.com\/unicatexpeditionvehicles.com\/wp-content\/uploads\/2020\/12\/collage-TERRACROSS.jpg?resize=350%2C200&ssl=1 1x, https:\/\/i0.wp.com\/unicatexpeditionvehicles.com\/wp-content\/uploads\/2020\/12\/collage-TERRACROSS.jpg?resize=525%2C300&ssl=1 1.5x, https:\/\/i0.wp.com\/unicatexpeditionvehicles.com\/wp-content\/uploads\/2020\/12\/collage-TERRACROSS.jpg?resize=700%2C400&ssl=1 2x, https:\/\/i0.wp.com\/unicatexpeditionvehicles.com\/wp-content\/uploads\/2020\/12\/collage-TERRACROSS.jpg?resize=1050%2C600&ssl=1 3x"},"classes":[]},{"id":5487,"url":"https:\/\/unicatexpeditionvehicles.com\/es\/engineering\/","url_meta":{"origin":3758,"position":4},"title":"INGENIER\u00edA","author":"unicatexpeditionvehicles","date":"09\/12\/2020","format":false,"excerpt":"{:en} Designing and manufacturing of a UNICAT vehicle can easily be compared with building a house or a yacht.The requirements raised by your personal home preferences and lifestyle must be matched with the technical requirements of building a off-road capable vehicle.To offer safety and comfort, your vehicle has to withstand\u2026","rel":"","context":"Entrada similar","block_context":{"text":"Entrada similar","link":""},"img":{"alt_text":"","src":"https:\/\/i0.wp.com\/unicatexpeditionvehicles.com\/wp-content\/uploads\/2021\/01\/collage-CHASSIS.png?resize=350%2C200&ssl=1","width":350,"height":200,"srcset":"https:\/\/i0.wp.com\/unicatexpeditionvehicles.com\/wp-content\/uploads\/2021\/01\/collage-CHASSIS.png?resize=350%2C200&ssl=1 1x, https:\/\/i0.wp.com\/unicatexpeditionvehicles.com\/wp-content\/uploads\/2021\/01\/collage-CHASSIS.png?resize=525%2C300&ssl=1 1.5x, https:\/\/i0.wp.com\/unicatexpeditionvehicles.com\/wp-content\/uploads\/2021\/01\/collage-CHASSIS.png?resize=700%2C400&ssl=1 2x, https:\/\/i0.wp.com\/unicatexpeditionvehicles.com\/wp-content\/uploads\/2021\/01\/collage-CHASSIS.png?resize=1050%2C600&ssl=1 3x"},"classes":[]},{"id":7016,"url":"https:\/\/unicatexpeditionvehicles.com\/es\/igor-monica-molieri\/","url_meta":{"origin":3758,"position":5},"title":"IGOR &#8211; MONICA MOLIERI","author":"unicatexpeditionvehicles","date":"27\/12\/2020","format":false,"excerpt":"December 2020 We are a couple without great manual skills and with little technical knowledge and before embarking on our \"journey of life\" we wanted to be sure not to be \"abandoned\" in case our new home on wheels named Kami would have a breakdown. A five-year research with careful\u2026","rel":"","context":"Entrada similar","block_context":{"text":"Entrada similar","link":""},"img":{"alt_text":"","src":"https:\/\/i0.wp.com\/unicatexpeditionvehicles.com\/wp-content\/uploads\/2020\/12\/Foto-04.10.19-16-35-07.jpg?fit=1200%2C520&ssl=1&resize=350%2C200","width":350,"height":200,"srcset":"https:\/\/i0.wp.com\/unicatexpeditionvehicles.com\/wp-content\/uploads\/2020\/12\/Foto-04.10.19-16-35-07.jpg?fit=1200%2C520&ssl=1&resize=350%2C200 1x, https:\/\/i0.wp.com\/unicatexpeditionvehicles.com\/wp-content\/uploads\/2020\/12\/Foto-04.10.19-16-35-07.jpg?fit=1200%2C520&ssl=1&resize=525%2C300 1.5x, https:\/\/i0.wp.com\/unicatexpeditionvehicles.com\/wp-content\/uploads\/2020\/12\/Foto-04.10.19-16-35-07.jpg?fit=1200%2C520&ssl=1&resize=700%2C400 2x, https:\/\/i0.wp.com\/unicatexpeditionvehicles.com\/wp-content\/uploads\/2020\/12\/Foto-04.10.19-16-35-07.jpg?fit=1200%2C520&ssl=1&resize=1050%2C600 3x"},"classes":[]}],"_links":{"self":[{"href":"https:\/\/unicatexpeditionvehicles.com\/es\/wp-json\/wp\/v2\/pages\/3758","targetHints":{"allow":["GET"]}}],"collection":[{"href":"https:\/\/unicatexpeditionvehicles.com\/es\/wp-json\/wp\/v2\/pages"}],"about":[{"href":"https:\/\/unicatexpeditionvehicles.com\/es\/wp-json\/wp\/v2\/types\/page"}],"author":[{"embeddable":true,"href":"https:\/\/unicatexpeditionvehicles.com\/es\/wp-json\/wp\/v2\/users\/152699510"}],"replies":[{"embeddable":true,"href":"https:\/\/unicatexpeditionvehicles.com\/es\/wp-json\/wp\/v2\/comments?post=3758"}],"version-history":[{"count":40,"href":"https:\/\/unicatexpeditionvehicles.com\/es\/wp-json\/wp\/v2\/pages\/3758\/revisions"}],"predecessor-version":[{"id":15799,"href":"https:\/\/unicatexpeditionvehicles.com\/es\/wp-json\/wp\/v2\/pages\/3758\/revisions\/15799"}],"wp:featuredmedia":[{"embeddable":true,"href":"https:\/\/unicatexpeditionvehicles.com\/es\/wp-json\/wp\/v2\/media\/240"}],"wp:attachment":[{"href":"https:\/\/unicatexpeditionvehicles.com\/es\/wp-json\/wp\/v2\/media?parent=3758"}],"wp:term":[{"taxonomy":"wf_page_folders","embeddable":true,"href":"https:\/\/unicatexpeditionvehicles.com\/es\/wp-json\/wp\/v2\/wf_page_folders?post=3758"}],"curies":[{"name":"wp","href":"https:\/\/api.w.org\/{rel}","templated":true}]}}