{"id":3571,"date":"2020-11-08T17:14:54","date_gmt":"2020-11-08T16:14:54","guid":{"rendered":"https:\/\/unicatexpeditionvehicles.com\/?page_id=3571"},"modified":"2024-02-12T22:18:16","modified_gmt":"2024-02-12T21:18:16","slug":"intro-service","status":"publish","type":"page","link":"https:\/\/unicatexpeditionvehicles.com\/es\/intro-service\/","title":{"rendered":"Intro servicios"},"content":{"rendered":"\n<hr class=\"wp-block-separator has-css-opacity is-style-wide\"\/>\n\n\n\n<p>UNICAT: \u00a1siempre a su servicio!<\/p>\n\n\n\n<p class=\"has-text-align-justify\">Con esta amplia oferta, la cual requiere una cierta organizaci\u00f3n y&nbsp; tama\u00f1o del equipo, UNICAT destaca claramente por encima de todos los dem\u00e1s competidores del mercado.<br>Respaldamos nuestro trabajo y ofrecemos asesoramiento, servicio y asistencia competentes en todo el mundo y a todas horas.<br>Equipamiento del veh\u00edculo, instrucciones de uso y mantenimiento, formaci\u00f3n de conducci\u00f3n y reparaci\u00f3n, matriculaci\u00f3n, seguros, servicios de secretar\u00eda, env\u00edo y transferencia, tr\u00e1mites aduaneros, almacenamiento, env\u00edo de piezas de repuesto, servicio de reparaci\u00f3n y mantenimiento en todo el mundo, modernizaci\u00f3n, revisi\u00f3n, venta de su veh\u00edculo y asesoramiento al nuevo propietario: nuestro experimentado equipo lleva muchos a\u00f1os prestando todos estos servicios con un gran compromiso personal y para la completa satisfacci\u00f3n de nuestros clientes.<br>Esta oferta no s\u00f3lo es v\u00e1lida para los veh\u00edculos reci\u00e9n entregados, sino sobre todo despu\u00e9s de que haya expirado el periodo de garant\u00eda, independientemente de que hayamos fabricado el veh\u00edculo para usted o de que nos lo haya comprado como veh\u00edculo usado.<br>Sin embargo, s\u00f3lo podemos ofrecer este servicio a nuestros clientes y exclusivamente para veh\u00edculos UNICAT, ya que para ello es imprescindible una relaci\u00f3n de confianza y una documentaci\u00f3n completa.<br>Nos encargamos de la documentaci\u00f3n completa durante la construcci\u00f3n de cada veh\u00edculo, nos esforzamos cada d\u00eda en construir una relaci\u00f3n de confianza entre el equipo y el cliente.<br>A fin de cuentas, formar parte de la familia de propietarios de UNICAT es lo que marca la diferencia.<\/p>\n","protected":false},"excerpt":{"rendered":"<p>UNICAT: \u00a1siempre a su servicio! Con esta amplia oferta, la cual requiere una cierta organizaci\u00f3n y&nbsp; tama\u00f1o del equipo, UNICAT destaca claramente por encima de todos los dem\u00e1s competidores del mercado.Respaldamos nuestro trabajo y ofrecemos asesoramiento, servicio y asistencia competentes en todo el mundo y a todas horas.Equipamiento del veh\u00edculo, instrucciones de uso y mantenimiento, &hellip; <a href=\"https:\/\/unicatexpeditionvehicles.com\/es\/intro-service\/\" class=\"more-link\">Continuar leyendo <span class=\"screen-reader-text\">Intro servicios<\/span> <span class=\"meta-nav\">&rarr;<\/span><\/a><\/p>\n","protected":false},"author":152699510,"featured_media":0,"parent":0,"menu_order":0,"comment_status":"closed","ping_status":"closed","template":"","meta":{"_coblocks_attr":"Arial","_coblocks_dimensions":"","_coblocks_responsive_height":"","_coblocks_accordion_ie_support":"","advanced_seo_description":"","jetpack_seo_html_title":"","jetpack_seo_noindex":false,"footnotes":""},"wf_page_folders":[32308],"class_list":["post-3571","page","type-page","status-publish","hentry"],"translation":{"provider":"WPGlobus","version":"3.0.2","language":"es","enabled_languages":["en","de","it","es","fr","zh"],"languages":{"en":{"title":true,"content":true,"excerpt":false},"de":{"title":true,"content":true,"excerpt":false},"it":{"title":true,"content":true,"excerpt":false},"es":{"title":true,"content":true,"excerpt":false},"fr":{"title":true,"content":true,"excerpt":false},"zh":{"title":true,"content":true,"excerpt":false}}},"jetpack_likes_enabled":true,"jetpack_sharing_enabled":true,"jetpack_shortlink":"https:\/\/wp.me\/PaIsEW-VB","jetpack-related-posts":[{"id":59,"url":"https:\/\/unicatexpeditionvehicles.com\/es\/service2\/","url_meta":{"origin":3571,"position":0},"title":"SERVICIOS","author":"unicatexpeditionvehicles","date":"29\/10\/2018","format":false,"excerpt":"{:en} UNICAT - always at your service! With this offer - which requires a certain organization and team size - UNICAT clearly stands out from all other competitors on the market.We stand behind our work and offer competent advice, service and support worldwide and around the clock.Equipment of the vehicle,\u00a0operation\u2026","rel":"","context":"Entrada similar","block_context":{"text":"Entrada similar","link":""},"img":{"alt_text":"","src":"https:\/\/i0.wp.com\/unicatexpeditionvehicles.com\/wp-content\/uploads\/2021\/01\/Equipment-01-e1609849517614.jpg?resize=350%2C200&ssl=1","width":350,"height":200,"srcset":"https:\/\/i0.wp.com\/unicatexpeditionvehicles.com\/wp-content\/uploads\/2021\/01\/Equipment-01-e1609849517614.jpg?resize=350%2C200&ssl=1 1x, https:\/\/i0.wp.com\/unicatexpeditionvehicles.com\/wp-content\/uploads\/2021\/01\/Equipment-01-e1609849517614.jpg?resize=525%2C300&ssl=1 1.5x, https:\/\/i0.wp.com\/unicatexpeditionvehicles.com\/wp-content\/uploads\/2021\/01\/Equipment-01-e1609849517614.jpg?resize=700%2C400&ssl=1 2x"},"classes":[]},{"id":9261,"url":"https:\/\/unicatexpeditionvehicles.com\/es\/maryse-and-albert-wildgen\/","url_meta":{"origin":3571,"position":1},"title":"MARYSE AND ALBERT WILDGEN","author":"unicatexpeditionvehicles","date":"18\/01\/2021","format":false,"excerpt":"December 2004We are the proud owners of an expedition vehicle on a MAN TGA 6x6 chassis.\u00a0We are enthusiastic African travelers and have chosen a route that is not quite so easy for our first tour: Tunisia, Libya, Nigeria, Burkina Faso, and Ghana.After more than 9,000 kilometers, we are completely awed\u2026","rel":"","context":"Entrada similar","block_context":{"text":"Entrada similar","link":""},"img":{"alt_text":"","src":"https:\/\/i0.wp.com\/unicatexpeditionvehicles.com\/wp-content\/uploads\/2021\/01\/MaFreedRelax.jpg?fit=1200%2C782&ssl=1&resize=350%2C200","width":350,"height":200,"srcset":"https:\/\/i0.wp.com\/unicatexpeditionvehicles.com\/wp-content\/uploads\/2021\/01\/MaFreedRelax.jpg?fit=1200%2C782&ssl=1&resize=350%2C200 1x, https:\/\/i0.wp.com\/unicatexpeditionvehicles.com\/wp-content\/uploads\/2021\/01\/MaFreedRelax.jpg?fit=1200%2C782&ssl=1&resize=525%2C300 1.5x, https:\/\/i0.wp.com\/unicatexpeditionvehicles.com\/wp-content\/uploads\/2021\/01\/MaFreedRelax.jpg?fit=1200%2C782&ssl=1&resize=700%2C400 2x, https:\/\/i0.wp.com\/unicatexpeditionvehicles.com\/wp-content\/uploads\/2021\/01\/MaFreedRelax.jpg?fit=1200%2C782&ssl=1&resize=1050%2C600 3x"},"classes":[]},{"id":7016,"url":"https:\/\/unicatexpeditionvehicles.com\/es\/igor-monica-molieri\/","url_meta":{"origin":3571,"position":2},"title":"IGOR &#8211; MONICA MOLIERI","author":"unicatexpeditionvehicles","date":"27\/12\/2020","format":false,"excerpt":"December 2020 We are a couple without great manual skills and with little technical knowledge and before embarking on our \"journey of life\" we wanted to be sure not to be \"abandoned\" in case our new home on wheels named Kami would have a breakdown. A five-year research with careful\u2026","rel":"","context":"Entrada similar","block_context":{"text":"Entrada similar","link":""},"img":{"alt_text":"","src":"https:\/\/i0.wp.com\/unicatexpeditionvehicles.com\/wp-content\/uploads\/2020\/12\/Foto-04.10.19-16-35-07.jpg?fit=1200%2C520&ssl=1&resize=350%2C200","width":350,"height":200,"srcset":"https:\/\/i0.wp.com\/unicatexpeditionvehicles.com\/wp-content\/uploads\/2020\/12\/Foto-04.10.19-16-35-07.jpg?fit=1200%2C520&ssl=1&resize=350%2C200 1x, https:\/\/i0.wp.com\/unicatexpeditionvehicles.com\/wp-content\/uploads\/2020\/12\/Foto-04.10.19-16-35-07.jpg?fit=1200%2C520&ssl=1&resize=525%2C300 1.5x, https:\/\/i0.wp.com\/unicatexpeditionvehicles.com\/wp-content\/uploads\/2020\/12\/Foto-04.10.19-16-35-07.jpg?fit=1200%2C520&ssl=1&resize=700%2C400 2x, https:\/\/i0.wp.com\/unicatexpeditionvehicles.com\/wp-content\/uploads\/2020\/12\/Foto-04.10.19-16-35-07.jpg?fit=1200%2C520&ssl=1&resize=1050%2C600 3x"},"classes":[]},{"id":1500,"url":"https:\/\/unicatexpeditionvehicles.com\/es\/intro-engineering\/","url_meta":{"origin":3571,"position":3},"title":"intro INGENIER\u00edA","author":"unicatexpeditionvehicles","date":"25\/02\/2019","format":false,"excerpt":"{:en} Designing and manufacturing of a UNICAT vehicle can easily be compared with building a house or a yacht.The requirements raised by your personal home preferences and lifestyle must be matched with the technical requirements of building a off-road capable vehicle.To offer safety and comfort, your vehicle has to withstand\u2026","rel":"","context":"Entrada similar","block_context":{"text":"Entrada similar","link":""},"img":{"alt_text":"","src":"","width":0,"height":0},"classes":[]},{"id":10372,"url":"https:\/\/unicatexpeditionvehicles.com\/es\/intro-vehicles-en\/","url_meta":{"origin":3571,"position":4},"title":"INTRO VEHICLE","author":"unicatexpeditionvehicles","date":"23\/02\/2021","format":false,"excerpt":"{:en} The requirements of overlanders and world travelers share many similarities, yet their\u00a0demands on the body and vehicle chassis\u00a0may vary. UNICAT addresses a diverse range of needs through its 5 product lines, consistently upholding the principle of unwavering quality and engineering expertise. Experience the ultimate in drivability with our low\u2026","rel":"","context":"Entrada similar","block_context":{"text":"Entrada similar","link":""},"img":{"alt_text":"","src":"https:\/\/i0.wp.com\/unicatexpeditionvehicles.com\/wp-content\/uploads\/2020\/12\/collage-TERRACROSS.jpg?resize=350%2C200&ssl=1","width":350,"height":200,"srcset":"https:\/\/i0.wp.com\/unicatexpeditionvehicles.com\/wp-content\/uploads\/2020\/12\/collage-TERRACROSS.jpg?resize=350%2C200&ssl=1 1x, https:\/\/i0.wp.com\/unicatexpeditionvehicles.com\/wp-content\/uploads\/2020\/12\/collage-TERRACROSS.jpg?resize=525%2C300&ssl=1 1.5x, https:\/\/i0.wp.com\/unicatexpeditionvehicles.com\/wp-content\/uploads\/2020\/12\/collage-TERRACROSS.jpg?resize=700%2C400&ssl=1 2x, https:\/\/i0.wp.com\/unicatexpeditionvehicles.com\/wp-content\/uploads\/2020\/12\/collage-TERRACROSS.jpg?resize=1050%2C600&ssl=1 3x"},"classes":[]},{"id":8470,"url":"https:\/\/unicatexpeditionvehicles.com\/es\/resale\/","url_meta":{"origin":3571,"position":5},"title":"REVENTA","author":"unicatexpeditionvehicles","date":"05\/01\/2021","format":false,"excerpt":"{:en} UNICAT will be your partner for buying and selling pre-loved Unicat expedition vehicles at a fare price.Therefore, the SECOND HANDS area of the Unicat website is available for re-homing of used UNICAT expedition vehicles.After preparing a comprehensive sales profile, potential buyers can browse the complete details, specifications and photographs\u2026","rel":"","context":"Entrada similar","block_context":{"text":"Entrada similar","link":""},"img":{"alt_text":"","src":"https:\/\/i0.wp.com\/unicatexpeditionvehicles.com\/wp-content\/uploads\/2019\/03\/Usato.jpg?fit=1200%2C675&ssl=1&resize=350%2C200","width":350,"height":200,"srcset":"https:\/\/i0.wp.com\/unicatexpeditionvehicles.com\/wp-content\/uploads\/2019\/03\/Usato.jpg?fit=1200%2C675&ssl=1&resize=350%2C200 1x, https:\/\/i0.wp.com\/unicatexpeditionvehicles.com\/wp-content\/uploads\/2019\/03\/Usato.jpg?fit=1200%2C675&ssl=1&resize=525%2C300 1.5x, https:\/\/i0.wp.com\/unicatexpeditionvehicles.com\/wp-content\/uploads\/2019\/03\/Usato.jpg?fit=1200%2C675&ssl=1&resize=700%2C400 2x, https:\/\/i0.wp.com\/unicatexpeditionvehicles.com\/wp-content\/uploads\/2019\/03\/Usato.jpg?fit=1200%2C675&ssl=1&resize=1050%2C600 3x"},"classes":[]}],"_links":{"self":[{"href":"https:\/\/unicatexpeditionvehicles.com\/es\/wp-json\/wp\/v2\/pages\/3571","targetHints":{"allow":["GET"]}}],"collection":[{"href":"https:\/\/unicatexpeditionvehicles.com\/es\/wp-json\/wp\/v2\/pages"}],"about":[{"href":"https:\/\/unicatexpeditionvehicles.com\/es\/wp-json\/wp\/v2\/types\/page"}],"author":[{"embeddable":true,"href":"https:\/\/unicatexpeditionvehicles.com\/es\/wp-json\/wp\/v2\/users\/152699510"}],"replies":[{"embeddable":true,"href":"https:\/\/unicatexpeditionvehicles.com\/es\/wp-json\/wp\/v2\/comments?post=3571"}],"version-history":[{"count":54,"href":"https:\/\/unicatexpeditionvehicles.com\/es\/wp-json\/wp\/v2\/pages\/3571\/revisions"}],"predecessor-version":[{"id":20391,"href":"https:\/\/unicatexpeditionvehicles.com\/es\/wp-json\/wp\/v2\/pages\/3571\/revisions\/20391"}],"wp:attachment":[{"href":"https:\/\/unicatexpeditionvehicles.com\/es\/wp-json\/wp\/v2\/media?parent=3571"}],"wp:term":[{"taxonomy":"wf_page_folders","embeddable":true,"href":"https:\/\/unicatexpeditionvehicles.com\/es\/wp-json\/wp\/v2\/wf_page_folders?post=3571"}],"curies":[{"name":"wp","href":"https:\/\/api.w.org\/{rel}","templated":true}]}}