{"id":8474,"date":"2021-01-05T11:24:57","date_gmt":"2021-01-05T10:24:57","guid":{"rendered":"https:\/\/unicatexpeditionvehicles.com\/?page_id=8474"},"modified":"2022-03-25T18:15:27","modified_gmt":"2022-03-25T17:15:27","slug":"renewal","status":"publish","type":"page","link":"https:\/\/unicatexpeditionvehicles.com\/de\/renewal\/","title":{"rendered":"Modernisierung"},"content":{"rendered":"\n<hr class=\"wp-block-separator is-style-wide\"\/>\n\n\n\n<p class=\"has-text-align-justify\">UNICAT ist nicht nur Hersteller von hochwertigen Expeditionsfahrzeugen, sondern versteht sich auch als zuverl\u00e4ssiger Partner f\u00fcr alle UNICAT-Besitzer, unabh\u00e4ngig davon, ob sie ihr Fahrzeug neu, gebraucht oder aus dritter Hand erworben haben.<\/p>\n\n\n\n<p class=\"has-text-align-justify\">In Anbetracht der ungew\u00f6hnlich langen Lebensdauer eines UNICAT-Fahrzeugs ist es sinnvoll, ein Fahrzeug von Zeit zu Zeit zu modernisieren und auf den neuesten Stand der Technik zu bringen.<\/p>\n\n\n\n<p class=\"has-text-align-justify\">Wird ein Fahrzeug verkauft, kann es nach den speziellen W\u00fcnschen des neuen Besitzers erneuert und modifiziert werden.<\/p>\n\n\n\n<p class=\"has-text-align-justify\">Die UNICAT-Serviceabteilung nimmt Ihre individuellen W\u00fcnsche gerne auf und setzt sie in einem klar definierten Zeit- und Kostenrahmen um.<\/p>\n\n\n\n<figure class=\"wp-block-jetpack-image-compare\"><div class=\"juxtapose\" data-mode=\"horizontal\"><img loading=\"lazy\" decoding=\"async\" id=\"9863\" src=\"https:\/\/i1.wp.com\/unicatexpeditionvehicles.com\/wp-content\/uploads\/2021\/01\/VXL16HD-Sitzgr.-v.o.3-1.jpeg?ssl=1\" alt=\"\" width=\"2048\" height=\"1536\" class=\"image-compare__image-before\"\/><img loading=\"lazy\" decoding=\"async\" id=\"9857\" src=\"https:\/\/i0.wp.com\/unicatexpeditionvehicles.com\/wp-content\/uploads\/2021\/01\/2020-07-21-12.54.32.jpeg?ssl=1\" alt=\"\" width=\"1280\" height=\"854\" class=\"image-compare__image-after\"\/><\/div><\/figure>\n\n\n\n<div style=\"height:100px\" aria-hidden=\"true\" class=\"wp-block-spacer\"><\/div>\n\n\n\n<figure class=\"wp-block-jetpack-image-compare\"><div class=\"juxtapose\" data-mode=\"horizontal\"><img loading=\"lazy\" decoding=\"async\" id=\"9865\" src=\"https:\/\/i2.wp.com\/unicatexpeditionvehicles.com\/wp-content\/uploads\/2021\/01\/VXL16HD-Ku\u0308che-u.-Ku\u0308hlsch.-1.jpeg?ssl=1\" alt=\"\" width=\"2048\" height=\"1536\" class=\"image-compare__image-before\"\/><img loading=\"lazy\" decoding=\"async\" id=\"9859\" src=\"https:\/\/i2.wp.com\/unicatexpeditionvehicles.com\/wp-content\/uploads\/2021\/01\/2020-07-21-12.38.24.jpeg?ssl=1\" alt=\"\" width=\"1280\" height=\"854\" class=\"image-compare__image-after\"\/><\/div><\/figure>\n\n\n\n<div style=\"height:100px\" aria-hidden=\"true\" class=\"wp-block-spacer\"><\/div>\n\n\n\n<figure class=\"wp-block-jetpack-image-compare\"><div class=\"juxtapose\" data-mode=\"horizontal\"><img loading=\"lazy\" decoding=\"async\" id=\"9869\" src=\"https:\/\/i0.wp.com\/unicatexpeditionvehicles.com\/wp-content\/uploads\/2021\/01\/VXL16HD-Bad-2.jpeg?ssl=1\" alt=\"\" width=\"2048\" height=\"1536\" class=\"image-compare__image-before\"\/><img loading=\"lazy\" decoding=\"async\" id=\"9856\" src=\"https:\/\/i2.wp.com\/unicatexpeditionvehicles.com\/wp-content\/uploads\/2021\/01\/2020-07-21-13.10.55.jpeg?ssl=1\" alt=\"\" width=\"1280\" height=\"854\" class=\"image-compare__image-after\"\/><\/div><\/figure>\n\n\n\n<div style=\"height:100px\" aria-hidden=\"true\" class=\"wp-block-spacer\"><\/div>\n\n\n\n<figure class=\"wp-block-jetpack-image-compare\"><div class=\"juxtapose\" data-mode=\"horizontal\"><img loading=\"lazy\" decoding=\"async\" id=\"9861\" src=\"https:\/\/i0.wp.com\/unicatexpeditionvehicles.com\/wp-content\/uploads\/2021\/01\/VXL16HD-Totale-1.jpeg?ssl=1\" alt=\"\" width=\"2048\" height=\"1536\" class=\"image-compare__image-before\"\/><img loading=\"lazy\" decoding=\"async\" id=\"9858\" src=\"https:\/\/i1.wp.com\/unicatexpeditionvehicles.com\/wp-content\/uploads\/2021\/01\/2020-07-21-12.50.43.jpeg?ssl=1\" alt=\"\" width=\"1280\" height=\"854\" class=\"image-compare__image-after\"\/><\/div><\/figure>\n","protected":false},"excerpt":{"rendered":"<p>UNICAT ist nicht nur Hersteller von hochwertigen Expeditionsfahrzeugen, sondern versteht sich auch als zuverl\u00e4ssiger Partner f\u00fcr alle UNICAT-Besitzer, unabh\u00e4ngig davon, ob sie ihr Fahrzeug neu, gebraucht oder aus dritter Hand erworben haben. In Anbetracht der ungew\u00f6hnlich langen Lebensdauer eines UNICAT-Fahrzeugs ist es sinnvoll, ein Fahrzeug von Zeit zu Zeit zu modernisieren und auf den neuesten &hellip; <a href=\"https:\/\/unicatexpeditionvehicles.com\/de\/renewal\/\" class=\"more-link\">Weiterlesen <span class=\"screen-reader-text\">Modernisierung<\/span> <span class=\"meta-nav\">&rarr;<\/span><\/a><\/p>\n","protected":false},"author":152699510,"featured_media":8488,"parent":0,"menu_order":0,"comment_status":"closed","ping_status":"closed","template":"templates\/testimonial-page.php","meta":{"_coblocks_attr":"","_coblocks_dimensions":"","_coblocks_responsive_height":"","_coblocks_accordion_ie_support":"","advanced_seo_description":"UNICAT is not only a manufacturer of high-quality expedition vehicles but also understands itself as a reliable partner for all UNICAT owners, regardless of whether they have purchased their vehicle new, second-hand or third-hand.\n\nConsidering the unusually long lifespan of a UNICAT vehicle, it makes sense to modernize a vehicle from time to time and bring it up to date with the latest technology.\n\nIf a vehicle is sold, it can be renewed and modified according to the special wishes of the new owner.\n\nThe UNICAT service department is happy to take on your individual requests and implement them within a clearly defined timeframe and budget.","jetpack_seo_html_title":"","jetpack_seo_noindex":false,"footnotes":""},"wf_page_folders":[32308],"class_list":["post-8474","page","type-page","status-publish","has-post-thumbnail","hentry"],"translation":{"provider":"WPGlobus","version":"3.0.2","language":"de","enabled_languages":["en","de","it","es","fr","zh"],"languages":{"en":{"title":true,"content":true,"excerpt":false},"de":{"title":true,"content":true,"excerpt":false},"it":{"title":true,"content":true,"excerpt":false},"es":{"title":true,"content":true,"excerpt":false},"fr":{"title":true,"content":true,"excerpt":false},"zh":{"title":true,"content":true,"excerpt":false}}},"jetpack_likes_enabled":false,"jetpack_sharing_enabled":false,"jetpack_shortlink":"https:\/\/wp.me\/PaIsEW-2cG","jetpack-related-posts":[{"id":9261,"url":"https:\/\/unicatexpeditionvehicles.com\/de\/maryse-and-albert-wildgen\/","url_meta":{"origin":8474,"position":0},"title":"MARYSE AND ALBERT WILDGEN","author":"unicatexpeditionvehicles","date":"18\/01\/2021","format":false,"excerpt":"December 2004We are the proud owners of an expedition vehicle on a MAN TGA 6x6 chassis.\u00a0We are enthusiastic African travelers and have chosen a route that is not quite so easy for our first tour: Tunisia, Libya, Nigeria, Burkina Faso, and Ghana.After more than 9,000 kilometers, we are completely awed\u2026","rel":"","context":"\u00c4hnlicher Beitrag","block_context":{"text":"\u00c4hnlicher Beitrag","link":""},"img":{"alt_text":"","src":"https:\/\/i0.wp.com\/unicatexpeditionvehicles.com\/wp-content\/uploads\/2021\/01\/MaFreedRelax.jpg?fit=1200%2C782&ssl=1&resize=350%2C200","width":350,"height":200,"srcset":"https:\/\/i0.wp.com\/unicatexpeditionvehicles.com\/wp-content\/uploads\/2021\/01\/MaFreedRelax.jpg?fit=1200%2C782&ssl=1&resize=350%2C200 1x, https:\/\/i0.wp.com\/unicatexpeditionvehicles.com\/wp-content\/uploads\/2021\/01\/MaFreedRelax.jpg?fit=1200%2C782&ssl=1&resize=525%2C300 1.5x, https:\/\/i0.wp.com\/unicatexpeditionvehicles.com\/wp-content\/uploads\/2021\/01\/MaFreedRelax.jpg?fit=1200%2C782&ssl=1&resize=700%2C400 2x, https:\/\/i0.wp.com\/unicatexpeditionvehicles.com\/wp-content\/uploads\/2021\/01\/MaFreedRelax.jpg?fit=1200%2C782&ssl=1&resize=1050%2C600 3x"},"classes":[]},{"id":9065,"url":"https:\/\/unicatexpeditionvehicles.com\/de\/riton-and-ruth-grab\/","url_meta":{"origin":8474,"position":1},"title":"Riton and Ruth GRAB","author":"unicatexpeditionvehicles","date":"17\/01\/2021","format":false,"excerpt":"Why an expedition vehicle?I felt adventurous even when I was young. My friends and I, crowded in a Jeep (with a tent and gas cooker), toured remote and romantic areas away from main tourist attractions. But I could not inspire my wife to this kind of vacationing.\u00a0Then, a few years\u2026","rel":"","context":"\u00c4hnlicher Beitrag","block_context":{"text":"\u00c4hnlicher Beitrag","link":""},"img":{"alt_text":"","src":"https:\/\/i0.wp.com\/unicatexpeditionvehicles.com\/wp-content\/uploads\/2021\/01\/EX58HD-MAN-TGA-4X4-51.jpeg?fit=1200%2C556&ssl=1&resize=350%2C200","width":350,"height":200,"srcset":"https:\/\/i0.wp.com\/unicatexpeditionvehicles.com\/wp-content\/uploads\/2021\/01\/EX58HD-MAN-TGA-4X4-51.jpeg?fit=1200%2C556&ssl=1&resize=350%2C200 1x, https:\/\/i0.wp.com\/unicatexpeditionvehicles.com\/wp-content\/uploads\/2021\/01\/EX58HD-MAN-TGA-4X4-51.jpeg?fit=1200%2C556&ssl=1&resize=525%2C300 1.5x, https:\/\/i0.wp.com\/unicatexpeditionvehicles.com\/wp-content\/uploads\/2021\/01\/EX58HD-MAN-TGA-4X4-51.jpeg?fit=1200%2C556&ssl=1&resize=700%2C400 2x, https:\/\/i0.wp.com\/unicatexpeditionvehicles.com\/wp-content\/uploads\/2021\/01\/EX58HD-MAN-TGA-4X4-51.jpeg?fit=1200%2C556&ssl=1&resize=1050%2C600 3x"},"classes":[]},{"id":8470,"url":"https:\/\/unicatexpeditionvehicles.com\/de\/resale\/","url_meta":{"origin":8474,"position":2},"title":"WIEDERVERKAUF","author":"unicatexpeditionvehicles","date":"05\/01\/2021","format":false,"excerpt":"{:en} UNICAT will be your partner for buying and selling pre-loved Unicat expedition vehicles at a fare price.Therefore, the SECOND HANDS area of the Unicat website is available for re-homing of used UNICAT expedition vehicles.After preparing a comprehensive sales profile, potential buyers can browse the complete details, specifications and photographs\u2026","rel":"","context":"\u00c4hnlicher Beitrag","block_context":{"text":"\u00c4hnlicher Beitrag","link":""},"img":{"alt_text":"","src":"https:\/\/i0.wp.com\/unicatexpeditionvehicles.com\/wp-content\/uploads\/2019\/03\/Usato.jpg?fit=1200%2C675&ssl=1&resize=350%2C200","width":350,"height":200,"srcset":"https:\/\/i0.wp.com\/unicatexpeditionvehicles.com\/wp-content\/uploads\/2019\/03\/Usato.jpg?fit=1200%2C675&ssl=1&resize=350%2C200 1x, https:\/\/i0.wp.com\/unicatexpeditionvehicles.com\/wp-content\/uploads\/2019\/03\/Usato.jpg?fit=1200%2C675&ssl=1&resize=525%2C300 1.5x, https:\/\/i0.wp.com\/unicatexpeditionvehicles.com\/wp-content\/uploads\/2019\/03\/Usato.jpg?fit=1200%2C675&ssl=1&resize=700%2C400 2x, https:\/\/i0.wp.com\/unicatexpeditionvehicles.com\/wp-content\/uploads\/2019\/03\/Usato.jpg?fit=1200%2C675&ssl=1&resize=1050%2C600 3x"},"classes":[]},{"id":22807,"url":"https:\/\/unicatexpeditionvehicles.com\/de\/","url_meta":{"origin":8474,"position":3},"title":"THIS IS UNICAT","author":"unicatexpeditionvehicles","date":"03\/08\/2025","format":false,"excerpt":"{:en} THIS IS UNICAT https:\/\/videopress.com\/v\/k5TYRDiv?resizeToParent=true&cover=true&autoPlay=true&controls=false&loop=true&posterUrl=https%3A%2F%2Funicatexpeditionvehicles.com%2Fwp-content%2Fuploads%2F2025%2F06%2Fpromo_mp4_vp9_2160p.original.jpg&preloadContent=metadata&useAverageColor=true LAST NEWS ALL NEWS --> PREOWNED TC78 Family Suite MAN TGS 6x6x4\u00a01.400.000 \u20ac EX45 HD UNIMOG U5000\u00a0390.000 \u20ac ALL PREOWNED --> EXPEDITION VEHICLES' LINES OUR CLIENT AROUND THE WORLD GALLERY --> LAST VIDEOS https:\/\/youtu.be\/FVXOVemzMDI?si=tzyHOnqE1UbuZfd1 . https:\/\/youtu.be\/l28CgqnfoQk?si=O13ZwBtBaI-q7DwZ . https:\/\/youtu.be\/g89kVB1CcD4?si=55vzLtH09cvrJj96 ALL VIDEOS --> Enter your email address\u2026","rel":"","context":"\u00c4hnlicher Beitrag","block_context":{"text":"\u00c4hnlicher Beitrag","link":""},"img":{"alt_text":"","src":"https:\/\/i0.wp.com\/unicatexpeditionvehicles.com\/wp-content\/uploads\/2025\/01\/TC783h-MAN-TGS-6x6x4-CC-a00-1-2.jpeg?resize=350%2C200&ssl=1","width":350,"height":200,"srcset":"https:\/\/i0.wp.com\/unicatexpeditionvehicles.com\/wp-content\/uploads\/2025\/01\/TC783h-MAN-TGS-6x6x4-CC-a00-1-2.jpeg?resize=350%2C200&ssl=1 1x, https:\/\/i0.wp.com\/unicatexpeditionvehicles.com\/wp-content\/uploads\/2025\/01\/TC783h-MAN-TGS-6x6x4-CC-a00-1-2.jpeg?resize=525%2C300&ssl=1 1.5x, https:\/\/i0.wp.com\/unicatexpeditionvehicles.com\/wp-content\/uploads\/2025\/01\/TC783h-MAN-TGS-6x6x4-CC-a00-1-2.jpeg?resize=700%2C400&ssl=1 2x, https:\/\/i0.wp.com\/unicatexpeditionvehicles.com\/wp-content\/uploads\/2025\/01\/TC783h-MAN-TGS-6x6x4-CC-a00-1-2.jpeg?resize=1050%2C600&ssl=1 3x, https:\/\/i0.wp.com\/unicatexpeditionvehicles.com\/wp-content\/uploads\/2025\/01\/TC783h-MAN-TGS-6x6x4-CC-a00-1-2.jpeg?resize=1400%2C800&ssl=1 4x"},"classes":[]},{"id":9050,"url":"https:\/\/unicatexpeditionvehicles.com\/de\/charles-seiller\/","url_meta":{"origin":8474,"position":4},"title":"Charles Seiller","author":"unicatexpeditionvehicles","date":"17\/01\/2021","format":false,"excerpt":"January 2010 \"I bought my Unimog U 1550 L in early 2002 at Unicat and I have now travelled more than 75,000 km with it a little bit all over the world Iceland, Scotland, the Pyrenees, the Alps, Poland, and every winter in Lapland. With the exception of very few\u2026","rel":"","context":"\u00c4hnlicher Beitrag","block_context":{"text":"\u00c4hnlicher Beitrag","link":""},"img":{"alt_text":"","src":"https:\/\/i0.wp.com\/unicatexpeditionvehicles.com\/wp-content\/uploads\/2020\/12\/EX38-UnimogU1550L37.2-560-e1610902580947.jpg?fit=560%2C315&ssl=1&resize=350%2C200","width":350,"height":200,"srcset":"https:\/\/i0.wp.com\/unicatexpeditionvehicles.com\/wp-content\/uploads\/2020\/12\/EX38-UnimogU1550L37.2-560-e1610902580947.jpg?fit=560%2C315&ssl=1&resize=350%2C200 1x, https:\/\/i0.wp.com\/unicatexpeditionvehicles.com\/wp-content\/uploads\/2020\/12\/EX38-UnimogU1550L37.2-560-e1610902580947.jpg?fit=560%2C315&ssl=1&resize=525%2C300 1.5x"},"classes":[]},{"id":5682,"url":"https:\/\/unicatexpeditionvehicles.com\/de\/unicat-china-gallery\/","url_meta":{"origin":8474,"position":5},"title":"Unicat owners","author":"unicatexpeditionvehicles","date":"11\/12\/2020","format":false,"excerpt":"{:en} {:}{:zh} {:}","rel":"","context":"\u00c4hnlicher Beitrag","block_context":{"text":"\u00c4hnlicher Beitrag","link":""},"img":{"alt_text":"","src":"https:\/\/i0.wp.com\/unicatexpeditionvehicles.com\/wp-content\/uploads\/2022\/06\/IMG_8487.jpeg?resize=350%2C200&ssl=1","width":350,"height":200,"srcset":"https:\/\/i0.wp.com\/unicatexpeditionvehicles.com\/wp-content\/uploads\/2022\/06\/IMG_8487.jpeg?resize=350%2C200&ssl=1 1x, https:\/\/i0.wp.com\/unicatexpeditionvehicles.com\/wp-content\/uploads\/2022\/06\/IMG_8487.jpeg?resize=525%2C300&ssl=1 1.5x, https:\/\/i0.wp.com\/unicatexpeditionvehicles.com\/wp-content\/uploads\/2022\/06\/IMG_8487.jpeg?resize=700%2C400&ssl=1 2x, https:\/\/i0.wp.com\/unicatexpeditionvehicles.com\/wp-content\/uploads\/2022\/06\/IMG_8487.jpeg?resize=1050%2C600&ssl=1 3x, https:\/\/i0.wp.com\/unicatexpeditionvehicles.com\/wp-content\/uploads\/2022\/06\/IMG_8487.jpeg?resize=1400%2C800&ssl=1 4x"},"classes":[]}],"_links":{"self":[{"href":"https:\/\/unicatexpeditionvehicles.com\/de\/wp-json\/wp\/v2\/pages\/8474","targetHints":{"allow":["GET"]}}],"collection":[{"href":"https:\/\/unicatexpeditionvehicles.com\/de\/wp-json\/wp\/v2\/pages"}],"about":[{"href":"https:\/\/unicatexpeditionvehicles.com\/de\/wp-json\/wp\/v2\/types\/page"}],"author":[{"embeddable":true,"href":"https:\/\/unicatexpeditionvehicles.com\/de\/wp-json\/wp\/v2\/users\/152699510"}],"replies":[{"embeddable":true,"href":"https:\/\/unicatexpeditionvehicles.com\/de\/wp-json\/wp\/v2\/comments?post=8474"}],"version-history":[{"count":42,"href":"https:\/\/unicatexpeditionvehicles.com\/de\/wp-json\/wp\/v2\/pages\/8474\/revisions"}],"predecessor-version":[{"id":15810,"href":"https:\/\/unicatexpeditionvehicles.com\/de\/wp-json\/wp\/v2\/pages\/8474\/revisions\/15810"}],"wp:featuredmedia":[{"embeddable":true,"href":"https:\/\/unicatexpeditionvehicles.com\/de\/wp-json\/wp\/v2\/media\/8488"}],"wp:attachment":[{"href":"https:\/\/unicatexpeditionvehicles.com\/de\/wp-json\/wp\/v2\/media?parent=8474"}],"wp:term":[{"taxonomy":"wf_page_folders","embeddable":true,"href":"https:\/\/unicatexpeditionvehicles.com\/de\/wp-json\/wp\/v2\/wf_page_folders?post=8474"}],"curies":[{"name":"wp","href":"https:\/\/api.w.org\/{rel}","templated":true}]}}