{"id":8139,"date":"2021-01-02T16:36:53","date_gmt":"2021-01-02T15:36:53","guid":{"rendered":"https:\/\/unicatexpeditionvehicles.com\/?page_id=8139"},"modified":"2022-03-29T02:36:51","modified_gmt":"2022-03-29T01:36:51","slug":"tour-bus-4x4","status":"publish","type":"page","link":"https:\/\/unicatexpeditionvehicles.com\/de\/tour-bus-4x4\/","title":{"rendered":""},"content":{"rendered":"\n<hr class=\"wp-block-separator is-style-wide\"\/>\n\n\n\n<div class=\"wp-block-image coblocks-animate\" data-coblocks-animation=\"fadeIn\"><figure class=\"aligncenter size-large\"><img data-recalc-dims=\"1\" loading=\"lazy\" decoding=\"async\" width=\"560\" height=\"315\" data-attachment-id=\"4956\" data-permalink=\"https:\/\/unicatexpeditionvehicles.com\/de\/allradreisebus-560\/\" data-orig-file=\"https:\/\/i0.wp.com\/unicatexpeditionvehicles.com\/wp-content\/uploads\/2020\/12\/Allradreisebus-560-e1607529735775.jpg?fit=560%2C315&amp;ssl=1\" data-orig-size=\"560,315\" data-comments-opened=\"1\" data-image-meta=\"{&quot;aperture&quot;:&quot;0&quot;,&quot;credit&quot;:&quot;&quot;,&quot;camera&quot;:&quot;&quot;,&quot;caption&quot;:&quot;&quot;,&quot;created_timestamp&quot;:&quot;0&quot;,&quot;copyright&quot;:&quot;&quot;,&quot;focal_length&quot;:&quot;0&quot;,&quot;iso&quot;:&quot;0&quot;,&quot;shutter_speed&quot;:&quot;0&quot;,&quot;title&quot;:&quot;&quot;,&quot;orientation&quot;:&quot;0&quot;}\" data-image-title=\"Allradreisebus-560\" data-image-description=\"\" data-image-caption=\"\" data-large-file=\"https:\/\/i0.wp.com\/unicatexpeditionvehicles.com\/wp-content\/uploads\/2020\/12\/Allradreisebus-560-e1607529735775.jpg?fit=560%2C315&amp;ssl=1\" src=\"https:\/\/i0.wp.com\/unicatexpeditionvehicles.com\/wp-content\/uploads\/2020\/12\/Allradreisebus-560-e1607529735775.jpg?resize=560%2C315&#038;ssl=1\" alt=\"\" class=\"wp-image-4956\" srcset=\"https:\/\/i0.wp.com\/unicatexpeditionvehicles.com\/wp-content\/uploads\/2020\/12\/Allradreisebus-560-e1607529735775.jpg?w=560&amp;ssl=1 560w, https:\/\/i0.wp.com\/unicatexpeditionvehicles.com\/wp-content\/uploads\/2020\/12\/Allradreisebus-560-e1607529735775.jpg?resize=300%2C169&amp;ssl=1 300w\" sizes=\"auto, (max-width: 560px) 100vw, 560px\" \/><\/figure><\/div>\n\n\n\n<hr class=\"wp-block-separator is-style-wide\"\/>\n\n\n\n<div class=\"wp-block-coblocks-accordion\">\n<div class=\"wp-block-coblocks-accordion-item\"><\/div>\n<\/div>\n\n\n<p style=\"text-align: justify;\"><b>Beschreibung<\/b><\/p>\n<ul type=\"square\">\n<li>Fahrzeugtyp: Allrad-Reisebus<\/li>\n<li>Fahrgestell: MAN 14.224 LARC<\/li>\n<li>Radstand: 4510 mm<\/li>\n<li>Motor: 6-Zylinder Turbo-Diesel, 162 kW (220 PS)<\/li>\n<li>Zul. Gesamtgewicht: 11.700 kg<\/li>\n<li>Ma\u00dfe gesamt: 8090 x 2300 x 3330 mm<\/li>\n<li>Ma\u00dfe Aufbau: 6350 x 2300 x 2150 mm<\/li>\n<\/ul>\n<p style=\"text-align: justify;\"><b>Besonderheiten<\/b><\/p>\n<ul type=\"square\">\n<li>Rechtslenker f\u00fcr Fahrten im s\u00fcdlichen Afrika<\/li>\n<\/ul>\n\n\n<p><\/p>\n","protected":false},"excerpt":{"rendered":"<p>Beschreibung Fahrzeugtyp: Allrad-Reisebus Fahrgestell: MAN 14.224 LARC Radstand: 4510 mm Motor: 6-Zylinder Turbo-Diesel, 162 kW (220 PS) Zul. Gesamtgewicht: 11.700 kg Ma\u00dfe gesamt: 8090 x 2300 x 3330 mm Ma\u00dfe Aufbau: 6350 x 2300 x 2150 mm Besonderheiten Rechtslenker f\u00fcr Fahrten im s\u00fcdlichen Afrika<\/p>\n","protected":false},"author":152699510,"featured_media":4960,"parent":0,"menu_order":0,"comment_status":"closed","ping_status":"closed","template":"","meta":{"_coblocks_attr":"","_coblocks_dimensions":"","_coblocks_responsive_height":"","_coblocks_accordion_ie_support":"","advanced_seo_description":"Specification\nType of vehicle: 4x4 motorhome\nChassis: MAN 14.224 LARC\nWheelbase: 14.8 ft\nEngine: 6-cylinder turbo-diesel, 162 kW (220 hp)\nGVWR: 25,794 lbs\nDimensions total: 315.5 x 89.7 x 130 inch\nDimensions of body: 248 x 89.7 x 83.9 inch\nRemarks\nRight hand drive for travelling southern Africa","jetpack_seo_html_title":"","jetpack_seo_noindex":false,"footnotes":""},"wf_page_folders":[32305],"class_list":["post-8139","page","type-page","status-publish","has-post-thumbnail","hentry"],"translation":{"provider":"WPGlobus","version":"3.0.2","language":"de","enabled_languages":["en","de","it","es","fr","zh"],"languages":{"en":{"title":false,"content":true,"excerpt":false},"de":{"title":false,"content":true,"excerpt":false},"it":{"title":false,"content":false,"excerpt":false},"es":{"title":false,"content":false,"excerpt":false},"fr":{"title":false,"content":false,"excerpt":false},"zh":{"title":true,"content":true,"excerpt":false}}},"jetpack_likes_enabled":true,"jetpack_sharing_enabled":true,"jetpack_shortlink":"https:\/\/wp.me\/PaIsEW-27h","jetpack-related-posts":[{"id":8119,"url":"https:\/\/unicatexpeditionvehicles.com\/de\/oakley-truck-europe\/","url_meta":{"origin":8139,"position":0},"title":"OAKLEY TRUCK EUROPE","author":"unicatexpeditionvehicles","date":"02\/01\/2021","format":false,"excerpt":"{:en} Specification Type of vehicle: event truck Chassis: MAN TGM 18.324 4x4 Wheelbase: 4500 mm Engine: 6-cylinder turbo-diesel, 240 kW (326 hp) GVWR: 11,900 kg (26,227 lbs) Dimensions total: 7950 x 2480 x 3650 mm Dimensions of body: 4900 x 2480 x 2305 mm Remarks Special coupling system for max.\u2026","rel":"","context":"\u00c4hnlicher Beitrag","block_context":{"text":"\u00c4hnlicher Beitrag","link":""},"img":{"alt_text":"","src":"https:\/\/i0.wp.com\/unicatexpeditionvehicles.com\/wp-content\/uploads\/2019\/03\/Oakley-1-e1606303255469.jpg?fit=1200%2C682&ssl=1&resize=350%2C200","width":350,"height":200,"srcset":"https:\/\/i0.wp.com\/unicatexpeditionvehicles.com\/wp-content\/uploads\/2019\/03\/Oakley-1-e1606303255469.jpg?fit=1200%2C682&ssl=1&resize=350%2C200 1x, https:\/\/i0.wp.com\/unicatexpeditionvehicles.com\/wp-content\/uploads\/2019\/03\/Oakley-1-e1606303255469.jpg?fit=1200%2C682&ssl=1&resize=525%2C300 1.5x, https:\/\/i0.wp.com\/unicatexpeditionvehicles.com\/wp-content\/uploads\/2019\/03\/Oakley-1-e1606303255469.jpg?fit=1200%2C682&ssl=1&resize=700%2C400 2x, https:\/\/i0.wp.com\/unicatexpeditionvehicles.com\/wp-content\/uploads\/2019\/03\/Oakley-1-e1606303255469.jpg?fit=1200%2C682&ssl=1&resize=1050%2C600 3x"},"classes":[]},{"id":4225,"url":"https:\/\/unicatexpeditionvehicles.com\/de\/modular-4x4\/","url_meta":{"origin":8139,"position":1},"title":"Modular 4X4","author":"unicatexpeditionvehicles","date":"03\/12\/2020","format":false,"excerpt":"{:en} MD57 VOLVO FM12 MD57 MB AXOR 4X4 md58HV FAMILY MB ZETROS 4X4 md60H MAN TGM 4X4 MD63HV MB ZETROS 4X4 md67H MAN TGM 4X4 {:}{:de} MD57 VOLVO FM12 MD57 MB AXOR 4X4 md58HV FAMILY MB ZETROS 4X4 md60H MAN TGM 4X4 MD63HV MB ZETROS 4X4 md67H MAN TGM 4X4\u2026","rel":"","context":"\u00c4hnlicher Beitrag","block_context":{"text":"\u00c4hnlicher Beitrag","link":""},"img":{"alt_text":"","src":"https:\/\/i0.wp.com\/unicatexpeditionvehicles.com\/wp-content\/uploads\/2020\/12\/collage-modular4x4.jpg?fit=1200%2C675&ssl=1&resize=350%2C200","width":350,"height":200,"srcset":"https:\/\/i0.wp.com\/unicatexpeditionvehicles.com\/wp-content\/uploads\/2020\/12\/collage-modular4x4.jpg?fit=1200%2C675&ssl=1&resize=350%2C200 1x, https:\/\/i0.wp.com\/unicatexpeditionvehicles.com\/wp-content\/uploads\/2020\/12\/collage-modular4x4.jpg?fit=1200%2C675&ssl=1&resize=525%2C300 1.5x, https:\/\/i0.wp.com\/unicatexpeditionvehicles.com\/wp-content\/uploads\/2020\/12\/collage-modular4x4.jpg?fit=1200%2C675&ssl=1&resize=700%2C400 2x, https:\/\/i0.wp.com\/unicatexpeditionvehicles.com\/wp-content\/uploads\/2020\/12\/collage-modular4x4.jpg?fit=1200%2C675&ssl=1&resize=1050%2C600 3x"},"classes":[]},{"id":4234,"url":"https:\/\/unicatexpeditionvehicles.com\/de\/individual-4x4-2\/","url_meta":{"origin":8139,"position":2},"title":"INDIVIDUAL 4X4","author":"unicatexpeditionvehicles","date":"03\/12\/2020","format":false,"excerpt":"{:en} MD58HV FAMILY MB ZETROS 4X4 MD67H MAN TGM 4X4 MD63HV MB ZETROS 4X4 MD60H MAN TGM 4X4 MD57 MB AXOR 4X4 MD57 VOLVO FM12 CL36 IVECO DAILY 4X4 EX37 IVECO DAILY 4X4 HANDICAPPED 48 MD54 PICKUP COMFORT INT'L IN57P MAN TGM 4X4 EX58HD MAN TGA 4X4 IN63HD VOLVO FH12by\u2026","rel":"","context":"\u00c4hnlicher Beitrag","block_context":{"text":"\u00c4hnlicher Beitrag","link":""},"img":{"alt_text":"","src":"https:\/\/i0.wp.com\/unicatexpeditionvehicles.com\/wp-content\/uploads\/2020\/12\/INDIVIDUAL4X4.jpg?fit=1200%2C675&ssl=1&resize=350%2C200","width":350,"height":200,"srcset":"https:\/\/i0.wp.com\/unicatexpeditionvehicles.com\/wp-content\/uploads\/2020\/12\/INDIVIDUAL4X4.jpg?fit=1200%2C675&ssl=1&resize=350%2C200 1x, https:\/\/i0.wp.com\/unicatexpeditionvehicles.com\/wp-content\/uploads\/2020\/12\/INDIVIDUAL4X4.jpg?fit=1200%2C675&ssl=1&resize=525%2C300 1.5x, https:\/\/i0.wp.com\/unicatexpeditionvehicles.com\/wp-content\/uploads\/2020\/12\/INDIVIDUAL4X4.jpg?fit=1200%2C675&ssl=1&resize=700%2C400 2x, https:\/\/i0.wp.com\/unicatexpeditionvehicles.com\/wp-content\/uploads\/2020\/12\/INDIVIDUAL4X4.jpg?fit=1200%2C675&ssl=1&resize=1050%2C600 3x"},"classes":[]},{"id":4197,"url":"https:\/\/unicatexpeditionvehicles.com\/de\/professional\/","url_meta":{"origin":8139,"position":3},"title":"Professional","author":"unicatexpeditionvehicles","date":"03\/12\/2020","format":false,"excerpt":"{:en} Vehicle concepts that meet very special requirements and offer absolute reliability and maximum benefit under all conditions - even in professional use, it is about crossing borders, innovations, quality and reliability.Regardless of whether a research team, doctors or a film team is in rough terrain, a global brand on\u2026","rel":"","context":"\u00c4hnlicher Beitrag","block_context":{"text":"\u00c4hnlicher Beitrag","link":""},"img":{"alt_text":"","src":"https:\/\/i0.wp.com\/unicatexpeditionvehicles.com\/wp-content\/uploads\/2020\/12\/collage-professional.jpg?fit=1200%2C675&ssl=1&resize=350%2C200","width":350,"height":200,"srcset":"https:\/\/i0.wp.com\/unicatexpeditionvehicles.com\/wp-content\/uploads\/2020\/12\/collage-professional.jpg?fit=1200%2C675&ssl=1&resize=350%2C200 1x, https:\/\/i0.wp.com\/unicatexpeditionvehicles.com\/wp-content\/uploads\/2020\/12\/collage-professional.jpg?fit=1200%2C675&ssl=1&resize=525%2C300 1.5x, https:\/\/i0.wp.com\/unicatexpeditionvehicles.com\/wp-content\/uploads\/2020\/12\/collage-professional.jpg?fit=1200%2C675&ssl=1&resize=700%2C400 2x, https:\/\/i0.wp.com\/unicatexpeditionvehicles.com\/wp-content\/uploads\/2020\/12\/collage-professional.jpg?fit=1200%2C675&ssl=1&resize=1050%2C600 3x"},"classes":[]},{"id":8137,"url":"https:\/\/unicatexpeditionvehicles.com\/de\/tour-bus\/","url_meta":{"origin":8139,"position":4},"title":"TOUR BUS","author":"unicatexpeditionvehicles","date":"02\/01\/2021","format":false,"excerpt":"{:en} Specification Type of vehicle: tour bus Chassis: Mercedes-Benz 1424 Engine performance: 176 kW (240 hp) GVWR: 11,900 kg (26,227 lbs) Dimensions total: 374.0 x 100.4 x 137.8 inch Dimensions of body: 294.5 x 100.4 x 92.7 inch Remarks Passenger compartment for 12 people Entrance with step box Large opening\u2026","rel":"","context":"\u00c4hnlicher Beitrag","block_context":{"text":"\u00c4hnlicher Beitrag","link":""},"img":{"alt_text":"","src":"https:\/\/i0.wp.com\/unicatexpeditionvehicles.com\/wp-content\/uploads\/2020\/12\/Tourbus-560-e1607529696422.jpg?fit=482%2C271&ssl=1&resize=350%2C200","width":350,"height":200},"classes":[]},{"id":9581,"url":"https:\/\/unicatexpeditionvehicles.com\/de\/tour-bus-man-larc-4x4-gallery\/","url_meta":{"origin":8139,"position":5},"title":"Tour Bus MAN LARC 4&#215;4 GALLERY","author":"unicatexpeditionvehicles","date":"20\/01\/2021","format":false,"excerpt":"","rel":"","context":"\u00c4hnlicher Beitrag","block_context":{"text":"\u00c4hnlicher Beitrag","link":""},"img":{"alt_text":"","src":"https:\/\/i0.wp.com\/unicatexpeditionvehicles.com\/wp-content\/uploads\/2020\/12\/Allradreisebus-560-e1607529735775.jpg?fit=560%2C315&ssl=1&resize=350%2C200","width":350,"height":200,"srcset":"https:\/\/i0.wp.com\/unicatexpeditionvehicles.com\/wp-content\/uploads\/2020\/12\/Allradreisebus-560-e1607529735775.jpg?fit=560%2C315&ssl=1&resize=350%2C200 1x, https:\/\/i0.wp.com\/unicatexpeditionvehicles.com\/wp-content\/uploads\/2020\/12\/Allradreisebus-560-e1607529735775.jpg?fit=560%2C315&ssl=1&resize=525%2C300 1.5x"},"classes":[]}],"_links":{"self":[{"href":"https:\/\/unicatexpeditionvehicles.com\/de\/wp-json\/wp\/v2\/pages\/8139","targetHints":{"allow":["GET"]}}],"collection":[{"href":"https:\/\/unicatexpeditionvehicles.com\/de\/wp-json\/wp\/v2\/pages"}],"about":[{"href":"https:\/\/unicatexpeditionvehicles.com\/de\/wp-json\/wp\/v2\/types\/page"}],"author":[{"embeddable":true,"href":"https:\/\/unicatexpeditionvehicles.com\/de\/wp-json\/wp\/v2\/users\/152699510"}],"replies":[{"embeddable":true,"href":"https:\/\/unicatexpeditionvehicles.com\/de\/wp-json\/wp\/v2\/comments?post=8139"}],"version-history":[{"count":9,"href":"https:\/\/unicatexpeditionvehicles.com\/de\/wp-json\/wp\/v2\/pages\/8139\/revisions"}],"predecessor-version":[{"id":15908,"href":"https:\/\/unicatexpeditionvehicles.com\/de\/wp-json\/wp\/v2\/pages\/8139\/revisions\/15908"}],"wp:featuredmedia":[{"embeddable":true,"href":"https:\/\/unicatexpeditionvehicles.com\/de\/wp-json\/wp\/v2\/media\/4960"}],"wp:attachment":[{"href":"https:\/\/unicatexpeditionvehicles.com\/de\/wp-json\/wp\/v2\/media?parent=8139"}],"wp:term":[{"taxonomy":"wf_page_folders","embeddable":true,"href":"https:\/\/unicatexpeditionvehicles.com\/de\/wp-json\/wp\/v2\/wf_page_folders?post=8139"}],"curies":[{"name":"wp","href":"https:\/\/api.w.org\/{rel}","templated":true}]}}