{"id":8112,"date":"2021-01-02T15:19:40","date_gmt":"2021-01-02T14:19:40","guid":{"rendered":"https:\/\/unicatexpeditionvehicles.com\/?page_id=8112"},"modified":"2022-03-29T02:20:02","modified_gmt":"2022-03-29T01:20:02","slug":"nike-football-truck","status":"publish","type":"page","link":"https:\/\/unicatexpeditionvehicles.com\/de\/nike-football-truck\/","title":{"rendered":"NIKE FOOTBALL TRUCK"},"content":{"rendered":"\n<hr class=\"wp-block-separator is-style-wide\"\/>\n\n\n\n<div class=\"wp-block-image coblocks-animate\" data-coblocks-animation=\"fadeIn\"><figure class=\"aligncenter size-large\"><img data-recalc-dims=\"1\" loading=\"lazy\" decoding=\"async\" width=\"700\" height=\"394\" data-attachment-id=\"8095\" data-permalink=\"https:\/\/unicatexpeditionvehicles.com\/de\/nike-germany-1\/\" data-orig-file=\"https:\/\/i0.wp.com\/unicatexpeditionvehicles.com\/wp-content\/uploads\/2021\/01\/Nike-Germany-1-e1609597055180.jpeg?fit=1280%2C720&amp;ssl=1\" data-orig-size=\"1280,720\" data-comments-opened=\"1\" data-image-meta=\"{&quot;aperture&quot;:&quot;4.7&quot;,&quot;credit&quot;:&quot;&quot;,&quot;camera&quot;:&quot;E990&quot;,&quot;caption&quot;:&quot;&quot;,&quot;created_timestamp&quot;:&quot;946681200&quot;,&quot;copyright&quot;:&quot;&quot;,&quot;focal_length&quot;:&quot;9.9&quot;,&quot;iso&quot;:&quot;100&quot;,&quot;shutter_speed&quot;:&quot;0.0080971659919028&quot;,&quot;title&quot;:&quot;&quot;,&quot;orientation&quot;:&quot;1&quot;}\" data-image-title=\"Nike Germany &amp;#8211; 1\" data-image-description=\"\" data-image-caption=\"\" data-large-file=\"https:\/\/i0.wp.com\/unicatexpeditionvehicles.com\/wp-content\/uploads\/2021\/01\/Nike-Germany-1-e1609597055180.jpeg?fit=700%2C394&amp;ssl=1\" src=\"https:\/\/i0.wp.com\/unicatexpeditionvehicles.com\/wp-content\/uploads\/2021\/01\/Nike-Germany-1-e1609597055180-1024x576.jpeg?resize=700%2C394&#038;ssl=1\" alt=\"\" class=\"wp-image-8095\" srcset=\"https:\/\/i0.wp.com\/unicatexpeditionvehicles.com\/wp-content\/uploads\/2021\/01\/Nike-Germany-1-e1609597055180.jpeg?resize=1024%2C576&amp;ssl=1 1024w, https:\/\/i0.wp.com\/unicatexpeditionvehicles.com\/wp-content\/uploads\/2021\/01\/Nike-Germany-1-e1609597055180.jpeg?resize=300%2C169&amp;ssl=1 300w, https:\/\/i0.wp.com\/unicatexpeditionvehicles.com\/wp-content\/uploads\/2021\/01\/Nike-Germany-1-e1609597055180.jpeg?resize=768%2C432&amp;ssl=1 768w, https:\/\/i0.wp.com\/unicatexpeditionvehicles.com\/wp-content\/uploads\/2021\/01\/Nike-Germany-1-e1609597055180.jpeg?resize=1200%2C675&amp;ssl=1 1200w, https:\/\/i0.wp.com\/unicatexpeditionvehicles.com\/wp-content\/uploads\/2021\/01\/Nike-Germany-1-e1609597055180.jpeg?resize=700%2C394&amp;ssl=1 700w, https:\/\/i0.wp.com\/unicatexpeditionvehicles.com\/wp-content\/uploads\/2021\/01\/Nike-Germany-1-e1609597055180.jpeg?resize=711%2C400&amp;ssl=1 711w, https:\/\/i0.wp.com\/unicatexpeditionvehicles.com\/wp-content\/uploads\/2021\/01\/Nike-Germany-1-e1609597055180.jpeg?w=1280&amp;ssl=1 1280w\" sizes=\"auto, (max-width: 700px) 100vw, 700px\" \/><\/figure><\/div>\n\n\n\n<div class=\"wp-block-columns are-vertically-aligned-center is-layout-flex wp-container-core-columns-is-layout-9d6595d7 wp-block-columns-is-layout-flex\">\n<div class=\"wp-block-column is-vertically-aligned-center is-layout-flow wp-block-column-is-layout-flow\">\n<div class=\"wp-block-image is-style-default\"><figure class=\"aligncenter size-large is-resized\"><a href=\"https:\/\/unicatexpeditionvehicles.com\/nike-football-truck-gallery\/\" target=\"_blank\" rel=\"noopener\"><img data-recalc-dims=\"1\" loading=\"lazy\" decoding=\"async\" data-attachment-id=\"7082\" data-permalink=\"https:\/\/unicatexpeditionvehicles.com\/de\/kisspng-computer-icons-camera-photography-clip-art-photo-camera-5ac7fda70796c4-1376665315230560390311\/\" data-orig-file=\"https:\/\/i0.wp.com\/unicatexpeditionvehicles.com\/wp-content\/uploads\/2020\/12\/kisspng-computer-icons-camera-photography-clip-art-photo-camera-5ac7fda70796c4.1376665315230560390311.png?fit=512%2C512&amp;ssl=1\" data-orig-size=\"512,512\" data-comments-opened=\"1\" data-image-meta=\"{&quot;aperture&quot;:&quot;0&quot;,&quot;credit&quot;:&quot;&quot;,&quot;camera&quot;:&quot;&quot;,&quot;caption&quot;:&quot;&quot;,&quot;created_timestamp&quot;:&quot;0&quot;,&quot;copyright&quot;:&quot;&quot;,&quot;focal_length&quot;:&quot;0&quot;,&quot;iso&quot;:&quot;0&quot;,&quot;shutter_speed&quot;:&quot;0&quot;,&quot;title&quot;:&quot;&quot;,&quot;orientation&quot;:&quot;0&quot;}\" data-image-title=\"kisspng-computer-icons-camera-photography-clip-art-photo-camera-5ac7fda70796c4.1376665315230560390311\" data-image-description=\"\" data-image-caption=\"\" data-large-file=\"https:\/\/i0.wp.com\/unicatexpeditionvehicles.com\/wp-content\/uploads\/2020\/12\/kisspng-computer-icons-camera-photography-clip-art-photo-camera-5ac7fda70796c4.1376665315230560390311.png?fit=512%2C512&amp;ssl=1\" src=\"https:\/\/i0.wp.com\/unicatexpeditionvehicles.com\/wp-content\/uploads\/2020\/12\/kisspng-computer-icons-camera-photography-clip-art-photo-camera-5ac7fda70796c4.1376665315230560390311.png?resize=45%2C45&#038;ssl=1\" alt=\"\" class=\"wp-image-7082\" width=\"45\" height=\"45\" srcset=\"https:\/\/i0.wp.com\/unicatexpeditionvehicles.com\/wp-content\/uploads\/2020\/12\/kisspng-computer-icons-camera-photography-clip-art-photo-camera-5ac7fda70796c4.1376665315230560390311.png?w=512&amp;ssl=1 512w, https:\/\/i0.wp.com\/unicatexpeditionvehicles.com\/wp-content\/uploads\/2020\/12\/kisspng-computer-icons-camera-photography-clip-art-photo-camera-5ac7fda70796c4.1376665315230560390311.png?resize=300%2C300&amp;ssl=1 300w, https:\/\/i0.wp.com\/unicatexpeditionvehicles.com\/wp-content\/uploads\/2020\/12\/kisspng-computer-icons-camera-photography-clip-art-photo-camera-5ac7fda70796c4.1376665315230560390311.png?resize=150%2C150&amp;ssl=1 150w, https:\/\/i0.wp.com\/unicatexpeditionvehicles.com\/wp-content\/uploads\/2020\/12\/kisspng-computer-icons-camera-photography-clip-art-photo-camera-5ac7fda70796c4.1376665315230560390311.png?resize=400%2C400&amp;ssl=1 400w, https:\/\/i0.wp.com\/unicatexpeditionvehicles.com\/wp-content\/uploads\/2020\/12\/kisspng-computer-icons-camera-photography-clip-art-photo-camera-5ac7fda70796c4.1376665315230560390311.png?resize=200%2C200&amp;ssl=1 200w, https:\/\/i0.wp.com\/unicatexpeditionvehicles.com\/wp-content\/uploads\/2020\/12\/kisspng-computer-icons-camera-photography-clip-art-photo-camera-5ac7fda70796c4.1376665315230560390311.png?resize=100%2C100&amp;ssl=1 100w, https:\/\/i0.wp.com\/unicatexpeditionvehicles.com\/wp-content\/uploads\/2020\/12\/kisspng-computer-icons-camera-photography-clip-art-photo-camera-5ac7fda70796c4.1376665315230560390311.png?resize=50%2C50&amp;ssl=1 50w\" sizes=\"auto, (max-width: 45px) 100vw, 45px\" \/><\/a><\/figure><\/div>\n<\/div>\n<\/div>\n\n\n\n<hr class=\"wp-block-separator is-style-wide\"\/>\n\n\n\n<div class=\"wp-block-coblocks-accordion\">\n<div class=\"wp-block-coblocks-accordion-item\"><\/div>\n<\/div>\n\n\n<p style=\"text-align: justify;\"><b>Beschreibung<\/b><\/p>\n<ul type=\"square\">\n<li>Fahrzeugtyp: Event-Truck<\/li>\n<li>Fahrgestell: Mercedes-Benz Unimog U 2450 6&#215;6<\/li>\n<li>Radstand: 3900 + 1400 mm<\/li>\n<li>Motor: 6-Zylinder Turbo-Diesel, 176 kW (240 PS)<\/li>\n<li>Zul. Gesamtgewicht: 11.900 kg<\/li>\n<li>Ma\u00dfe gesamt: 8800 x 2500 x 3980 mm<\/li>\n<li>Ma\u00dfe Aufbau: 6200 x 2500 x 2300 mm<\/li>\n<\/ul>\n<p style=\"text-align: justify;\"><b>Besonderheiten<\/b><\/p>\n<ul type=\"square\">\n<li>2 Seitenausz\u00fcge<\/li>\n<li>2 Zug\u00e4nge<\/li>\n<li>Modulare PC-Stationen<\/li>\n<li>Modulare Playstations<\/li>\n<li>Multi-Media Anlage<\/li>\n<li>PA Anlage<\/li>\n<li>Waren-Pr\u00e4sentationsmodule<\/li>\n<li>Modulare Theke mit Kasse<\/li>\n<li>Lichtmast<\/li>\n<li>Au\u00dfenleuchten<\/li>\n<\/ul>\n\n\n<div class=\"wp-block-columns are-vertically-aligned-center is-layout-flex wp-container-core-columns-is-layout-9d6595d7 wp-block-columns-is-layout-flex\">\n<div class=\"wp-block-column is-vertically-aligned-center is-layout-flow wp-block-column-is-layout-flow\">\n<div class=\"wp-block-image is-style-default\"><figure class=\"aligncenter size-large is-resized\"><a href=\"https:\/\/unicatexpeditionvehicles.com\/nike-football-truck-gallery\/\" target=\"_blank\" rel=\"noopener\"><img data-recalc-dims=\"1\" loading=\"lazy\" decoding=\"async\" data-attachment-id=\"7082\" data-permalink=\"https:\/\/unicatexpeditionvehicles.com\/de\/kisspng-computer-icons-camera-photography-clip-art-photo-camera-5ac7fda70796c4-1376665315230560390311\/\" data-orig-file=\"https:\/\/i0.wp.com\/unicatexpeditionvehicles.com\/wp-content\/uploads\/2020\/12\/kisspng-computer-icons-camera-photography-clip-art-photo-camera-5ac7fda70796c4.1376665315230560390311.png?fit=512%2C512&amp;ssl=1\" data-orig-size=\"512,512\" data-comments-opened=\"1\" data-image-meta=\"{&quot;aperture&quot;:&quot;0&quot;,&quot;credit&quot;:&quot;&quot;,&quot;camera&quot;:&quot;&quot;,&quot;caption&quot;:&quot;&quot;,&quot;created_timestamp&quot;:&quot;0&quot;,&quot;copyright&quot;:&quot;&quot;,&quot;focal_length&quot;:&quot;0&quot;,&quot;iso&quot;:&quot;0&quot;,&quot;shutter_speed&quot;:&quot;0&quot;,&quot;title&quot;:&quot;&quot;,&quot;orientation&quot;:&quot;0&quot;}\" data-image-title=\"kisspng-computer-icons-camera-photography-clip-art-photo-camera-5ac7fda70796c4.1376665315230560390311\" data-image-description=\"\" data-image-caption=\"\" data-large-file=\"https:\/\/i0.wp.com\/unicatexpeditionvehicles.com\/wp-content\/uploads\/2020\/12\/kisspng-computer-icons-camera-photography-clip-art-photo-camera-5ac7fda70796c4.1376665315230560390311.png?fit=512%2C512&amp;ssl=1\" src=\"https:\/\/i0.wp.com\/unicatexpeditionvehicles.com\/wp-content\/uploads\/2020\/12\/kisspng-computer-icons-camera-photography-clip-art-photo-camera-5ac7fda70796c4.1376665315230560390311.png?resize=45%2C45&#038;ssl=1\" alt=\"\" class=\"wp-image-7082\" width=\"45\" height=\"45\" srcset=\"https:\/\/i0.wp.com\/unicatexpeditionvehicles.com\/wp-content\/uploads\/2020\/12\/kisspng-computer-icons-camera-photography-clip-art-photo-camera-5ac7fda70796c4.1376665315230560390311.png?w=512&amp;ssl=1 512w, https:\/\/i0.wp.com\/unicatexpeditionvehicles.com\/wp-content\/uploads\/2020\/12\/kisspng-computer-icons-camera-photography-clip-art-photo-camera-5ac7fda70796c4.1376665315230560390311.png?resize=300%2C300&amp;ssl=1 300w, https:\/\/i0.wp.com\/unicatexpeditionvehicles.com\/wp-content\/uploads\/2020\/12\/kisspng-computer-icons-camera-photography-clip-art-photo-camera-5ac7fda70796c4.1376665315230560390311.png?resize=150%2C150&amp;ssl=1 150w, https:\/\/i0.wp.com\/unicatexpeditionvehicles.com\/wp-content\/uploads\/2020\/12\/kisspng-computer-icons-camera-photography-clip-art-photo-camera-5ac7fda70796c4.1376665315230560390311.png?resize=400%2C400&amp;ssl=1 400w, https:\/\/i0.wp.com\/unicatexpeditionvehicles.com\/wp-content\/uploads\/2020\/12\/kisspng-computer-icons-camera-photography-clip-art-photo-camera-5ac7fda70796c4.1376665315230560390311.png?resize=200%2C200&amp;ssl=1 200w, https:\/\/i0.wp.com\/unicatexpeditionvehicles.com\/wp-content\/uploads\/2020\/12\/kisspng-computer-icons-camera-photography-clip-art-photo-camera-5ac7fda70796c4.1376665315230560390311.png?resize=100%2C100&amp;ssl=1 100w, https:\/\/i0.wp.com\/unicatexpeditionvehicles.com\/wp-content\/uploads\/2020\/12\/kisspng-computer-icons-camera-photography-clip-art-photo-camera-5ac7fda70796c4.1376665315230560390311.png?resize=50%2C50&amp;ssl=1 50w\" sizes=\"auto, (max-width: 45px) 100vw, 45px\" \/><\/a><\/figure><\/div>\n<\/div>\n<\/div>\n","protected":false},"excerpt":{"rendered":"<p>Beschreibung Fahrzeugtyp: Event-Truck Fahrgestell: Mercedes-Benz Unimog U 2450 6&#215;6 Radstand: 3900 + 1400 mm Motor: 6-Zylinder Turbo-Diesel, 176 kW (240 PS) Zul. Gesamtgewicht: 11.900 kg Ma\u00dfe gesamt: 8800 x 2500 x 3980 mm Ma\u00dfe Aufbau: 6200 x 2500 x 2300 mm Besonderheiten 2 Seitenausz\u00fcge 2 Zug\u00e4nge Modulare PC-Stationen Modulare Playstations Multi-Media Anlage PA Anlage Waren-Pr\u00e4sentationsmodule &hellip; <a href=\"https:\/\/unicatexpeditionvehicles.com\/de\/nike-football-truck\/\" class=\"more-link\">Weiterlesen <span class=\"screen-reader-text\">NIKE FOOTBALL TRUCK<\/span> <span class=\"meta-nav\">&rarr;<\/span><\/a><\/p>\n","protected":false},"author":152699510,"featured_media":8106,"parent":0,"menu_order":0,"comment_status":"closed","ping_status":"closed","template":"","meta":{"_coblocks_attr":"","_coblocks_dimensions":"","_coblocks_responsive_height":"","_coblocks_accordion_ie_support":"","advanced_seo_description":"Specification\nType of vehicle: event truck\nChassis: Mercedes-Benz Unimog U 2450 6x6\nWheelbase 153,5 + 55,1 inch\nEngine: 6-cylinder turbo-diesel, 176 kW (240 hp)\nGVWR: 11,900 kg (26,227 lbs)\nDimensions total: 346.5 x 98.4 x 155.9 inch\nDimensions of body: 244.1 x 98.4 x 90.6 inch\nRemarks\n2 side expansions\n2 entrances\nModular PC-workstations\nModular playstations\nMulti-media system\nSound system\nProduct presentation modules\nModular counter with cash register\nTelescoping light mast\nExterior lights","jetpack_seo_html_title":"","jetpack_seo_noindex":false,"jetpack_post_was_ever_published":false,"footnotes":""},"wf_page_folders":[32305],"class_list":["post-8112","page","type-page","status-publish","has-post-thumbnail","hentry"],"translation":{"provider":"WPGlobus","version":"3.0.2","language":"de","enabled_languages":["en","de","it","es","fr","zh"],"languages":{"en":{"title":true,"content":true,"excerpt":false},"de":{"title":false,"content":true,"excerpt":false},"it":{"title":false,"content":false,"excerpt":false},"es":{"title":false,"content":false,"excerpt":false},"fr":{"title":false,"content":false,"excerpt":false},"zh":{"title":true,"content":true,"excerpt":false}}},"jetpack_likes_enabled":true,"jetpack_sharing_enabled":true,"jetpack_shortlink":"https:\/\/wp.me\/PaIsEW-26Q","jetpack-related-posts":[{"id":4197,"url":"https:\/\/unicatexpeditionvehicles.com\/de\/professional\/","url_meta":{"origin":8112,"position":0},"title":"Professional","author":"unicatexpeditionvehicles","date":"03\/12\/2020","format":false,"excerpt":"{:en} Vehicle concepts that meet very special requirements and offer absolute reliability and maximum benefit under all conditions - even in professional use, it is about crossing borders, innovations, quality and reliability.Regardless of whether a research team, doctors or a film team is in rough terrain, a global brand on\u2026","rel":"","context":"\u00c4hnlicher Beitrag","block_context":{"text":"\u00c4hnlicher Beitrag","link":""},"img":{"alt_text":"","src":"https:\/\/i0.wp.com\/unicatexpeditionvehicles.com\/wp-content\/uploads\/2020\/12\/collage-professional.jpg?fit=1200%2C675&ssl=1&resize=350%2C200","width":350,"height":200,"srcset":"https:\/\/i0.wp.com\/unicatexpeditionvehicles.com\/wp-content\/uploads\/2020\/12\/collage-professional.jpg?fit=1200%2C675&ssl=1&resize=350%2C200 1x, https:\/\/i0.wp.com\/unicatexpeditionvehicles.com\/wp-content\/uploads\/2020\/12\/collage-professional.jpg?fit=1200%2C675&ssl=1&resize=525%2C300 1.5x, https:\/\/i0.wp.com\/unicatexpeditionvehicles.com\/wp-content\/uploads\/2020\/12\/collage-professional.jpg?fit=1200%2C675&ssl=1&resize=700%2C400 2x, https:\/\/i0.wp.com\/unicatexpeditionvehicles.com\/wp-content\/uploads\/2020\/12\/collage-professional.jpg?fit=1200%2C675&ssl=1&resize=1050%2C600 3x"},"classes":[]},{"id":8119,"url":"https:\/\/unicatexpeditionvehicles.com\/de\/oakley-truck-europe\/","url_meta":{"origin":8112,"position":1},"title":"OAKLEY TRUCK EUROPE","author":"unicatexpeditionvehicles","date":"02\/01\/2021","format":false,"excerpt":"{:en} Specification Type of vehicle: event truck Chassis: MAN TGM 18.324 4x4 Wheelbase: 4500 mm Engine: 6-cylinder turbo-diesel, 240 kW (326 hp) GVWR: 11,900 kg (26,227 lbs) Dimensions total: 7950 x 2480 x 3650 mm Dimensions of body: 4900 x 2480 x 2305 mm Remarks Special coupling system for max.\u2026","rel":"","context":"\u00c4hnlicher Beitrag","block_context":{"text":"\u00c4hnlicher Beitrag","link":""},"img":{"alt_text":"","src":"https:\/\/i0.wp.com\/unicatexpeditionvehicles.com\/wp-content\/uploads\/2019\/03\/Oakley-1-e1606303255469.jpg?fit=1200%2C682&ssl=1&resize=350%2C200","width":350,"height":200,"srcset":"https:\/\/i0.wp.com\/unicatexpeditionvehicles.com\/wp-content\/uploads\/2019\/03\/Oakley-1-e1606303255469.jpg?fit=1200%2C682&ssl=1&resize=350%2C200 1x, https:\/\/i0.wp.com\/unicatexpeditionvehicles.com\/wp-content\/uploads\/2019\/03\/Oakley-1-e1606303255469.jpg?fit=1200%2C682&ssl=1&resize=525%2C300 1.5x, https:\/\/i0.wp.com\/unicatexpeditionvehicles.com\/wp-content\/uploads\/2019\/03\/Oakley-1-e1606303255469.jpg?fit=1200%2C682&ssl=1&resize=700%2C400 2x, https:\/\/i0.wp.com\/unicatexpeditionvehicles.com\/wp-content\/uploads\/2019\/03\/Oakley-1-e1606303255469.jpg?fit=1200%2C682&ssl=1&resize=1050%2C600 3x"},"classes":[]},{"id":8094,"url":"https:\/\/unicatexpeditionvehicles.com\/de\/nike-football-truck\/nike-football-truck-gallery\/","url_meta":{"origin":8112,"position":2},"title":"NIKE FOOTBALL TRUCK GALLERY","author":"unicatexpeditionvehicles","date":"02\/01\/2021","format":false,"excerpt":"","rel":"","context":"\u00c4hnlicher Beitrag","block_context":{"text":"\u00c4hnlicher Beitrag","link":""},"img":{"alt_text":"","src":"https:\/\/i0.wp.com\/unicatexpeditionvehicles.com\/wp-content\/uploads\/2021\/01\/Nike-Germany-1-e1609597055180.jpeg?fit=1200%2C675&ssl=1&resize=350%2C200","width":350,"height":200,"srcset":"https:\/\/i0.wp.com\/unicatexpeditionvehicles.com\/wp-content\/uploads\/2021\/01\/Nike-Germany-1-e1609597055180.jpeg?fit=1200%2C675&ssl=1&resize=350%2C200 1x, https:\/\/i0.wp.com\/unicatexpeditionvehicles.com\/wp-content\/uploads\/2021\/01\/Nike-Germany-1-e1609597055180.jpeg?fit=1200%2C675&ssl=1&resize=525%2C300 1.5x, https:\/\/i0.wp.com\/unicatexpeditionvehicles.com\/wp-content\/uploads\/2021\/01\/Nike-Germany-1-e1609597055180.jpeg?fit=1200%2C675&ssl=1&resize=700%2C400 2x, https:\/\/i0.wp.com\/unicatexpeditionvehicles.com\/wp-content\/uploads\/2021\/01\/Nike-Germany-1-e1609597055180.jpeg?fit=1200%2C675&ssl=1&resize=1050%2C600 3x"},"classes":[]},{"id":8141,"url":"https:\/\/unicatexpeditionvehicles.com\/de\/laboratory-vehicle\/","url_meta":{"origin":8112,"position":3},"title":"LABORATORY VEHICLE","author":"unicatexpeditionvehicles","date":"02\/01\/2021","format":false,"excerpt":"{:en} Specification Type of vehicle: laboratory vehicle Chassis: Mercedes-Benz Unimog U 1550 L37 Wheelbase: 12.14 ft Engine: 6-cylinder turbo-diesel, 157 kW (214 hp) GVWR: 18,739 lbs Dimensions total: 272.4 x 90.6 x 143.9 inch Dimensions of body: 172.4 x 85.8 x 78.7 inch No. of passengers: 3 Remarks Laboratory equipement\u2026","rel":"","context":"\u00c4hnlicher Beitrag","block_context":{"text":"\u00c4hnlicher Beitrag","link":""},"img":{"alt_text":"","src":"https:\/\/i0.wp.com\/unicatexpeditionvehicles.com\/wp-content\/uploads\/2020\/12\/Laborfahrzeug-560-e1607529644505.jpg?fit=560%2C315&ssl=1&resize=350%2C200","width":350,"height":200,"srcset":"https:\/\/i0.wp.com\/unicatexpeditionvehicles.com\/wp-content\/uploads\/2020\/12\/Laborfahrzeug-560-e1607529644505.jpg?fit=560%2C315&ssl=1&resize=350%2C200 1x, https:\/\/i0.wp.com\/unicatexpeditionvehicles.com\/wp-content\/uploads\/2020\/12\/Laborfahrzeug-560-e1607529644505.jpg?fit=560%2C315&ssl=1&resize=525%2C300 1.5x"},"classes":[]},{"id":8787,"url":"https:\/\/unicatexpeditionvehicles.com\/de\/rally-vehicle\/","url_meta":{"origin":8112,"position":4},"title":"RALLY VEICHLE","author":"unicatexpeditionvehicles","date":"12\/01\/2021","format":false,"excerpt":"{:en} Description Type of vehicle: rally service vehicleChassis: Unimog U 1550 L37Wheelbase: 3700 mm (12' 1\")Engine: 6-cylinder turbo-diesel, 265 kW (360 PS)GVWR: 6,500 kg (14,326 lbs ) Specials Used several times during Rally Paris-Dakar {:}{:de} Beschreibung Fahrzeugtyp: Rallye-ServicefahrzeugFahrgestell: Unimog U 1550 L37Radstand: 3700 mmMotor: 6-Zylinder Turbo-Diesel, 265 kW (360 PS)Zul.\u2026","rel":"","context":"\u00c4hnlicher Beitrag","block_context":{"text":"\u00c4hnlicher Beitrag","link":""},"img":{"alt_text":"","src":"https:\/\/i0.wp.com\/unicatexpeditionvehicles.com\/wp-content\/uploads\/2021\/01\/Paris-Dakar-04-rotated.jpg?fit=1200%2C686&ssl=1&resize=350%2C200","width":350,"height":200,"srcset":"https:\/\/i0.wp.com\/unicatexpeditionvehicles.com\/wp-content\/uploads\/2021\/01\/Paris-Dakar-04-rotated.jpg?fit=1200%2C686&ssl=1&resize=350%2C200 1x, https:\/\/i0.wp.com\/unicatexpeditionvehicles.com\/wp-content\/uploads\/2021\/01\/Paris-Dakar-04-rotated.jpg?fit=1200%2C686&ssl=1&resize=525%2C300 1.5x, https:\/\/i0.wp.com\/unicatexpeditionvehicles.com\/wp-content\/uploads\/2021\/01\/Paris-Dakar-04-rotated.jpg?fit=1200%2C686&ssl=1&resize=700%2C400 2x, https:\/\/i0.wp.com\/unicatexpeditionvehicles.com\/wp-content\/uploads\/2021\/01\/Paris-Dakar-04-rotated.jpg?fit=1200%2C686&ssl=1&resize=1050%2C600 3x"},"classes":[]},{"id":5680,"url":"https:\/\/unicatexpeditionvehicles.com\/de\/elephantontour\/","url_meta":{"origin":8112,"position":5},"title":"ELEPHANTONTOUR GALLERY","author":"unicatexpeditionvehicles","date":"11\/12\/2020","format":false,"excerpt":"{:en} {:}{:zh} {:}","rel":"","context":"\u00c4hnlicher Beitrag","block_context":{"text":"\u00c4hnlicher Beitrag","link":""},"img":{"alt_text":"","src":"https:\/\/i0.wp.com\/unicatexpeditionvehicles.com\/wp-content\/uploads\/2023\/07\/IMG_3052-e1690282817898.jpeg?fit=1200%2C675&ssl=1&resize=350%2C200","width":350,"height":200,"srcset":"https:\/\/i0.wp.com\/unicatexpeditionvehicles.com\/wp-content\/uploads\/2023\/07\/IMG_3052-e1690282817898.jpeg?fit=1200%2C675&ssl=1&resize=350%2C200 1x, https:\/\/i0.wp.com\/unicatexpeditionvehicles.com\/wp-content\/uploads\/2023\/07\/IMG_3052-e1690282817898.jpeg?fit=1200%2C675&ssl=1&resize=525%2C300 1.5x, https:\/\/i0.wp.com\/unicatexpeditionvehicles.com\/wp-content\/uploads\/2023\/07\/IMG_3052-e1690282817898.jpeg?fit=1200%2C675&ssl=1&resize=700%2C400 2x, https:\/\/i0.wp.com\/unicatexpeditionvehicles.com\/wp-content\/uploads\/2023\/07\/IMG_3052-e1690282817898.jpeg?fit=1200%2C675&ssl=1&resize=1050%2C600 3x"},"classes":[]}],"_links":{"self":[{"href":"https:\/\/unicatexpeditionvehicles.com\/de\/wp-json\/wp\/v2\/pages\/8112","targetHints":{"allow":["GET"]}}],"collection":[{"href":"https:\/\/unicatexpeditionvehicles.com\/de\/wp-json\/wp\/v2\/pages"}],"about":[{"href":"https:\/\/unicatexpeditionvehicles.com\/de\/wp-json\/wp\/v2\/types\/page"}],"author":[{"embeddable":true,"href":"https:\/\/unicatexpeditionvehicles.com\/de\/wp-json\/wp\/v2\/users\/152699510"}],"replies":[{"embeddable":true,"href":"https:\/\/unicatexpeditionvehicles.com\/de\/wp-json\/wp\/v2\/comments?post=8112"}],"version-history":[{"count":8,"href":"https:\/\/unicatexpeditionvehicles.com\/de\/wp-json\/wp\/v2\/pages\/8112\/revisions"}],"predecessor-version":[{"id":15896,"href":"https:\/\/unicatexpeditionvehicles.com\/de\/wp-json\/wp\/v2\/pages\/8112\/revisions\/15896"}],"wp:featuredmedia":[{"embeddable":true,"href":"https:\/\/unicatexpeditionvehicles.com\/de\/wp-json\/wp\/v2\/media\/8106"}],"wp:attachment":[{"href":"https:\/\/unicatexpeditionvehicles.com\/de\/wp-json\/wp\/v2\/media?parent=8112"}],"wp:term":[{"taxonomy":"wf_page_folders","embeddable":true,"href":"https:\/\/unicatexpeditionvehicles.com\/de\/wp-json\/wp\/v2\/wf_page_folders?post=8112"}],"curies":[{"name":"wp","href":"https:\/\/api.w.org\/{rel}","templated":true}]}}