{"id":3755,"date":"2020-11-24T10:32:28","date_gmt":"2020-11-24T09:32:28","guid":{"rendered":"https:\/\/unicatexpeditionvehicles.com\/?page_id=3755"},"modified":"2022-03-24T18:58:44","modified_gmt":"2022-03-24T17:58:44","slug":"equipment-3","status":"publish","type":"page","link":"https:\/\/unicatexpeditionvehicles.com\/de\/equipment-3\/","title":{"rendered":"AUSR\u00dcSTUNG"},"content":{"rendered":"\n<hr class=\"wp-block-separator is-style-wide\"\/>\n\n\n\n<p class=\"has-text-align-justify\">Unabh\u00e4ngiges und sicheres Reisen erfordert nicht nur ein entsprechend ausgelegtes Fahrzeug, sondern auch die richtige Ausr\u00fcstung, um sich im t\u00e4glichen Gebrauch mit Wasser, Kraftstoff und, falls vorhanden, externer Elektrizit\u00e4t versorgen zu k\u00f6nnen, egal wo auf dem Planeten Sie sich befinden.<br>Und wenn etwas schief geht, sollten Sie ebenfalls vorbereitet sein.<br>In \u00fcber 40 Jahren und auf vielen eigenen Reisen haben wir alle denkbaren Situationen erlebt &#8211; deshalb kann UNICAT Sie und Ihr Fahrzeug von Anfang an perfekt ausstatten.<br>Wir k\u00f6nnen die ben\u00f6tigte Ausr\u00fcstung beschaffen, unterbringen und Sie im richtigen Umgang damit schulen.<br>Folgendes sollte an Bord sein, damit das Abenteuer immer Freude macht:<br>Ausr\u00fcstung f\u00fcr die Versorgung mit Wasser, Kraftstoff und Strom, z.B. Schl\u00e4uche, Kabel, Adapter, Pumpen und Filter.<br>Alles f\u00fcr das Leben drau\u00dfen, wie St\u00fchle, Tisch, Sonnenschutz und Kochgeschirr.<br>Selbstbergungsausr\u00fcstung wie Bergegurte, Sch\u00e4kel, Greifz\u00fcge, Sandbleche, Hebeger\u00e4te, Kettens\u00e4gen und Gleitschutzketten.<br>Werkzeuge zur Durchf\u00fchrung von Wartungs- und Reparaturarbeiten, Spezialwerkzeuge, Pr\u00fcf- und Diagnoseger\u00e4te.<br>Ger\u00e4te zum Wechseln und Reparieren von Reifen und Ventilen.<br>Wartungs- und Verschlei\u00dfteile wie z. B. verschiedene \u00d6lsorten, Filter, Riemen, Scheibenwischer, Sicherungen und Lampen.<br>Ersatzteile f\u00fcr das Fahrgestell und die Karosserie, wie z. B. Spiegel, Leuchten, Relais, Filter und Wasserpumpen.<br>Reparaturmaterial f\u00fcr Glassch\u00e4den oder Sch\u00e4den an der Karosserie.<br>Auf Wunsch stellen wir Ihnen gerne die komplette Innenausstattung und Dekoration f\u00fcr Ihr Fahrzeug zusammen, von K\u00fcchenger\u00e4ten bis hin zu Handt\u00fcchern und Bettw\u00e4sche.<\/p>\n\n\n\n<figure class=\"wp-block-embed is-type-video is-provider-youtube wp-block-embed-youtube wp-embed-aspect-16-9 wp-has-aspect-ratio\"><div class=\"wp-block-embed__wrapper\">\n<span class=\"embed-youtube\" style=\"text-align:center; display: block;\"><iframe loading=\"lazy\" class=\"youtube-player\" width=\"700\" height=\"394\" src=\"https:\/\/www.youtube.com\/embed\/sOUODZ1ZfFs?version=3&#038;rel=1&#038;showsearch=0&#038;showinfo=1&#038;iv_load_policy=1&#038;fs=1&#038;hl=de-DE&#038;autohide=2&#038;wmode=transparent\" allowfullscreen=\"true\" style=\"border:0;\" sandbox=\"allow-scripts allow-same-origin allow-popups allow-presentation allow-popups-to-escape-sandbox\"><\/iframe><\/span>\n<\/div><\/figure>\n","protected":false},"excerpt":{"rendered":"<p>Unabh\u00e4ngiges und sicheres Reisen erfordert nicht nur ein entsprechend ausgelegtes Fahrzeug, sondern auch die richtige Ausr\u00fcstung, um sich im t\u00e4glichen Gebrauch mit Wasser, Kraftstoff und, falls vorhanden, externer Elektrizit\u00e4t versorgen zu k\u00f6nnen, egal wo auf dem Planeten Sie sich befinden.Und wenn etwas schief geht, sollten Sie ebenfalls vorbereitet sein.In \u00fcber 40 Jahren und auf vielen &hellip; <a href=\"https:\/\/unicatexpeditionvehicles.com\/de\/equipment-3\/\" class=\"more-link\">Weiterlesen <span class=\"screen-reader-text\">AUSR\u00dcSTUNG<\/span> <span class=\"meta-nav\">&rarr;<\/span><\/a><\/p>\n","protected":false},"author":152699510,"featured_media":8504,"parent":0,"menu_order":0,"comment_status":"closed","ping_status":"closed","template":"templates\/testimonial-page.php","meta":{"_coblocks_attr":"","_coblocks_dimensions":"{\"coblocks-hero-102494117973\":{\"padding\":{}}}","_coblocks_responsive_height":"{\"coblocks-shape-divider-102493656211\":{\"shapeHeight\":{\"height\":20},\"backgroundHeight\":{\"height\":21}}}","_coblocks_accordion_ie_support":"","advanced_seo_description":"","jetpack_seo_html_title":"","jetpack_seo_noindex":false,"footnotes":""},"wf_page_folders":[32308],"class_list":["post-3755","page","type-page","status-publish","has-post-thumbnail","hentry"],"translation":{"provider":"WPGlobus","version":"3.0.2","language":"de","enabled_languages":["en","de","it","es","fr","zh"],"languages":{"en":{"title":true,"content":true,"excerpt":false},"de":{"title":true,"content":true,"excerpt":false},"it":{"title":true,"content":true,"excerpt":false},"es":{"title":true,"content":true,"excerpt":false},"fr":{"title":true,"content":true,"excerpt":false},"zh":{"title":true,"content":true,"excerpt":false}}},"jetpack_likes_enabled":false,"jetpack_sharing_enabled":false,"jetpack_shortlink":"https:\/\/wp.me\/PaIsEW-Yz","jetpack-related-posts":[{"id":8141,"url":"https:\/\/unicatexpeditionvehicles.com\/de\/laboratory-vehicle\/","url_meta":{"origin":3755,"position":0},"title":"LABORATORY VEHICLE","author":"unicatexpeditionvehicles","date":"02\/01\/2021","format":false,"excerpt":"{:en} Specification Type of vehicle: laboratory vehicle Chassis: Mercedes-Benz Unimog U 1550 L37 Wheelbase: 12.14 ft Engine: 6-cylinder turbo-diesel, 157 kW (214 hp) GVWR: 18,739 lbs Dimensions total: 272.4 x 90.6 x 143.9 inch Dimensions of body: 172.4 x 85.8 x 78.7 inch No. of passengers: 3 Remarks Laboratory equipement\u2026","rel":"","context":"\u00c4hnlicher Beitrag","block_context":{"text":"\u00c4hnlicher Beitrag","link":""},"img":{"alt_text":"","src":"https:\/\/i0.wp.com\/unicatexpeditionvehicles.com\/wp-content\/uploads\/2020\/12\/Laborfahrzeug-560-e1607529644505.jpg?fit=560%2C315&ssl=1&resize=350%2C200","width":350,"height":200,"srcset":"https:\/\/i0.wp.com\/unicatexpeditionvehicles.com\/wp-content\/uploads\/2020\/12\/Laborfahrzeug-560-e1607529644505.jpg?fit=560%2C315&ssl=1&resize=350%2C200 1x, https:\/\/i0.wp.com\/unicatexpeditionvehicles.com\/wp-content\/uploads\/2020\/12\/Laborfahrzeug-560-e1607529644505.jpg?fit=560%2C315&ssl=1&resize=525%2C300 1.5x"},"classes":[]},{"id":21251,"url":"https:\/\/unicatexpeditionvehicles.com\/de\/b58xg-g6x6\/","url_meta":{"origin":3755,"position":1},"title":"B58XG MERCEDES-BENZ G6X6","author":"unicatexpeditionvehicles","date":"15\/05\/2024","format":false,"excerpt":"{:en} Chassis Mercedes-Benz G 6x6\u00a0 Single cab, 2-door Wheel base 3120 mm + 1100 mm (122.8\u201c + 43,3\u201c) Mercedes-Benz diesel or gas engine Automatic transmission Cruise control 2-speed transfer case with off-road reduction All wheel drive selectable Differential lock in front axle Differential locks in rear axles Coil spring suspension\u2026","rel":"","context":"\u00c4hnlicher Beitrag","block_context":{"text":"\u00c4hnlicher Beitrag","link":""},"img":{"alt_text":"","src":"https:\/\/i0.wp.com\/unicatexpeditionvehicles.com\/wp-content\/uploads\/2020\/12\/kisspng-computer-icons-camera-photography-clip-art-photo-camera-5ac7fda70796c4.1376665315230560390311.png?resize=350%2C200&ssl=1","width":350,"height":200},"classes":[]},{"id":5251,"url":"https:\/\/unicatexpeditionvehicles.com\/de\/tecnique-2\/","url_meta":{"origin":3755,"position":2},"title":"TECNIQUE","author":"unicatexpeditionvehicles","date":"07\/12\/2020","format":false,"excerpt":"https:\/\/youtu.be\/9M_0RPr8CME Windows - Doors and Locking systems https:\/\/youtu.be\/m6Cf_LSt9KQ Materials to build the body https:\/\/youtu.be\/jXleHey1v4A Windows - Doors and Locking systems https:\/\/youtu.be\/xh0P4frLmqwhttps:\/\/youtu.be\/eqi-lurACGA Materials to build the body https:\/\/youtu.be\/OfiPDApiTWY How we build the bodies https:\/\/youtu.be\/xh0P4frLmqw Windows https:\/\/youtu.be\/Sa3MeqZQCHA The marriage between the frame and the body https:\/\/youtu.be\/OCafP0fd3DA Preparation of a vehicle for shipping\u2026","rel":"","context":"\u00c4hnlicher Beitrag","block_context":{"text":"\u00c4hnlicher Beitrag","link":""},"img":{"alt_text":"","src":"https:\/\/i0.wp.com\/img.youtube.com\/vi\/9M_0RPr8CME\/0.jpg?resize=350%2C200","width":350,"height":200},"classes":[]},{"id":9928,"url":"https:\/\/unicatexpeditionvehicles.com\/de\/tc76-comfort-suite\/tc76-comfort-suite-outside\/","url_meta":{"origin":3755,"position":3},"title":"TC76 COMFORT SUITE OUTSIDE","author":"unicatexpeditionvehicles","date":"31\/01\/2021","format":false,"excerpt":"","rel":"","context":"\u00c4hnlicher Beitrag","block_context":{"text":"\u00c4hnlicher Beitrag","link":""},"img":{"alt_text":"","src":"https:\/\/i0.wp.com\/unicatexpeditionvehicles.com\/wp-content\/uploads\/2020\/12\/collage-TERRACROSS.jpg?fit=1200%2C675&ssl=1&resize=350%2C200","width":350,"height":200,"srcset":"https:\/\/i0.wp.com\/unicatexpeditionvehicles.com\/wp-content\/uploads\/2020\/12\/collage-TERRACROSS.jpg?fit=1200%2C675&ssl=1&resize=350%2C200 1x, https:\/\/i0.wp.com\/unicatexpeditionvehicles.com\/wp-content\/uploads\/2020\/12\/collage-TERRACROSS.jpg?fit=1200%2C675&ssl=1&resize=525%2C300 1.5x, https:\/\/i0.wp.com\/unicatexpeditionvehicles.com\/wp-content\/uploads\/2020\/12\/collage-TERRACROSS.jpg?fit=1200%2C675&ssl=1&resize=700%2C400 2x, https:\/\/i0.wp.com\/unicatexpeditionvehicles.com\/wp-content\/uploads\/2020\/12\/collage-TERRACROSS.jpg?fit=1200%2C675&ssl=1&resize=1050%2C600 3x"},"classes":[]},{"id":9045,"url":"https:\/\/unicatexpeditionvehicles.com\/de\/klaus-and-erika-darr\/","url_meta":{"origin":3755,"position":4},"title":"Klaus and Erika D\u00e4rr","author":"unicatexpeditionvehicles","date":"17\/01\/2021","format":false,"excerpt":"July 2004 The probationIn January 2002 we, Erika and Klaus D\u00e4rr, started on a four-year trip around the world by land across all five continents.First we drove from Europe to Morocco, then through the Sahara to West Africa, through the entire Sahel to East Africa and from there to southern\u2026","rel":"","context":"\u00c4hnlicher Beitrag","block_context":{"text":"\u00c4hnlicher Beitrag","link":""},"img":{"alt_text":"","src":"https:\/\/i0.wp.com\/unicatexpeditionvehicles.com\/wp-content\/uploads\/2021\/01\/Bolivien-200.jpg?fit=1200%2C800&ssl=1&resize=350%2C200","width":350,"height":200,"srcset":"https:\/\/i0.wp.com\/unicatexpeditionvehicles.com\/wp-content\/uploads\/2021\/01\/Bolivien-200.jpg?fit=1200%2C800&ssl=1&resize=350%2C200 1x, https:\/\/i0.wp.com\/unicatexpeditionvehicles.com\/wp-content\/uploads\/2021\/01\/Bolivien-200.jpg?fit=1200%2C800&ssl=1&resize=525%2C300 1.5x, https:\/\/i0.wp.com\/unicatexpeditionvehicles.com\/wp-content\/uploads\/2021\/01\/Bolivien-200.jpg?fit=1200%2C800&ssl=1&resize=700%2C400 2x, https:\/\/i0.wp.com\/unicatexpeditionvehicles.com\/wp-content\/uploads\/2021\/01\/Bolivien-200.jpg?fit=1200%2C800&ssl=1&resize=1050%2C600 3x"},"classes":[]},{"id":1512,"url":"https:\/\/unicatexpeditionvehicles.com\/de\/equipment-2\/","url_meta":{"origin":3755,"position":5},"title":"TECHNISCHE AUSSTATTUNG","author":"unicatexpeditionvehicles","date":"25\/02\/2019","format":false,"excerpt":"{:en} The technical equipment of the body is a matter for specialists - and not just one specialist, but many.The body, the chassis conversions, the furniture, the extensive energy supply and distribution system, communication and monitoring, water supply and disposal, the heating system, air conditioning and ventilation, the hydraulics and\u2026","rel":"","context":"\u00c4hnlicher Beitrag","block_context":{"text":"\u00c4hnlicher Beitrag","link":""},"img":{"alt_text":"","src":"https:\/\/i0.wp.com\/unicatexpeditionvehicles.com\/wp-content\/uploads\/2020\/12\/IMG_0346.jpeg?fit=1200%2C675&ssl=1&resize=350%2C200","width":350,"height":200,"srcset":"https:\/\/i0.wp.com\/unicatexpeditionvehicles.com\/wp-content\/uploads\/2020\/12\/IMG_0346.jpeg?fit=1200%2C675&ssl=1&resize=350%2C200 1x, https:\/\/i0.wp.com\/unicatexpeditionvehicles.com\/wp-content\/uploads\/2020\/12\/IMG_0346.jpeg?fit=1200%2C675&ssl=1&resize=525%2C300 1.5x, https:\/\/i0.wp.com\/unicatexpeditionvehicles.com\/wp-content\/uploads\/2020\/12\/IMG_0346.jpeg?fit=1200%2C675&ssl=1&resize=700%2C400 2x, https:\/\/i0.wp.com\/unicatexpeditionvehicles.com\/wp-content\/uploads\/2020\/12\/IMG_0346.jpeg?fit=1200%2C675&ssl=1&resize=1050%2C600 3x"},"classes":[]}],"_links":{"self":[{"href":"https:\/\/unicatexpeditionvehicles.com\/de\/wp-json\/wp\/v2\/pages\/3755","targetHints":{"allow":["GET"]}}],"collection":[{"href":"https:\/\/unicatexpeditionvehicles.com\/de\/wp-json\/wp\/v2\/pages"}],"about":[{"href":"https:\/\/unicatexpeditionvehicles.com\/de\/wp-json\/wp\/v2\/types\/page"}],"author":[{"embeddable":true,"href":"https:\/\/unicatexpeditionvehicles.com\/de\/wp-json\/wp\/v2\/users\/152699510"}],"replies":[{"embeddable":true,"href":"https:\/\/unicatexpeditionvehicles.com\/de\/wp-json\/wp\/v2\/comments?post=3755"}],"version-history":[{"count":35,"href":"https:\/\/unicatexpeditionvehicles.com\/de\/wp-json\/wp\/v2\/pages\/3755\/revisions"}],"predecessor-version":[{"id":15729,"href":"https:\/\/unicatexpeditionvehicles.com\/de\/wp-json\/wp\/v2\/pages\/3755\/revisions\/15729"}],"wp:featuredmedia":[{"embeddable":true,"href":"https:\/\/unicatexpeditionvehicles.com\/de\/wp-json\/wp\/v2\/media\/8504"}],"wp:attachment":[{"href":"https:\/\/unicatexpeditionvehicles.com\/de\/wp-json\/wp\/v2\/media?parent=3755"}],"wp:term":[{"taxonomy":"wf_page_folders","embeddable":true,"href":"https:\/\/unicatexpeditionvehicles.com\/de\/wp-json\/wp\/v2\/wf_page_folders?post=3755"}],"curies":[{"name":"wp","href":"https:\/\/api.w.org\/{rel}","templated":true}]}}