{"id":3571,"date":"2020-11-08T17:14:54","date_gmt":"2020-11-08T16:14:54","guid":{"rendered":"https:\/\/unicatexpeditionvehicles.com\/?page_id=3571"},"modified":"2024-02-12T22:18:16","modified_gmt":"2024-02-12T21:18:16","slug":"intro-service","status":"publish","type":"page","link":"https:\/\/unicatexpeditionvehicles.com\/de\/intro-service\/","title":{"rendered":"INTRO SERVICE"},"content":{"rendered":"\n<hr class=\"wp-block-separator has-css-opacity is-style-wide\"\/>\n\n\n\n<p>UNICAT &#8211; immer zu Ihren Diensten!<\/p>\n\n\n\n<p class=\"has-text-align-justify\">Mit diesem Angebot, das eine bestimmte Organisation und Teamgr\u00f6\u00dfe erfordert, hebt sich UNICAT deutlich von allen anderen Wettbewerbern auf dem Markt ab.<br>Wir stehen hinter unserer Arbeit und bieten kompetente Beratung, Service und Support weltweit und rund um die Uhr.<br>Ausstattung des Fahrzeugs, Betriebs- und Wartungsanleitung, Fahr- und Reparaturschulung, Registrierung, Versicherung, Sekretariatsdienste, Verschiffung und \u00dcberf\u00fchrung, Zollformalit\u00e4ten, Unterstellung, Versand von Ersatzteilen, weltweiter Reparatur- und Wartungsservice, Modernisierung, \u00dcberholung, Verkauf Ihres Fahrzeugs und Betreuung des neuen Eigent\u00fcmers &#8211; unser erfahrenes Team bietet all diese Dienstleistungen seit vielen Jahren mit viel pers\u00f6nlichem Engagement und zur vollsten Zufriedenheit unserer Kunden.<br>Dieses Angebot gilt nicht nur f\u00fcr neu gelieferte Fahrzeuge, sondern insbesondere auch nach Ablauf der Garantiezeit, unabh\u00e4ngig davon, ob wir das Fahrzeug f\u00fcr Sie gebaut haben oder ob Sie es als Gebrauchtfahrzeug bei uns gekauft haben.<br>Diesen Service k\u00f6nnen wir jedoch nur f\u00fcr unsere Kunden und ausschlie\u00dflich f\u00fcr UNICAT-Fahrzeuge anbieten, da hierf\u00fcr eine vertrauensvolle Beziehung und eine vollst\u00e4ndige Dokumentation unabdingbar sind.<br>Wir k\u00fcmmern uns um die vollst\u00e4ndige Dokumentation w\u00e4hrend des Baus jedes Fahrzeugs, wir bem\u00fchen uns jeden Tag um eine vertrauensvolle Beziehung zwischen Team und Kunde.<br>Letztendlich ist es die Zugeh\u00f6rigkeit zur Familie der UNICAT-Eigner, die den Unterschied ausmacht.<\/p>\n","protected":false},"excerpt":{"rendered":"<p>UNICAT &#8211; immer zu Ihren Diensten! Mit diesem Angebot, das eine bestimmte Organisation und Teamgr\u00f6\u00dfe erfordert, hebt sich UNICAT deutlich von allen anderen Wettbewerbern auf dem Markt ab.Wir stehen hinter unserer Arbeit und bieten kompetente Beratung, Service und Support weltweit und rund um die Uhr.Ausstattung des Fahrzeugs, Betriebs- und Wartungsanleitung, Fahr- und Reparaturschulung, Registrierung, Versicherung, &hellip; <a href=\"https:\/\/unicatexpeditionvehicles.com\/de\/intro-service\/\" class=\"more-link\">Weiterlesen <span class=\"screen-reader-text\">INTRO SERVICE<\/span> <span class=\"meta-nav\">&rarr;<\/span><\/a><\/p>\n","protected":false},"author":152699510,"featured_media":0,"parent":0,"menu_order":0,"comment_status":"closed","ping_status":"closed","template":"","meta":{"_coblocks_attr":"Arial","_coblocks_dimensions":"","_coblocks_responsive_height":"","_coblocks_accordion_ie_support":"","advanced_seo_description":"","jetpack_seo_html_title":"","jetpack_seo_noindex":false,"jetpack_post_was_ever_published":false,"footnotes":""},"wf_page_folders":[32308],"class_list":["post-3571","page","type-page","status-publish","hentry"],"translation":{"provider":"WPGlobus","version":"3.0.2","language":"de","enabled_languages":["en","de","it","es","fr","zh"],"languages":{"en":{"title":true,"content":true,"excerpt":false},"de":{"title":true,"content":true,"excerpt":false},"it":{"title":true,"content":true,"excerpt":false},"es":{"title":true,"content":true,"excerpt":false},"fr":{"title":true,"content":true,"excerpt":false},"zh":{"title":true,"content":true,"excerpt":false}}},"jetpack_likes_enabled":true,"jetpack_sharing_enabled":true,"jetpack_shortlink":"https:\/\/wp.me\/PaIsEW-VB","jetpack-related-posts":[{"id":59,"url":"https:\/\/unicatexpeditionvehicles.com\/de\/service2\/","url_meta":{"origin":3571,"position":0},"title":"SERVICE","author":"unicatexpeditionvehicles","date":"29\/10\/2018","format":false,"excerpt":"{:en} UNICAT - always at your service! With this offer - which requires a certain organization and team size - UNICAT clearly stands out from all other competitors on the market.We stand behind our work and offer competent advice, service and support worldwide and around the clock.Equipment of the vehicle,\u00a0operation\u2026","rel":"","context":"\u00c4hnlicher Beitrag","block_context":{"text":"\u00c4hnlicher Beitrag","link":""},"img":{"alt_text":"","src":"https:\/\/i0.wp.com\/unicatexpeditionvehicles.com\/wp-content\/uploads\/2021\/01\/Equipment-01-e1609849517614.jpg?resize=350%2C200&ssl=1","width":350,"height":200,"srcset":"https:\/\/i0.wp.com\/unicatexpeditionvehicles.com\/wp-content\/uploads\/2021\/01\/Equipment-01-e1609849517614.jpg?resize=350%2C200&ssl=1 1x, https:\/\/i0.wp.com\/unicatexpeditionvehicles.com\/wp-content\/uploads\/2021\/01\/Equipment-01-e1609849517614.jpg?resize=525%2C300&ssl=1 1.5x, https:\/\/i0.wp.com\/unicatexpeditionvehicles.com\/wp-content\/uploads\/2021\/01\/Equipment-01-e1609849517614.jpg?resize=700%2C400&ssl=1 2x"},"classes":[]},{"id":9261,"url":"https:\/\/unicatexpeditionvehicles.com\/de\/maryse-and-albert-wildgen\/","url_meta":{"origin":3571,"position":1},"title":"MARYSE AND ALBERT WILDGEN","author":"unicatexpeditionvehicles","date":"18\/01\/2021","format":false,"excerpt":"December 2004We are the proud owners of an expedition vehicle on a MAN TGA 6x6 chassis.\u00a0We are enthusiastic African travelers and have chosen a route that is not quite so easy for our first tour: Tunisia, Libya, Nigeria, Burkina Faso, and Ghana.After more than 9,000 kilometers, we are completely awed\u2026","rel":"","context":"\u00c4hnlicher Beitrag","block_context":{"text":"\u00c4hnlicher Beitrag","link":""},"img":{"alt_text":"","src":"https:\/\/i0.wp.com\/unicatexpeditionvehicles.com\/wp-content\/uploads\/2021\/01\/MaFreedRelax.jpg?fit=1200%2C782&ssl=1&resize=350%2C200","width":350,"height":200,"srcset":"https:\/\/i0.wp.com\/unicatexpeditionvehicles.com\/wp-content\/uploads\/2021\/01\/MaFreedRelax.jpg?fit=1200%2C782&ssl=1&resize=350%2C200 1x, https:\/\/i0.wp.com\/unicatexpeditionvehicles.com\/wp-content\/uploads\/2021\/01\/MaFreedRelax.jpg?fit=1200%2C782&ssl=1&resize=525%2C300 1.5x, https:\/\/i0.wp.com\/unicatexpeditionvehicles.com\/wp-content\/uploads\/2021\/01\/MaFreedRelax.jpg?fit=1200%2C782&ssl=1&resize=700%2C400 2x, https:\/\/i0.wp.com\/unicatexpeditionvehicles.com\/wp-content\/uploads\/2021\/01\/MaFreedRelax.jpg?fit=1200%2C782&ssl=1&resize=1050%2C600 3x"},"classes":[]},{"id":7016,"url":"https:\/\/unicatexpeditionvehicles.com\/de\/igor-monica-molieri\/","url_meta":{"origin":3571,"position":2},"title":"IGOR &#8211; MONICA MOLIERI","author":"unicatexpeditionvehicles","date":"27\/12\/2020","format":false,"excerpt":"December 2020 We are a couple without great manual skills and with little technical knowledge and before embarking on our \"journey of life\" we wanted to be sure not to be \"abandoned\" in case our new home on wheels named Kami would have a breakdown. A five-year research with careful\u2026","rel":"","context":"\u00c4hnlicher Beitrag","block_context":{"text":"\u00c4hnlicher Beitrag","link":""},"img":{"alt_text":"","src":"https:\/\/i0.wp.com\/unicatexpeditionvehicles.com\/wp-content\/uploads\/2020\/12\/Foto-04.10.19-16-35-07.jpg?fit=1200%2C520&ssl=1&resize=350%2C200","width":350,"height":200,"srcset":"https:\/\/i0.wp.com\/unicatexpeditionvehicles.com\/wp-content\/uploads\/2020\/12\/Foto-04.10.19-16-35-07.jpg?fit=1200%2C520&ssl=1&resize=350%2C200 1x, https:\/\/i0.wp.com\/unicatexpeditionvehicles.com\/wp-content\/uploads\/2020\/12\/Foto-04.10.19-16-35-07.jpg?fit=1200%2C520&ssl=1&resize=525%2C300 1.5x, https:\/\/i0.wp.com\/unicatexpeditionvehicles.com\/wp-content\/uploads\/2020\/12\/Foto-04.10.19-16-35-07.jpg?fit=1200%2C520&ssl=1&resize=700%2C400 2x, https:\/\/i0.wp.com\/unicatexpeditionvehicles.com\/wp-content\/uploads\/2020\/12\/Foto-04.10.19-16-35-07.jpg?fit=1200%2C520&ssl=1&resize=1050%2C600 3x"},"classes":[]},{"id":1500,"url":"https:\/\/unicatexpeditionvehicles.com\/de\/intro-engineering\/","url_meta":{"origin":3571,"position":3},"title":"Intro Maschinenbau","author":"unicatexpeditionvehicles","date":"25\/02\/2019","format":false,"excerpt":"{:en} Designing and manufacturing of a UNICAT vehicle can easily be compared with building a house or a yacht.The requirements raised by your personal home preferences and lifestyle must be matched with the technical requirements of building a off-road capable vehicle.To offer safety and comfort, your vehicle has to withstand\u2026","rel":"","context":"\u00c4hnlicher Beitrag","block_context":{"text":"\u00c4hnlicher Beitrag","link":""},"img":{"alt_text":"","src":"","width":0,"height":0},"classes":[]},{"id":10372,"url":"https:\/\/unicatexpeditionvehicles.com\/de\/intro-vehicles-en\/","url_meta":{"origin":3571,"position":4},"title":"Intro fahrzeuge","author":"unicatexpeditionvehicles","date":"23\/02\/2021","format":false,"excerpt":"{:en} The requirements of overlanders and world travelers share many similarities, yet their\u00a0demands on the body and vehicle chassis\u00a0may vary. UNICAT addresses a diverse range of needs through its 5 product lines, consistently upholding the principle of unwavering quality and engineering expertise. Experience the ultimate in drivability with our low\u2026","rel":"","context":"\u00c4hnlicher Beitrag","block_context":{"text":"\u00c4hnlicher Beitrag","link":""},"img":{"alt_text":"","src":"https:\/\/i0.wp.com\/unicatexpeditionvehicles.com\/wp-content\/uploads\/2020\/12\/collage-TERRACROSS.jpg?resize=350%2C200&ssl=1","width":350,"height":200,"srcset":"https:\/\/i0.wp.com\/unicatexpeditionvehicles.com\/wp-content\/uploads\/2020\/12\/collage-TERRACROSS.jpg?resize=350%2C200&ssl=1 1x, https:\/\/i0.wp.com\/unicatexpeditionvehicles.com\/wp-content\/uploads\/2020\/12\/collage-TERRACROSS.jpg?resize=525%2C300&ssl=1 1.5x, https:\/\/i0.wp.com\/unicatexpeditionvehicles.com\/wp-content\/uploads\/2020\/12\/collage-TERRACROSS.jpg?resize=700%2C400&ssl=1 2x, https:\/\/i0.wp.com\/unicatexpeditionvehicles.com\/wp-content\/uploads\/2020\/12\/collage-TERRACROSS.jpg?resize=1050%2C600&ssl=1 3x"},"classes":[]},{"id":8470,"url":"https:\/\/unicatexpeditionvehicles.com\/de\/resale\/","url_meta":{"origin":3571,"position":5},"title":"WIEDERVERKAUF","author":"unicatexpeditionvehicles","date":"05\/01\/2021","format":false,"excerpt":"{:en} UNICAT will be your partner for buying and selling pre-loved Unicat expedition vehicles at a fare price.Therefore, the SECOND HANDS area of the Unicat website is available for re-homing of used UNICAT expedition vehicles.After preparing a comprehensive sales profile, potential buyers can browse the complete details, specifications and photographs\u2026","rel":"","context":"\u00c4hnlicher Beitrag","block_context":{"text":"\u00c4hnlicher Beitrag","link":""},"img":{"alt_text":"","src":"https:\/\/i0.wp.com\/unicatexpeditionvehicles.com\/wp-content\/uploads\/2019\/03\/Usato.jpg?fit=1200%2C675&ssl=1&resize=350%2C200","width":350,"height":200,"srcset":"https:\/\/i0.wp.com\/unicatexpeditionvehicles.com\/wp-content\/uploads\/2019\/03\/Usato.jpg?fit=1200%2C675&ssl=1&resize=350%2C200 1x, https:\/\/i0.wp.com\/unicatexpeditionvehicles.com\/wp-content\/uploads\/2019\/03\/Usato.jpg?fit=1200%2C675&ssl=1&resize=525%2C300 1.5x, https:\/\/i0.wp.com\/unicatexpeditionvehicles.com\/wp-content\/uploads\/2019\/03\/Usato.jpg?fit=1200%2C675&ssl=1&resize=700%2C400 2x, https:\/\/i0.wp.com\/unicatexpeditionvehicles.com\/wp-content\/uploads\/2019\/03\/Usato.jpg?fit=1200%2C675&ssl=1&resize=1050%2C600 3x"},"classes":[]}],"_links":{"self":[{"href":"https:\/\/unicatexpeditionvehicles.com\/de\/wp-json\/wp\/v2\/pages\/3571","targetHints":{"allow":["GET"]}}],"collection":[{"href":"https:\/\/unicatexpeditionvehicles.com\/de\/wp-json\/wp\/v2\/pages"}],"about":[{"href":"https:\/\/unicatexpeditionvehicles.com\/de\/wp-json\/wp\/v2\/types\/page"}],"author":[{"embeddable":true,"href":"https:\/\/unicatexpeditionvehicles.com\/de\/wp-json\/wp\/v2\/users\/152699510"}],"replies":[{"embeddable":true,"href":"https:\/\/unicatexpeditionvehicles.com\/de\/wp-json\/wp\/v2\/comments?post=3571"}],"version-history":[{"count":54,"href":"https:\/\/unicatexpeditionvehicles.com\/de\/wp-json\/wp\/v2\/pages\/3571\/revisions"}],"predecessor-version":[{"id":20391,"href":"https:\/\/unicatexpeditionvehicles.com\/de\/wp-json\/wp\/v2\/pages\/3571\/revisions\/20391"}],"wp:attachment":[{"href":"https:\/\/unicatexpeditionvehicles.com\/de\/wp-json\/wp\/v2\/media?parent=3571"}],"wp:term":[{"taxonomy":"wf_page_folders","embeddable":true,"href":"https:\/\/unicatexpeditionvehicles.com\/de\/wp-json\/wp\/v2\/wf_page_folders?post=3571"}],"curies":[{"name":"wp","href":"https:\/\/api.w.org\/{rel}","templated":true}]}}