{"id":1512,"date":"2019-02-25T12:25:41","date_gmt":"2019-02-25T11:25:41","guid":{"rendered":"https:\/\/unicatexpeditionvehicles.com\/?page_id=1512"},"modified":"2022-03-25T17:54:11","modified_gmt":"2022-03-25T16:54:11","slug":"equipment-2","status":"publish","type":"page","link":"https:\/\/unicatexpeditionvehicles.com\/de\/equipment-2\/","title":{"rendered":"TECHNISCHE AUSSTATTUNG"},"content":{"rendered":"\n<hr class=\"wp-block-separator is-style-wide\"\/>\n\n\n\n<p class=\"has-text-align-justify\">Die technische Ausstattung des Aufbaus ist Spezialistensache \u2013 und nicht nur eines Spezialisten, sondern gleich vieler.<br>Der Aufbau, die Fahrgestellumbauten, der Innenausbau, die umfangreiche Energieversorgung und Verteilung, Kommunikation und \u00dcberwachung, Wasserversorgung und Entsorgung, die Heizanlage, Klimatisierung und L\u00fcftung, die Hydraulik und Pneumatik \u2013 alles wird zun\u00e4chst mit CAD Systemen geplant und aufeinander abgestimmt soda\u00df ein funktionierendes Ganzes entsteht.<br>Bei UNICAT werden die Fahrgestellumbauten von KFZ-Mechanikern durchgef\u00fchrt, die Aufbauten von Kunststofftechnikern montiert und die M\u00f6bel von Schreinern eingebaut.<br>Die elektrische Anlage wird von erfahrenen Elektrikern montiert.<br>Dabei stehen den UNICAT Mitarbeitern die notwendigen Spezialwerkzeuge und Pr\u00fcfger\u00e4te zur Verf\u00fcgung, die heute in jedem einzelnen Bereich zur Verbesserung der Qualit\u00e4t eingesetzt werden k\u00f6nnen.<br>In der Realit\u00e4t zeigt sich UNICAT mit \u00fcber 40 hoch qualifizierten Mitarbeitern als gro\u00df genug, um jeden Bereich fachm\u00e4nnisch zu betreuen \u2013 aber auch noch klein genug um Sie pers\u00f6nlich zu betreuen und Ihr Fahrzeug als wahre Team-Arbeit entstehen zu lassen.<\/p>\n\n\n\n<div class=\"wp-block-columns is-layout-flex wp-container-core-columns-is-layout-9d6595d7 wp-block-columns-is-layout-flex\">\n<div class=\"wp-block-column is-layout-flow wp-block-column-is-layout-flow\">\n<figure class=\"wp-block-image size-large is-style-default\"><a href=\"https:\/\/i0.wp.com\/unicatexpeditionvehicles.com\/wp-content\/uploads\/2021\/01\/TECNICAL-EQUIPMENT-2.jpeg?ssl=1\"><img data-recalc-dims=\"1\" loading=\"lazy\" decoding=\"async\" width=\"700\" height=\"394\" data-attachment-id=\"8761\" data-permalink=\"https:\/\/unicatexpeditionvehicles.com\/de\/tecnical-equipment-2\/\" data-orig-file=\"https:\/\/i0.wp.com\/unicatexpeditionvehicles.com\/wp-content\/uploads\/2021\/01\/TECNICAL-EQUIPMENT-2.jpeg?fit=1280%2C720&amp;ssl=1\" data-orig-size=\"1280,720\" data-comments-opened=\"1\" data-image-meta=\"{&quot;aperture&quot;:&quot;2.2&quot;,&quot;credit&quot;:&quot;&quot;,&quot;camera&quot;:&quot;iPhone 6&quot;,&quot;caption&quot;:&quot;&quot;,&quot;created_timestamp&quot;:&quot;1498156814&quot;,&quot;copyright&quot;:&quot;&quot;,&quot;focal_length&quot;:&quot;4.15&quot;,&quot;iso&quot;:&quot;32&quot;,&quot;shutter_speed&quot;:&quot;0.0085470085470085&quot;,&quot;title&quot;:&quot;&quot;,&quot;orientation&quot;:&quot;1&quot;}\" data-image-title=\"TECNICAL EQUIPMENT &amp;#8211; 2\" data-image-description=\"\" data-image-caption=\"\" data-large-file=\"https:\/\/i0.wp.com\/unicatexpeditionvehicles.com\/wp-content\/uploads\/2021\/01\/TECNICAL-EQUIPMENT-2.jpeg?fit=700%2C394&amp;ssl=1\" src=\"https:\/\/i0.wp.com\/unicatexpeditionvehicles.com\/wp-content\/uploads\/2021\/01\/TECNICAL-EQUIPMENT-2.jpeg?resize=700%2C394&#038;ssl=1\" alt=\"\" class=\"wp-image-8761\" srcset=\"https:\/\/i0.wp.com\/unicatexpeditionvehicles.com\/wp-content\/uploads\/2021\/01\/TECNICAL-EQUIPMENT-2.jpeg?resize=1024%2C576&amp;ssl=1 1024w, https:\/\/i0.wp.com\/unicatexpeditionvehicles.com\/wp-content\/uploads\/2021\/01\/TECNICAL-EQUIPMENT-2.jpeg?resize=300%2C169&amp;ssl=1 300w, https:\/\/i0.wp.com\/unicatexpeditionvehicles.com\/wp-content\/uploads\/2021\/01\/TECNICAL-EQUIPMENT-2.jpeg?resize=768%2C432&amp;ssl=1 768w, https:\/\/i0.wp.com\/unicatexpeditionvehicles.com\/wp-content\/uploads\/2021\/01\/TECNICAL-EQUIPMENT-2.jpeg?resize=1200%2C675&amp;ssl=1 1200w, https:\/\/i0.wp.com\/unicatexpeditionvehicles.com\/wp-content\/uploads\/2021\/01\/TECNICAL-EQUIPMENT-2.jpeg?resize=700%2C394&amp;ssl=1 700w, https:\/\/i0.wp.com\/unicatexpeditionvehicles.com\/wp-content\/uploads\/2021\/01\/TECNICAL-EQUIPMENT-2.jpeg?resize=711%2C400&amp;ssl=1 711w, https:\/\/i0.wp.com\/unicatexpeditionvehicles.com\/wp-content\/uploads\/2021\/01\/TECNICAL-EQUIPMENT-2.jpeg?w=1280&amp;ssl=1 1280w\" sizes=\"auto, (max-width: 700px) 100vw, 700px\" \/><\/a><\/figure>\n<\/div>\n\n\n\n<div class=\"wp-block-column is-layout-flow wp-block-column-is-layout-flow\">\n<figure class=\"wp-block-image size-large is-style-default\"><a href=\"https:\/\/i0.wp.com\/unicatexpeditionvehicles.com\/wp-content\/uploads\/2021\/01\/Engineering-Technical-equipment-01-1.jpg?ssl=1\"><img data-recalc-dims=\"1\" loading=\"lazy\" decoding=\"async\" width=\"700\" height=\"394\" data-attachment-id=\"8758\" data-permalink=\"https:\/\/unicatexpeditionvehicles.com\/de\/engineering-technical-equipment-01-2\/\" data-orig-file=\"https:\/\/i0.wp.com\/unicatexpeditionvehicles.com\/wp-content\/uploads\/2021\/01\/Engineering-Technical-equipment-01-1.jpg?fit=3504%2C1971&amp;ssl=1\" data-orig-size=\"3504,1971\" data-comments-opened=\"1\" data-image-meta=\"{&quot;aperture&quot;:&quot;4&quot;,&quot;credit&quot;:&quot;&quot;,&quot;camera&quot;:&quot;Canon EOS 20D&quot;,&quot;caption&quot;:&quot;&quot;,&quot;created_timestamp&quot;:&quot;946685047&quot;,&quot;copyright&quot;:&quot;&quot;,&quot;focal_length&quot;:&quot;22&quot;,&quot;iso&quot;:&quot;400&quot;,&quot;shutter_speed&quot;:&quot;0.016666666666667&quot;,&quot;title&quot;:&quot;&quot;,&quot;orientation&quot;:&quot;1&quot;}\" data-image-title=\"Engineering-Technical equipment 01\" data-image-description=\"\" data-image-caption=\"\" data-large-file=\"https:\/\/i0.wp.com\/unicatexpeditionvehicles.com\/wp-content\/uploads\/2021\/01\/Engineering-Technical-equipment-01-1.jpg?fit=700%2C394&amp;ssl=1\" src=\"https:\/\/i0.wp.com\/unicatexpeditionvehicles.com\/wp-content\/uploads\/2021\/01\/Engineering-Technical-equipment-01-1.jpg?resize=700%2C394&#038;ssl=1\" alt=\"\" class=\"wp-image-8758\" srcset=\"https:\/\/i0.wp.com\/unicatexpeditionvehicles.com\/wp-content\/uploads\/2021\/01\/Engineering-Technical-equipment-01-1.jpg?resize=1024%2C576&amp;ssl=1 1024w, https:\/\/i0.wp.com\/unicatexpeditionvehicles.com\/wp-content\/uploads\/2021\/01\/Engineering-Technical-equipment-01-1.jpg?resize=300%2C169&amp;ssl=1 300w, https:\/\/i0.wp.com\/unicatexpeditionvehicles.com\/wp-content\/uploads\/2021\/01\/Engineering-Technical-equipment-01-1.jpg?resize=768%2C432&amp;ssl=1 768w, https:\/\/i0.wp.com\/unicatexpeditionvehicles.com\/wp-content\/uploads\/2021\/01\/Engineering-Technical-equipment-01-1.jpg?resize=1536%2C864&amp;ssl=1 1536w, https:\/\/i0.wp.com\/unicatexpeditionvehicles.com\/wp-content\/uploads\/2021\/01\/Engineering-Technical-equipment-01-1.jpg?resize=2048%2C1152&amp;ssl=1 2048w, https:\/\/i0.wp.com\/unicatexpeditionvehicles.com\/wp-content\/uploads\/2021\/01\/Engineering-Technical-equipment-01-1.jpg?resize=1200%2C675&amp;ssl=1 1200w, https:\/\/i0.wp.com\/unicatexpeditionvehicles.com\/wp-content\/uploads\/2021\/01\/Engineering-Technical-equipment-01-1.jpg?resize=700%2C394&amp;ssl=1 700w, https:\/\/i0.wp.com\/unicatexpeditionvehicles.com\/wp-content\/uploads\/2021\/01\/Engineering-Technical-equipment-01-1.jpg?resize=2000%2C1125&amp;ssl=1 2000w, https:\/\/i0.wp.com\/unicatexpeditionvehicles.com\/wp-content\/uploads\/2021\/01\/Engineering-Technical-equipment-01-1.jpg?resize=711%2C400&amp;ssl=1 711w, https:\/\/i0.wp.com\/unicatexpeditionvehicles.com\/wp-content\/uploads\/2021\/01\/Engineering-Technical-equipment-01-1.jpg?w=1400&amp;ssl=1 1400w, https:\/\/i0.wp.com\/unicatexpeditionvehicles.com\/wp-content\/uploads\/2021\/01\/Engineering-Technical-equipment-01-1.jpg?w=2100&amp;ssl=1 2100w\" sizes=\"auto, (max-width: 700px) 100vw, 700px\" \/><\/a><\/figure>\n<\/div>\n\n\n\n<div class=\"wp-block-column is-layout-flow wp-block-column-is-layout-flow\">\n<figure class=\"wp-block-image size-large is-style-default\"><a href=\"https:\/\/i0.wp.com\/unicatexpeditionvehicles.com\/wp-content\/uploads\/2021\/01\/TECNICAL-EQUIPMENT-1.jpeg?ssl=1\"><img data-recalc-dims=\"1\" loading=\"lazy\" decoding=\"async\" width=\"700\" height=\"394\" data-attachment-id=\"8760\" data-permalink=\"https:\/\/unicatexpeditionvehicles.com\/de\/tecnical-equipment-1\/\" data-orig-file=\"https:\/\/i0.wp.com\/unicatexpeditionvehicles.com\/wp-content\/uploads\/2021\/01\/TECNICAL-EQUIPMENT-1.jpeg?fit=1280%2C720&amp;ssl=1\" data-orig-size=\"1280,720\" data-comments-opened=\"1\" data-image-meta=\"{&quot;aperture&quot;:&quot;2.2&quot;,&quot;credit&quot;:&quot;&quot;,&quot;camera&quot;:&quot;iPhone 6&quot;,&quot;caption&quot;:&quot;&quot;,&quot;created_timestamp&quot;:&quot;1498156796&quot;,&quot;copyright&quot;:&quot;&quot;,&quot;focal_length&quot;:&quot;4.15&quot;,&quot;iso&quot;:&quot;32&quot;,&quot;shutter_speed&quot;:&quot;0.0036630036630037&quot;,&quot;title&quot;:&quot;&quot;,&quot;orientation&quot;:&quot;1&quot;}\" data-image-title=\"TECNICAL EQUIPMENT &amp;#8211; 1\" data-image-description=\"\" data-image-caption=\"\" data-large-file=\"https:\/\/i0.wp.com\/unicatexpeditionvehicles.com\/wp-content\/uploads\/2021\/01\/TECNICAL-EQUIPMENT-1.jpeg?fit=700%2C394&amp;ssl=1\" src=\"https:\/\/i0.wp.com\/unicatexpeditionvehicles.com\/wp-content\/uploads\/2021\/01\/TECNICAL-EQUIPMENT-1.jpeg?resize=700%2C394&#038;ssl=1\" alt=\"\" class=\"wp-image-8760\" srcset=\"https:\/\/i0.wp.com\/unicatexpeditionvehicles.com\/wp-content\/uploads\/2021\/01\/TECNICAL-EQUIPMENT-1.jpeg?resize=1024%2C576&amp;ssl=1 1024w, https:\/\/i0.wp.com\/unicatexpeditionvehicles.com\/wp-content\/uploads\/2021\/01\/TECNICAL-EQUIPMENT-1.jpeg?resize=300%2C169&amp;ssl=1 300w, https:\/\/i0.wp.com\/unicatexpeditionvehicles.com\/wp-content\/uploads\/2021\/01\/TECNICAL-EQUIPMENT-1.jpeg?resize=768%2C432&amp;ssl=1 768w, https:\/\/i0.wp.com\/unicatexpeditionvehicles.com\/wp-content\/uploads\/2021\/01\/TECNICAL-EQUIPMENT-1.jpeg?resize=1200%2C675&amp;ssl=1 1200w, https:\/\/i0.wp.com\/unicatexpeditionvehicles.com\/wp-content\/uploads\/2021\/01\/TECNICAL-EQUIPMENT-1.jpeg?resize=700%2C394&amp;ssl=1 700w, https:\/\/i0.wp.com\/unicatexpeditionvehicles.com\/wp-content\/uploads\/2021\/01\/TECNICAL-EQUIPMENT-1.jpeg?resize=711%2C400&amp;ssl=1 711w, https:\/\/i0.wp.com\/unicatexpeditionvehicles.com\/wp-content\/uploads\/2021\/01\/TECNICAL-EQUIPMENT-1.jpeg?w=1280&amp;ssl=1 1280w\" sizes=\"auto, (max-width: 700px) 100vw, 700px\" \/><\/a><\/figure>\n<\/div>\n<\/div>\n","protected":false},"excerpt":{"rendered":"<p>Die technische Ausstattung des Aufbaus ist Spezialistensache \u2013 und nicht nur eines Spezialisten, sondern gleich vieler.Der Aufbau, die Fahrgestellumbauten, der Innenausbau, die umfangreiche Energieversorgung und Verteilung, Kommunikation und \u00dcberwachung, Wasserversorgung und Entsorgung, die Heizanlage, Klimatisierung und L\u00fcftung, die Hydraulik und Pneumatik \u2013 alles wird zun\u00e4chst mit CAD Systemen geplant und aufeinander abgestimmt soda\u00df ein funktionierendes &hellip; <a href=\"https:\/\/unicatexpeditionvehicles.com\/de\/equipment-2\/\" class=\"more-link\">Weiterlesen <span class=\"screen-reader-text\">TECHNISCHE AUSSTATTUNG<\/span> <span class=\"meta-nav\">&rarr;<\/span><\/a><\/p>\n","protected":false},"author":152699510,"featured_media":6876,"parent":0,"menu_order":0,"comment_status":"closed","ping_status":"closed","template":"","meta":{"_coblocks_attr":"","_coblocks_dimensions":"","_coblocks_responsive_height":"","_coblocks_accordion_ie_support":"","advanced_seo_description":"","jetpack_seo_html_title":"","jetpack_seo_noindex":false,"footnotes":""},"wf_page_folders":[32307],"class_list":["post-1512","page","type-page","status-publish","has-post-thumbnail","hentry"],"translation":{"provider":"WPGlobus","version":"3.0.2","language":"de","enabled_languages":["en","de","it","es","fr","zh"],"languages":{"en":{"title":true,"content":true,"excerpt":false},"de":{"title":true,"content":true,"excerpt":false},"it":{"title":true,"content":true,"excerpt":false},"es":{"title":true,"content":true,"excerpt":false},"fr":{"title":true,"content":true,"excerpt":false},"zh":{"title":true,"content":true,"excerpt":false}}},"jetpack_likes_enabled":true,"jetpack_sharing_enabled":true,"jetpack_shortlink":"https:\/\/wp.me\/PaIsEW-oo","jetpack-related-posts":[{"id":10188,"url":"https:\/\/unicatexpeditionvehicles.com\/de\/in86ht-mb-3553a-by-unicat-8x8x8\/","url_meta":{"origin":1512,"position":0},"title":"IN86ht MB 3553A by UNICAT 8x8x8","author":"unicatexpeditionvehicles","date":"11\/02\/2021","format":false,"excerpt":"STEP1 PROJECT START STEP 2 CHASSIS ARRIVED STEP 3 BODY IS READY STEP 4 BODY INTERIOR WORKS STEP 5 CHASSIS MODIFICATION STEP 6 MARRIAGE STEP 7 FINISHING STEP 8 END OVER","rel":"","context":"\u00c4hnlicher Beitrag","block_context":{"text":"\u00c4hnlicher Beitrag","link":""},"img":{"alt_text":"","src":"","width":0,"height":0},"classes":[]},{"id":5620,"url":"https:\/\/unicatexpeditionvehicles.com\/de\/vehicle-under-construction\/","url_meta":{"origin":1512,"position":1},"title":"Fahrzeuge im bau","author":"unicatexpeditionvehicles","date":"11\/12\/2020","format":false,"excerpt":"{:en} To be entrusted to manufacture an expedition vehicle is a moment of great pride for the UNICAT team.The employees are very well aware that they are trusted to create something very special - to fulfill a dream.A look into the future of UNICAT - here you will find projects\u2026","rel":"","context":"\u00c4hnlicher Beitrag","block_context":{"text":"\u00c4hnlicher Beitrag","link":""},"img":{"alt_text":"","src":"https:\/\/i0.wp.com\/unicatexpeditionvehicles.com\/wp-content\/uploads\/2020\/12\/MD68h-Screenshot02-e1609081125534.jpg?fit=1189%2C669&ssl=1&resize=350%2C200","width":350,"height":200,"srcset":"https:\/\/i0.wp.com\/unicatexpeditionvehicles.com\/wp-content\/uploads\/2020\/12\/MD68h-Screenshot02-e1609081125534.jpg?fit=1189%2C669&ssl=1&resize=350%2C200 1x, https:\/\/i0.wp.com\/unicatexpeditionvehicles.com\/wp-content\/uploads\/2020\/12\/MD68h-Screenshot02-e1609081125534.jpg?fit=1189%2C669&ssl=1&resize=525%2C300 1.5x, https:\/\/i0.wp.com\/unicatexpeditionvehicles.com\/wp-content\/uploads\/2020\/12\/MD68h-Screenshot02-e1609081125534.jpg?fit=1189%2C669&ssl=1&resize=700%2C400 2x, https:\/\/i0.wp.com\/unicatexpeditionvehicles.com\/wp-content\/uploads\/2020\/12\/MD68h-Screenshot02-e1609081125534.jpg?fit=1189%2C669&ssl=1&resize=1050%2C600 3x"},"classes":[]},{"id":21251,"url":"https:\/\/unicatexpeditionvehicles.com\/de\/b58xg-g6x6\/","url_meta":{"origin":1512,"position":2},"title":"B58XG MERCEDES-BENZ G6X6","author":"unicatexpeditionvehicles","date":"15\/05\/2024","format":false,"excerpt":"{:en} Chassis Mercedes-Benz G 6x6\u00a0 Single cab, 2-door Wheel base 3120 mm + 1100 mm (122.8\u201c + 43,3\u201c) Mercedes-Benz diesel or gas engine Automatic transmission Cruise control 2-speed transfer case with off-road reduction All wheel drive selectable Differential lock in front axle Differential locks in rear axles Coil spring suspension\u2026","rel":"","context":"\u00c4hnlicher Beitrag","block_context":{"text":"\u00c4hnlicher Beitrag","link":""},"img":{"alt_text":"","src":"https:\/\/i0.wp.com\/unicatexpeditionvehicles.com\/wp-content\/uploads\/2020\/12\/kisspng-computer-icons-camera-photography-clip-art-photo-camera-5ac7fda70796c4.1376665315230560390311.png?resize=350%2C200&ssl=1","width":350,"height":200},"classes":[]},{"id":5487,"url":"https:\/\/unicatexpeditionvehicles.com\/de\/engineering\/","url_meta":{"origin":1512,"position":3},"title":"Maschinenbau","author":"unicatexpeditionvehicles","date":"09\/12\/2020","format":false,"excerpt":"{:en} Designing and manufacturing of a UNICAT vehicle can easily be compared with building a house or a yacht.The requirements raised by your personal home preferences and lifestyle must be matched with the technical requirements of building a off-road capable vehicle.To offer safety and comfort, your vehicle has to withstand\u2026","rel":"","context":"\u00c4hnlicher Beitrag","block_context":{"text":"\u00c4hnlicher Beitrag","link":""},"img":{"alt_text":"","src":"https:\/\/i0.wp.com\/unicatexpeditionvehicles.com\/wp-content\/uploads\/2021\/01\/collage-CHASSIS.png?resize=350%2C200&ssl=1","width":350,"height":200,"srcset":"https:\/\/i0.wp.com\/unicatexpeditionvehicles.com\/wp-content\/uploads\/2021\/01\/collage-CHASSIS.png?resize=350%2C200&ssl=1 1x, https:\/\/i0.wp.com\/unicatexpeditionvehicles.com\/wp-content\/uploads\/2021\/01\/collage-CHASSIS.png?resize=525%2C300&ssl=1 1.5x, https:\/\/i0.wp.com\/unicatexpeditionvehicles.com\/wp-content\/uploads\/2021\/01\/collage-CHASSIS.png?resize=700%2C400&ssl=1 2x, https:\/\/i0.wp.com\/unicatexpeditionvehicles.com\/wp-content\/uploads\/2021\/01\/collage-CHASSIS.png?resize=1050%2C600&ssl=1 3x"},"classes":[]},{"id":19644,"url":"https:\/\/unicatexpeditionvehicles.com\/de\/terracross-line\/","url_meta":{"origin":1512,"position":4},"title":"TERRACROSS","author":"unicatexpeditionvehicles","date":"24\/12\/2023","format":false,"excerpt":"{:en} Bodies in various sizes with proven and tested fixed floor plans and the appropriate technical equipment.Whether alone, as a couple or as a family, travel destination, infrastructure, terrain and also travel duration \u2026 all these are criteria that are ultimately decisive for the optimal vehicle.TERRACROSS implements these criteria and\u2026","rel":"","context":"\u00c4hnlicher Beitrag","block_context":{"text":"\u00c4hnlicher Beitrag","link":""},"img":{"alt_text":"","src":"https:\/\/i0.wp.com\/unicatexpeditionvehicles.com\/wp-content\/uploads\/2020\/12\/collage-TERRACROSS.jpg?resize=350%2C200&ssl=1","width":350,"height":200,"srcset":"https:\/\/i0.wp.com\/unicatexpeditionvehicles.com\/wp-content\/uploads\/2020\/12\/collage-TERRACROSS.jpg?resize=350%2C200&ssl=1 1x, https:\/\/i0.wp.com\/unicatexpeditionvehicles.com\/wp-content\/uploads\/2020\/12\/collage-TERRACROSS.jpg?resize=525%2C300&ssl=1 1.5x, https:\/\/i0.wp.com\/unicatexpeditionvehicles.com\/wp-content\/uploads\/2020\/12\/collage-TERRACROSS.jpg?resize=700%2C400&ssl=1 2x, https:\/\/i0.wp.com\/unicatexpeditionvehicles.com\/wp-content\/uploads\/2020\/12\/collage-TERRACROSS.jpg?resize=1050%2C600&ssl=1 3x"},"classes":[]},{"id":1504,"url":"https:\/\/unicatexpeditionvehicles.com\/de\/modifications\/","url_meta":{"origin":1512,"position":5},"title":"FAHRGESTELL-UMBAUTEN","author":"unicatexpeditionvehicles","date":"25\/02\/2019","format":false,"excerpt":"{:en} Once the suitable chassis has been selected, it is necessary to convert it into an expedition chassis through suitable modifications and additions, thus creating the basis for a successful overall vehicle.40 years of experience in converting chassis from different manufacturers and the knowledge of which changes make sense for\u2026","rel":"","context":"\u00c4hnlicher Beitrag","block_context":{"text":"\u00c4hnlicher Beitrag","link":""},"img":{"alt_text":"","src":"https:\/\/i0.wp.com\/unicatexpeditionvehicles.com\/wp-content\/uploads\/2021\/01\/Engineering-Chassis-Modification-01.jpeg?fit=1200%2C675&ssl=1&resize=350%2C200","width":350,"height":200,"srcset":"https:\/\/i0.wp.com\/unicatexpeditionvehicles.com\/wp-content\/uploads\/2021\/01\/Engineering-Chassis-Modification-01.jpeg?fit=1200%2C675&ssl=1&resize=350%2C200 1x, https:\/\/i0.wp.com\/unicatexpeditionvehicles.com\/wp-content\/uploads\/2021\/01\/Engineering-Chassis-Modification-01.jpeg?fit=1200%2C675&ssl=1&resize=525%2C300 1.5x, https:\/\/i0.wp.com\/unicatexpeditionvehicles.com\/wp-content\/uploads\/2021\/01\/Engineering-Chassis-Modification-01.jpeg?fit=1200%2C675&ssl=1&resize=700%2C400 2x, https:\/\/i0.wp.com\/unicatexpeditionvehicles.com\/wp-content\/uploads\/2021\/01\/Engineering-Chassis-Modification-01.jpeg?fit=1200%2C675&ssl=1&resize=1050%2C600 3x"},"classes":[]}],"_links":{"self":[{"href":"https:\/\/unicatexpeditionvehicles.com\/de\/wp-json\/wp\/v2\/pages\/1512","targetHints":{"allow":["GET"]}}],"collection":[{"href":"https:\/\/unicatexpeditionvehicles.com\/de\/wp-json\/wp\/v2\/pages"}],"about":[{"href":"https:\/\/unicatexpeditionvehicles.com\/de\/wp-json\/wp\/v2\/types\/page"}],"author":[{"embeddable":true,"href":"https:\/\/unicatexpeditionvehicles.com\/de\/wp-json\/wp\/v2\/users\/152699510"}],"replies":[{"embeddable":true,"href":"https:\/\/unicatexpeditionvehicles.com\/de\/wp-json\/wp\/v2\/comments?post=1512"}],"version-history":[{"count":34,"href":"https:\/\/unicatexpeditionvehicles.com\/de\/wp-json\/wp\/v2\/pages\/1512\/revisions"}],"predecessor-version":[{"id":15782,"href":"https:\/\/unicatexpeditionvehicles.com\/de\/wp-json\/wp\/v2\/pages\/1512\/revisions\/15782"}],"wp:featuredmedia":[{"embeddable":true,"href":"https:\/\/unicatexpeditionvehicles.com\/de\/wp-json\/wp\/v2\/media\/6876"}],"wp:attachment":[{"href":"https:\/\/unicatexpeditionvehicles.com\/de\/wp-json\/wp\/v2\/media?parent=1512"}],"wp:term":[{"taxonomy":"wf_page_folders","embeddable":true,"href":"https:\/\/unicatexpeditionvehicles.com\/de\/wp-json\/wp\/v2\/wf_page_folders?post=1512"}],"curies":[{"name":"wp","href":"https:\/\/api.w.org\/{rel}","templated":true}]}}