{"id":1506,"date":"2019-02-25T12:24:27","date_gmt":"2019-02-25T11:24:27","guid":{"rendered":"https:\/\/unicatexpeditionvehicles.com\/?page_id=1506"},"modified":"2022-03-29T06:13:44","modified_gmt":"2022-03-29T05:13:44","slug":"frame-assembly","status":"publish","type":"page","link":"https:\/\/unicatexpeditionvehicles.com\/de\/frame-assembly\/","title":{"rendered":"VERWINDUNGSFREIE BODENGRUPPE"},"content":{"rendered":"\n<hr class=\"wp-block-separator is-style-wide\"\/>\n\n\n\n<p>Die Bodengruppe ist das Fundament Ihres rollenden Hauses.<\/p>\n\n\n\n<p class=\"has-text-align-justify\">Sie hat die Aufgabe, den Aufbau mit dem Fahrgestell zu verbinden, so wie das Fundament eines Hauses die Aufgabe hat, dieses auf dem Grundst\u00fcck zu verankern.<br>Steht ein Haus an einem Hang, an einem sandigen Strand, auf felsigem Boden oder gar in einem Erdbebengebiet \u2013 jedesmal sieht das Fundament anders aus \u2013 jedesmal angepasst an die besonderen Gegebenheiten des Untergrundes.<br>Genauso mu\u00df auch beim Fahrzeugbau die Verbindung zwischen Aufbau und Fahrgestell jeweils dem gew\u00e4hlten Fahrgestell, der Aufbaugr\u00f6\u00dfe, dem Aufbaugewicht und dem Einsatzzweck angepasst werden.<br>Beim Einsatzzweck gibt es zwei grundlegend unterschiedliche Kategorien &#8211; den Stra\u00dfeneinsatz und den Gel\u00e4ndeeinsatz.<br>F\u00fcr den reinen Stra\u00dfeneinsatz \u2013 und damit f\u00fcr 99,9\u00a0% aller LKWs \u2013 gen\u00fcgt der von den LKW-Fahrgestellherstellern empfohlene Hilfsrahmen, der den Aufbau mit dem Fahrgestell starr verschraubt und die geringen auftretenden Verwindungen in den Aufbau einleitet. Dies ist bei einem normalen Transportaufbau, ohne Ausschnitte in den Seitenw\u00e4nden und ohne Innenausbau auch ausreichend.<br>Handelt es sich bei dem Aufbau aber um einen Beh\u00e4lter zum Transport von Gasen oder Fl\u00fcssigkeiten, so wird f\u00fcr diese Art von Aufbau (der durch die Verwindung Risse bekommen w\u00fcrde) von den LKW-Fahrgestellherstellern auch f\u00fcr den reinen Stra\u00dfeneinsatz bereits ein aufwendigerer Hilfsrahmen vorgeschrieben, der sich das Prinzip der flexiblen Lagerung in begrenztem Umfang zu Nutze macht.<br>F\u00fcr den Gel\u00e4ndeeinsatz gen\u00fcgt ein einfacher Hilfsrahmen keineswegs, selbst ein Hilfsrahmen mit teilweiser Flexibilit\u00e4t w\u00e4re ein schlechter Kompromiss.<br>Die Aufbauvorschriften von Mercedes-Benz schreiben daher f\u00fcr den Unimog zwingend die Verwendung einer verwindungsfreien Bodengruppe vor, w\u00e4hrend f\u00fcr LKWs Hilfsrahmen als ausreichend erachtet werden.\u00a0<br>Dass die Ingenieure von Mercedes-Benz Unimog eigens f\u00fcr ihr hochgel\u00e4ndeg\u00e4ngiges Fahrgestell eine spezielle verwindungsfreie Bodengruppe entwickelt haben, zeigt aber die Notwendigkeit einer hochwertigen technischen L\u00f6sung und steht in bester Tradition des Hauses.<br>Die Frage, ob eine solche Bodengruppe nur f\u00fcr den Unimog oder auch f\u00fcr LKWs im Gel\u00e4ndeeinsatz notwendig ist, reduziert sich auf die einfach zu beantwortende Frage, ob f\u00fcr den Unimog andere physikalische Gesetze gelten oder nicht.<br>UNICAT verwendet daher seit Anfang an \u2013 und f\u00fcr alle gebauten Fahrzeuge \u2013 verwindungsfreie Bodengruppen.<br>Wie funktioniert die verwindungsfreie Bodengruppe von UNICAT?<br>Das Fahrgestell einerseits soll m\u00f6glichst gel\u00e4ndeg\u00e4ngig sein und gute Fahrstabilit\u00e4t bei schneller Fahrt bieten. Hierzu darf es in seiner vom Hersteller vorgesehenen Beweglichkeit nicht eingeschr\u00e4nkt werden. Die Rahmenverwindung sorgt daf\u00fcr, das das Fahrzeug auch in extrem unebenem Gel\u00e4nde mit allen R\u00e4dern Bodenkontakt beh\u00e4lt. Nur so ist sicheres Fahren im Gel\u00e4nde m\u00f6glich.<br>Der Kofferaufbau andererseits ist als stabile Box konstruiert und sollte sich m\u00f6glichst wenig verformen. Dies gilt nat\u00fcrlich auch f\u00fcr die fest eingebauten M\u00f6bel und die technische Einrichtung.\u00a0<br>Wer schon einmal Eisw\u00fcrfel aus einer Eisw\u00fcrfelschale gel\u00f6st hat, wei\u00df was die Verformung des Beh\u00e4lters bewirkt \u2013 n\u00e4mlich das L\u00f6sen der Eisw\u00fcrfel vom Beh\u00e4lter.\u00a0<br>Was hier gewollt ist \u2013 n\u00e4mlich das Herausfallen der Eisw\u00fcrfel \u2013 sollte zwischen Aufbau und M\u00f6beln tunlichst vermieden werden!<br>Fahrgestell und Kofferaufbau m\u00fcssen also so verbunden werden, das keinerlei Verwindungskr\u00e4fte vom Fahrgestell auf den Aufbau \u00fcbertragen werden.\u00a0<br>Die verwindungsfreie Bodengruppe von UNICAT besteht daher \u2013 wie auch die Unimog-Bodengruppe \u2013 immer aus einem Festlager und 1,2 oder sogar 3 Pendellagern.\u00a0<br>Das Festlager \u00fcbernimmt die Befestigung des Aufbaus in der Mitte und \u00fcbertr\u00e4gt Kr\u00e4fte in allen Richtungen.\u00a0<br>Die Pendellager im vorderen und hinteren Bereich \u00fcbertragen Kr\u00e4fte nur in bestimmten Richtungen, soda\u00df sich der Fahrzeugrahmen darunter v\u00f6llig ungehindert verdrehen kann.\u00a0<br>Da bei Auftreten der Rahmenverwindung die Gewichtskr\u00e4fte des Aufbaus nicht gleichm\u00e4\u00dfig in den dann ja verdrehten Rahmen eingeleitet werden k\u00f6nnen, werden bei der UNICAT-Bodengruppe die Kr\u00e4fte in definierten Bereichen am Rahmen eingeleitet. Die Hauptkr\u00e4fte werden dabei genau dort eingeleitet, wo auch die Hinterachse am Rahmen befestigt ist, soda\u00df die Belastung des Rahmens sogar noch verringert wird.<br>Die gewollte Bewegungsm\u00f6glichkeit zwischen Rahmen und Aufbau mu\u00df nat\u00fcrlich auch bei der Verlegung von Leitungen und Kabeln sowie bei der Montage von Tanks und anderen Rahmenanbauten ber\u00fccksichtigt werden.<br>Eine insgesamt komplexe Aufgabenstellung, die optimal nur gel\u00f6st werden kann, wenn Aufbau und Bodengruppe unter einem Dach entstehen \u2013 wie bei UNICAT.<\/p>\n\n\n\n<p>Hier seht ihr ein Video \u00fcber den Hilfsrahmen<\/p>\n\n\n\n<figure class=\"wp-block-image size-large is-style-default\"><a href=\"https:\/\/youtu.be\/8JBpwu-rZ4g\" target=\"_blank\" rel=\"noopener\"><img data-recalc-dims=\"1\" loading=\"lazy\" decoding=\"async\" width=\"700\" height=\"394\" data-attachment-id=\"8707\" data-permalink=\"https:\/\/unicatexpeditionvehicles.com\/de\/frame-assembly\/subframe\/\" data-orig-file=\"https:\/\/i0.wp.com\/unicatexpeditionvehicles.com\/wp-content\/uploads\/2021\/01\/Subframe.jpg?fit=1281%2C722&amp;ssl=1\" data-orig-size=\"1281,722\" data-comments-opened=\"1\" data-image-meta=\"{&quot;aperture&quot;:&quot;0&quot;,&quot;credit&quot;:&quot;&quot;,&quot;camera&quot;:&quot;&quot;,&quot;caption&quot;:&quot;&quot;,&quot;created_timestamp&quot;:&quot;0&quot;,&quot;copyright&quot;:&quot;&quot;,&quot;focal_length&quot;:&quot;0&quot;,&quot;iso&quot;:&quot;0&quot;,&quot;shutter_speed&quot;:&quot;0&quot;,&quot;title&quot;:&quot;&quot;,&quot;orientation&quot;:&quot;0&quot;}\" data-image-title=\"Subframe\" data-image-description=\"\" data-image-caption=\"\" data-large-file=\"https:\/\/i0.wp.com\/unicatexpeditionvehicles.com\/wp-content\/uploads\/2021\/01\/Subframe.jpg?fit=700%2C394&amp;ssl=1\" src=\"https:\/\/i0.wp.com\/unicatexpeditionvehicles.com\/wp-content\/uploads\/2021\/01\/Subframe.jpg?resize=700%2C394&#038;ssl=1\" alt=\"\" class=\"wp-image-8707\" srcset=\"https:\/\/i0.wp.com\/unicatexpeditionvehicles.com\/wp-content\/uploads\/2021\/01\/Subframe.jpg?resize=1024%2C577&amp;ssl=1 1024w, https:\/\/i0.wp.com\/unicatexpeditionvehicles.com\/wp-content\/uploads\/2021\/01\/Subframe.jpg?resize=300%2C169&amp;ssl=1 300w, https:\/\/i0.wp.com\/unicatexpeditionvehicles.com\/wp-content\/uploads\/2021\/01\/Subframe.jpg?resize=768%2C433&amp;ssl=1 768w, https:\/\/i0.wp.com\/unicatexpeditionvehicles.com\/wp-content\/uploads\/2021\/01\/Subframe.jpg?resize=1200%2C676&amp;ssl=1 1200w, https:\/\/i0.wp.com\/unicatexpeditionvehicles.com\/wp-content\/uploads\/2021\/01\/Subframe.jpg?resize=700%2C395&amp;ssl=1 700w, https:\/\/i0.wp.com\/unicatexpeditionvehicles.com\/wp-content\/uploads\/2021\/01\/Subframe.jpg?resize=710%2C400&amp;ssl=1 710w, https:\/\/i0.wp.com\/unicatexpeditionvehicles.com\/wp-content\/uploads\/2021\/01\/Subframe.jpg?w=1281&amp;ssl=1 1281w\" sizes=\"auto, (max-width: 700px) 100vw, 700px\" \/><\/a><\/figure>\n","protected":false},"excerpt":{"rendered":"<p>Die Bodengruppe ist das Fundament Ihres rollenden Hauses. Sie hat die Aufgabe, den Aufbau mit dem Fahrgestell zu verbinden, so wie das Fundament eines Hauses die Aufgabe hat, dieses auf dem Grundst\u00fcck zu verankern.Steht ein Haus an einem Hang, an einem sandigen Strand, auf felsigem Boden oder gar in einem Erdbebengebiet \u2013 jedesmal sieht das &hellip; <a href=\"https:\/\/unicatexpeditionvehicles.com\/de\/frame-assembly\/\" class=\"more-link\">Weiterlesen <span class=\"screen-reader-text\">VERWINDUNGSFREIE BODENGRUPPE<\/span> <span class=\"meta-nav\">&rarr;<\/span><\/a><\/p>\n","protected":false},"author":152699510,"featured_media":8662,"parent":0,"menu_order":0,"comment_status":"closed","ping_status":"closed","template":"","meta":{"_coblocks_attr":"","_coblocks_dimensions":"","_coblocks_responsive_height":"","_coblocks_accordion_ie_support":"","advanced_seo_description":"","jetpack_seo_html_title":"","jetpack_seo_noindex":false,"footnotes":""},"wf_page_folders":[32307],"class_list":["post-1506","page","type-page","status-publish","has-post-thumbnail","hentry"],"translation":{"provider":"WPGlobus","version":"3.0.2","language":"de","enabled_languages":["en","de","it","es","fr","zh"],"languages":{"en":{"title":true,"content":true,"excerpt":false},"de":{"title":true,"content":true,"excerpt":false},"it":{"title":true,"content":true,"excerpt":false},"es":{"title":true,"content":true,"excerpt":false},"fr":{"title":true,"content":true,"excerpt":false},"zh":{"title":true,"content":true,"excerpt":false}}},"jetpack_likes_enabled":true,"jetpack_sharing_enabled":true,"jetpack_shortlink":"https:\/\/wp.me\/PaIsEW-oi","jetpack-related-posts":[{"id":1504,"url":"https:\/\/unicatexpeditionvehicles.com\/de\/modifications\/","url_meta":{"origin":1506,"position":0},"title":"FAHRGESTELL-UMBAUTEN","author":"unicatexpeditionvehicles","date":"25\/02\/2019","format":false,"excerpt":"{:en} Once the suitable chassis has been selected, it is necessary to convert it into an expedition chassis through suitable modifications and additions, thus creating the basis for a successful overall vehicle.40 years of experience in converting chassis from different manufacturers and the knowledge of which changes make sense for\u2026","rel":"","context":"\u00c4hnlicher Beitrag","block_context":{"text":"\u00c4hnlicher Beitrag","link":""},"img":{"alt_text":"","src":"https:\/\/i0.wp.com\/unicatexpeditionvehicles.com\/wp-content\/uploads\/2021\/01\/Engineering-Chassis-Modification-01.jpeg?fit=1200%2C675&ssl=1&resize=350%2C200","width":350,"height":200,"srcset":"https:\/\/i0.wp.com\/unicatexpeditionvehicles.com\/wp-content\/uploads\/2021\/01\/Engineering-Chassis-Modification-01.jpeg?fit=1200%2C675&ssl=1&resize=350%2C200 1x, https:\/\/i0.wp.com\/unicatexpeditionvehicles.com\/wp-content\/uploads\/2021\/01\/Engineering-Chassis-Modification-01.jpeg?fit=1200%2C675&ssl=1&resize=525%2C300 1.5x, https:\/\/i0.wp.com\/unicatexpeditionvehicles.com\/wp-content\/uploads\/2021\/01\/Engineering-Chassis-Modification-01.jpeg?fit=1200%2C675&ssl=1&resize=700%2C400 2x, https:\/\/i0.wp.com\/unicatexpeditionvehicles.com\/wp-content\/uploads\/2021\/01\/Engineering-Chassis-Modification-01.jpeg?fit=1200%2C675&ssl=1&resize=1050%2C600 3x"},"classes":[]},{"id":5251,"url":"https:\/\/unicatexpeditionvehicles.com\/de\/tecnique-2\/","url_meta":{"origin":1506,"position":1},"title":"TECNIQUE","author":"unicatexpeditionvehicles","date":"07\/12\/2020","format":false,"excerpt":"https:\/\/youtu.be\/9M_0RPr8CME Windows - Doors and Locking systems https:\/\/youtu.be\/m6Cf_LSt9KQ Materials to build the body https:\/\/youtu.be\/jXleHey1v4A Windows - Doors and Locking systems https:\/\/youtu.be\/xh0P4frLmqwhttps:\/\/youtu.be\/eqi-lurACGA Materials to build the body https:\/\/youtu.be\/OfiPDApiTWY How we build the bodies https:\/\/youtu.be\/xh0P4frLmqw Windows https:\/\/youtu.be\/Sa3MeqZQCHA The marriage between the frame and the body https:\/\/youtu.be\/OCafP0fd3DA Preparation of a vehicle for shipping\u2026","rel":"","context":"\u00c4hnlicher Beitrag","block_context":{"text":"\u00c4hnlicher Beitrag","link":""},"img":{"alt_text":"","src":"https:\/\/i0.wp.com\/img.youtube.com\/vi\/9M_0RPr8CME\/0.jpg?resize=350%2C200","width":350,"height":200},"classes":[]},{"id":19644,"url":"https:\/\/unicatexpeditionvehicles.com\/de\/terracross-line\/","url_meta":{"origin":1506,"position":2},"title":"TERRACROSS","author":"unicatexpeditionvehicles","date":"24\/12\/2023","format":false,"excerpt":"{:en} Bodies in various sizes with proven and tested fixed floor plans and the appropriate technical equipment.Whether alone, as a couple or as a family, travel destination, infrastructure, terrain and also travel duration \u2026 all these are criteria that are ultimately decisive for the optimal vehicle.TERRACROSS implements these criteria and\u2026","rel":"","context":"\u00c4hnlicher Beitrag","block_context":{"text":"\u00c4hnlicher Beitrag","link":""},"img":{"alt_text":"","src":"https:\/\/i0.wp.com\/unicatexpeditionvehicles.com\/wp-content\/uploads\/2020\/12\/collage-TERRACROSS.jpg?resize=350%2C200&ssl=1","width":350,"height":200,"srcset":"https:\/\/i0.wp.com\/unicatexpeditionvehicles.com\/wp-content\/uploads\/2020\/12\/collage-TERRACROSS.jpg?resize=350%2C200&ssl=1 1x, https:\/\/i0.wp.com\/unicatexpeditionvehicles.com\/wp-content\/uploads\/2020\/12\/collage-TERRACROSS.jpg?resize=525%2C300&ssl=1 1.5x, https:\/\/i0.wp.com\/unicatexpeditionvehicles.com\/wp-content\/uploads\/2020\/12\/collage-TERRACROSS.jpg?resize=700%2C400&ssl=1 2x, https:\/\/i0.wp.com\/unicatexpeditionvehicles.com\/wp-content\/uploads\/2020\/12\/collage-TERRACROSS.jpg?resize=1050%2C600&ssl=1 3x"},"classes":[]},{"id":5487,"url":"https:\/\/unicatexpeditionvehicles.com\/de\/engineering\/","url_meta":{"origin":1506,"position":3},"title":"Maschinenbau","author":"unicatexpeditionvehicles","date":"09\/12\/2020","format":false,"excerpt":"{:en} Designing and manufacturing of a UNICAT vehicle can easily be compared with building a house or a yacht.The requirements raised by your personal home preferences and lifestyle must be matched with the technical requirements of building a off-road capable vehicle.To offer safety and comfort, your vehicle has to withstand\u2026","rel":"","context":"\u00c4hnlicher Beitrag","block_context":{"text":"\u00c4hnlicher Beitrag","link":""},"img":{"alt_text":"","src":"https:\/\/i0.wp.com\/unicatexpeditionvehicles.com\/wp-content\/uploads\/2021\/01\/collage-CHASSIS.png?resize=350%2C200&ssl=1","width":350,"height":200,"srcset":"https:\/\/i0.wp.com\/unicatexpeditionvehicles.com\/wp-content\/uploads\/2021\/01\/collage-CHASSIS.png?resize=350%2C200&ssl=1 1x, https:\/\/i0.wp.com\/unicatexpeditionvehicles.com\/wp-content\/uploads\/2021\/01\/collage-CHASSIS.png?resize=525%2C300&ssl=1 1.5x, https:\/\/i0.wp.com\/unicatexpeditionvehicles.com\/wp-content\/uploads\/2021\/01\/collage-CHASSIS.png?resize=700%2C400&ssl=1 2x, https:\/\/i0.wp.com\/unicatexpeditionvehicles.com\/wp-content\/uploads\/2021\/01\/collage-CHASSIS.png?resize=1050%2C600&ssl=1 3x"},"classes":[]},{"id":10221,"url":"https:\/\/unicatexpeditionvehicles.com\/de\/md40hv-letech-6x6\/","url_meta":{"origin":1506,"position":4},"title":"MD40HV LETECH 6X6","author":"unicatexpeditionvehicles","date":"19\/02\/2021","format":false,"excerpt":"STEP1 STEP 2 CHASSIS ARRIVED STEP 3 BODY IS READY STEP 4 BODY INTERIOR WORKS STEP 5 CHASSIS MODIFICATION STEP 6 MARRIAGE STEP 7 FINISHING STEP 8 END OVER","rel":"","context":"\u00c4hnlicher Beitrag","block_context":{"text":"\u00c4hnlicher Beitrag","link":""},"img":{"alt_text":"","src":"","width":0,"height":0},"classes":[]},{"id":10178,"url":"https:\/\/unicatexpeditionvehicles.com\/de\/md60h-man-tgm-4x4\/","url_meta":{"origin":1506,"position":5},"title":"MD60H MAN TGM 4X4","author":"unicatexpeditionvehicles","date":"11\/02\/2021","format":false,"excerpt":"STEP1 STEP 2 CHASSIS ARRIVED STEP 3 BODY IS READY STEP 4 BODY INTERIOR WORKS STEP 5 CHASSIS MODIFICATION STEP 6 MARRIAGE STEP 7 FINISHING STEP 8 END OVER","rel":"","context":"\u00c4hnlicher Beitrag","block_context":{"text":"\u00c4hnlicher Beitrag","link":""},"img":{"alt_text":"","src":"","width":0,"height":0},"classes":[]}],"_links":{"self":[{"href":"https:\/\/unicatexpeditionvehicles.com\/de\/wp-json\/wp\/v2\/pages\/1506","targetHints":{"allow":["GET"]}}],"collection":[{"href":"https:\/\/unicatexpeditionvehicles.com\/de\/wp-json\/wp\/v2\/pages"}],"about":[{"href":"https:\/\/unicatexpeditionvehicles.com\/de\/wp-json\/wp\/v2\/types\/page"}],"author":[{"embeddable":true,"href":"https:\/\/unicatexpeditionvehicles.com\/de\/wp-json\/wp\/v2\/users\/152699510"}],"replies":[{"embeddable":true,"href":"https:\/\/unicatexpeditionvehicles.com\/de\/wp-json\/wp\/v2\/comments?post=1506"}],"version-history":[{"count":45,"href":"https:\/\/unicatexpeditionvehicles.com\/de\/wp-json\/wp\/v2\/pages\/1506\/revisions"}],"predecessor-version":[{"id":15934,"href":"https:\/\/unicatexpeditionvehicles.com\/de\/wp-json\/wp\/v2\/pages\/1506\/revisions\/15934"}],"wp:featuredmedia":[{"embeddable":true,"href":"https:\/\/unicatexpeditionvehicles.com\/de\/wp-json\/wp\/v2\/media\/8662"}],"wp:attachment":[{"href":"https:\/\/unicatexpeditionvehicles.com\/de\/wp-json\/wp\/v2\/media?parent=1506"}],"wp:term":[{"taxonomy":"wf_page_folders","embeddable":true,"href":"https:\/\/unicatexpeditionvehicles.com\/de\/wp-json\/wp\/v2\/wf_page_folders?post=1506"}],"curies":[{"name":"wp","href":"https:\/\/api.w.org\/{rel}","templated":true}]}}