{"id":1500,"date":"2019-02-25T12:18:00","date_gmt":"2019-02-25T11:18:00","guid":{"rendered":"https:\/\/unicatexpeditionvehicles.com\/?page_id=1500"},"modified":"2025-10-05T10:18:03","modified_gmt":"2025-10-05T09:18:03","slug":"intro-engineering","status":"publish","type":"page","link":"https:\/\/unicatexpeditionvehicles.com\/de\/intro-engineering\/","title":{"rendered":"Intro Maschinenbau"},"content":{"rendered":"\n<hr class=\"wp-block-separator has-css-opacity is-style-wide\"\/>\n\n\n\n<p class=\"has-text-align-justify\">Die Planung und Herstellung eines Expeditionsfahrzeuges ist durchaus vergleichbar mit dem Bau eines Hauses oder eines Schiffes.<br>Die Anforderungen aus Ihrem pers\u00f6nlichen Wohn- und Lebensstil m\u00fcssen unter Ber\u00fccksichtigung fahrzeugtechnischer Gesichtspunkte umgesetzt werden.<br>Die L\u00f6sungen m\u00fcssen im mobilen Einsatz abseits befestigter Stra\u00dfen extremen Bedingungen standhalten.<br>Das erfordert Fachwissen und Erfahrung in ganz verschiedenen Fachgebieten:<br>Fahrzeugbau, Maschinenbau, Schwingungslehre, Thermodynamik, Hydraulik, Pneumatik,<br>Elektrotechnik, Isolierung, Klimatisierung, Sanit\u00e4r, Wasser-Aufbereitung, Raumgestaltung, M\u00f6belbau, etc.<br>Alle Fachbereiche zu koordinieren und zu einem funktionierenden Gesamtsystem zusammenzuf\u00fcgen ist die Voraussetzung f\u00fcr den hohen Qualit\u00e4tsstandard von UNICAT Fahrzeugen.<br>Professionalit\u00e4t bedeutet auch, den Stand der Materialforschung st\u00e4ndig zu nutzen und \u00fcberall dort eigene Entwicklungen durchzuf\u00fchren, wo es bisher keine befriedigenden L\u00f6sungen gibt.<br>Auch und gerade Details in Perfektion zu l\u00f6sen entspricht dabei genau unserem Anspruch.<br>So hat UNICAT beispielsweise eigene L\u00f6sungen f\u00fcr die Abdichtung von Klappen und T\u00fcren, von einbruchsicheren Schlie\u00dfsystemen und Scharnieren, k\u00e4ltebr\u00fcckenfreien und h\u00f6hentauglichen Isolier-Verbundglasfenstern, verwindungsfreien Bodengruppen und vielen anderen Komponenten geschaffen und zur Einsatzreife gebracht.<br>Soweit verf\u00fcgbar verwenden wir nat\u00fcrlich auch Komponenten aus dem Schiffs- <br>bzw. Anlagenbau.<br>H\u00e4ufig werden die zugekauften Ger\u00e4te und Materialien bei UNICAT noch veredelt und f\u00fcr den speziellen Einsatz optimiert.&nbsp;<br>Selbstverst\u00e4ndlich kommt uns hierbei unsere jahrzehntelange Erfahrung im Einkauf zugute, die zu langj\u00e4hriger, teilweise sehr intensiver Zusammenarbeit mit Lieferanten gef\u00fchrt hat.<br>Durch den intensiven Kontakt zu unseren Kunden wissen wir aber auch, was sich in der Praxis bew\u00e4hrt und welche W\u00fcnsche bestehen.<br>Dieses Feedback flie\u00dft in jede Neuentwicklung mit ein.<br>Bevor wir Ihnen Ihr fertiges UNICAT-Fahrzeug \u00fcbergeben, wird es aber nochmals in umfangreichen Tests auf Herz und Nieren gepr\u00fcft \u2013 und zwar unter allen zu erwartenden Einsatzbedingungen.<br>Und weil wir unseren extrem hohen Qualit\u00e4tsanspruch seit Jahren erf\u00fcllen, erhalten Sie auf alle von UNICAT ausgef\u00fchrten Arbeiten au\u00dfergew\u00f6hnliche Garantieleistungen.<\/p>\n","protected":false},"excerpt":{"rendered":"<p>Die Planung und Herstellung eines Expeditionsfahrzeuges ist durchaus vergleichbar mit dem Bau eines Hauses oder eines Schiffes.Die Anforderungen aus Ihrem pers\u00f6nlichen Wohn- und Lebensstil m\u00fcssen unter Ber\u00fccksichtigung fahrzeugtechnischer Gesichtspunkte umgesetzt werden.Die L\u00f6sungen m\u00fcssen im mobilen Einsatz abseits befestigter Stra\u00dfen extremen Bedingungen standhalten.Das erfordert Fachwissen und Erfahrung in ganz verschiedenen Fachgebieten:Fahrzeugbau, Maschinenbau, Schwingungslehre, Thermodynamik, Hydraulik, Pneumatik,Elektrotechnik, &hellip; <a href=\"https:\/\/unicatexpeditionvehicles.com\/de\/intro-engineering\/\" class=\"more-link\">Weiterlesen <span class=\"screen-reader-text\">Intro Maschinenbau<\/span> <span class=\"meta-nav\">&rarr;<\/span><\/a><\/p>\n","protected":false},"author":152699510,"featured_media":0,"parent":0,"menu_order":0,"comment_status":"closed","ping_status":"closed","template":"","meta":{"_coblocks_attr":"Arial","_coblocks_dimensions":"","_coblocks_responsive_height":"","_coblocks_accordion_ie_support":"","advanced_seo_description":"","jetpack_seo_html_title":"","jetpack_seo_noindex":false,"footnotes":""},"wf_page_folders":[32307],"class_list":["post-1500","page","type-page","status-publish","hentry"],"translation":{"provider":"WPGlobus","version":"3.0.2","language":"de","enabled_languages":["en","de","it","es","fr","zh"],"languages":{"en":{"title":true,"content":true,"excerpt":false},"de":{"title":true,"content":true,"excerpt":false},"it":{"title":true,"content":true,"excerpt":false},"es":{"title":true,"content":true,"excerpt":false},"fr":{"title":true,"content":true,"excerpt":false},"zh":{"title":true,"content":true,"excerpt":false}}},"jetpack_likes_enabled":true,"jetpack_sharing_enabled":true,"jetpack_shortlink":"https:\/\/wp.me\/PaIsEW-oc","jetpack-related-posts":[{"id":10372,"url":"https:\/\/unicatexpeditionvehicles.com\/de\/intro-vehicles-en\/","url_meta":{"origin":1500,"position":0},"title":"Intro fahrzeuge","author":"unicatexpeditionvehicles","date":"23\/02\/2021","format":false,"excerpt":"{:en} The requirements of overlanders and world travelers share many similarities, yet their\u00a0demands on the body and vehicle chassis\u00a0may vary. UNICAT addresses a diverse range of needs through its 5 product lines, consistently upholding the principle of unwavering quality and engineering expertise. Experience the ultimate in drivability with our low\u2026","rel":"","context":"\u00c4hnlicher Beitrag","block_context":{"text":"\u00c4hnlicher Beitrag","link":""},"img":{"alt_text":"","src":"https:\/\/i0.wp.com\/unicatexpeditionvehicles.com\/wp-content\/uploads\/2020\/12\/collage-TERRACROSS.jpg?resize=350%2C200&ssl=1","width":350,"height":200,"srcset":"https:\/\/i0.wp.com\/unicatexpeditionvehicles.com\/wp-content\/uploads\/2020\/12\/collage-TERRACROSS.jpg?resize=350%2C200&ssl=1 1x, https:\/\/i0.wp.com\/unicatexpeditionvehicles.com\/wp-content\/uploads\/2020\/12\/collage-TERRACROSS.jpg?resize=525%2C300&ssl=1 1.5x, https:\/\/i0.wp.com\/unicatexpeditionvehicles.com\/wp-content\/uploads\/2020\/12\/collage-TERRACROSS.jpg?resize=700%2C400&ssl=1 2x, https:\/\/i0.wp.com\/unicatexpeditionvehicles.com\/wp-content\/uploads\/2020\/12\/collage-TERRACROSS.jpg?resize=1050%2C600&ssl=1 3x"},"classes":[]},{"id":3571,"url":"https:\/\/unicatexpeditionvehicles.com\/de\/intro-service\/","url_meta":{"origin":1500,"position":1},"title":"INTRO SERVICE","author":"unicatexpeditionvehicles","date":"08\/11\/2020","format":false,"excerpt":"{:en} UNICAT - always at your service! With this offer - which requires a certain organization and team size - UNICAT clearly stands out from all other competitors on the market.We stand behind our work and offer competent advice, service and support worldwide and around the clock.Equipment of the vehicle,\u00a0operation\u2026","rel":"","context":"\u00c4hnlicher Beitrag","block_context":{"text":"\u00c4hnlicher Beitrag","link":""},"img":{"alt_text":"","src":"","width":0,"height":0},"classes":[]},{"id":11742,"url":"https:\/\/unicatexpeditionvehicles.com\/de\/vehicles\/","url_meta":{"origin":1500,"position":2},"title":"Fahrzeuge","author":"unicatexpeditionvehicles","date":"04\/11\/2021","format":false,"excerpt":"{:en} The requirements of overlanders and world travelers share many similarities, yet their\u00a0demands on the body and vehicle chassis\u00a0may vary. UNICAT addresses a diverse range of needs through its 5 product lines, consistently upholding the principle of unwavering quality and engineering expertise. Experience the ultimate in drivability with our low\u2026","rel":"","context":"\u00c4hnlicher Beitrag","block_context":{"text":"\u00c4hnlicher Beitrag","link":""},"img":{"alt_text":"","src":"https:\/\/i0.wp.com\/unicatexpeditionvehicles.com\/wp-content\/uploads\/2020\/12\/collage-TERRACROSS.jpg?resize=350%2C200&ssl=1","width":350,"height":200,"srcset":"https:\/\/i0.wp.com\/unicatexpeditionvehicles.com\/wp-content\/uploads\/2020\/12\/collage-TERRACROSS.jpg?resize=350%2C200&ssl=1 1x, https:\/\/i0.wp.com\/unicatexpeditionvehicles.com\/wp-content\/uploads\/2020\/12\/collage-TERRACROSS.jpg?resize=525%2C300&ssl=1 1.5x, https:\/\/i0.wp.com\/unicatexpeditionvehicles.com\/wp-content\/uploads\/2020\/12\/collage-TERRACROSS.jpg?resize=700%2C400&ssl=1 2x, https:\/\/i0.wp.com\/unicatexpeditionvehicles.com\/wp-content\/uploads\/2020\/12\/collage-TERRACROSS.jpg?resize=1050%2C600&ssl=1 3x"},"classes":[]},{"id":5487,"url":"https:\/\/unicatexpeditionvehicles.com\/de\/engineering\/","url_meta":{"origin":1500,"position":3},"title":"Maschinenbau","author":"unicatexpeditionvehicles","date":"09\/12\/2020","format":false,"excerpt":"{:en} Designing and manufacturing of a UNICAT vehicle can easily be compared with building a house or a yacht.The requirements raised by your personal home preferences and lifestyle must be matched with the technical requirements of building a off-road capable vehicle.To offer safety and comfort, your vehicle has to withstand\u2026","rel":"","context":"\u00c4hnlicher Beitrag","block_context":{"text":"\u00c4hnlicher Beitrag","link":""},"img":{"alt_text":"","src":"https:\/\/i0.wp.com\/unicatexpeditionvehicles.com\/wp-content\/uploads\/2021\/01\/collage-CHASSIS.png?resize=350%2C200&ssl=1","width":350,"height":200,"srcset":"https:\/\/i0.wp.com\/unicatexpeditionvehicles.com\/wp-content\/uploads\/2021\/01\/collage-CHASSIS.png?resize=350%2C200&ssl=1 1x, https:\/\/i0.wp.com\/unicatexpeditionvehicles.com\/wp-content\/uploads\/2021\/01\/collage-CHASSIS.png?resize=525%2C300&ssl=1 1.5x, https:\/\/i0.wp.com\/unicatexpeditionvehicles.com\/wp-content\/uploads\/2021\/01\/collage-CHASSIS.png?resize=700%2C400&ssl=1 2x, https:\/\/i0.wp.com\/unicatexpeditionvehicles.com\/wp-content\/uploads\/2021\/01\/collage-CHASSIS.png?resize=1050%2C600&ssl=1 3x"},"classes":[]},{"id":8787,"url":"https:\/\/unicatexpeditionvehicles.com\/de\/rally-vehicle\/","url_meta":{"origin":1500,"position":4},"title":"RALLY VEICHLE","author":"unicatexpeditionvehicles","date":"12\/01\/2021","format":false,"excerpt":"{:en} Description Type of vehicle: rally service vehicleChassis: Unimog U 1550 L37Wheelbase: 3700 mm (12' 1\")Engine: 6-cylinder turbo-diesel, 265 kW (360 PS)GVWR: 6,500 kg (14,326 lbs ) Specials Used several times during Rally Paris-Dakar {:}{:de} Beschreibung Fahrzeugtyp: Rallye-ServicefahrzeugFahrgestell: Unimog U 1550 L37Radstand: 3700 mmMotor: 6-Zylinder Turbo-Diesel, 265 kW (360 PS)Zul.\u2026","rel":"","context":"\u00c4hnlicher Beitrag","block_context":{"text":"\u00c4hnlicher Beitrag","link":""},"img":{"alt_text":"","src":"https:\/\/i0.wp.com\/unicatexpeditionvehicles.com\/wp-content\/uploads\/2021\/01\/Paris-Dakar-04-rotated.jpg?fit=1200%2C686&ssl=1&resize=350%2C200","width":350,"height":200,"srcset":"https:\/\/i0.wp.com\/unicatexpeditionvehicles.com\/wp-content\/uploads\/2021\/01\/Paris-Dakar-04-rotated.jpg?fit=1200%2C686&ssl=1&resize=350%2C200 1x, https:\/\/i0.wp.com\/unicatexpeditionvehicles.com\/wp-content\/uploads\/2021\/01\/Paris-Dakar-04-rotated.jpg?fit=1200%2C686&ssl=1&resize=525%2C300 1.5x, https:\/\/i0.wp.com\/unicatexpeditionvehicles.com\/wp-content\/uploads\/2021\/01\/Paris-Dakar-04-rotated.jpg?fit=1200%2C686&ssl=1&resize=700%2C400 2x, https:\/\/i0.wp.com\/unicatexpeditionvehicles.com\/wp-content\/uploads\/2021\/01\/Paris-Dakar-04-rotated.jpg?fit=1200%2C686&ssl=1&resize=1050%2C600 3x"},"classes":[]},{"id":4197,"url":"https:\/\/unicatexpeditionvehicles.com\/de\/professional\/","url_meta":{"origin":1500,"position":5},"title":"Professional","author":"unicatexpeditionvehicles","date":"03\/12\/2020","format":false,"excerpt":"{:en} Vehicle concepts that meet very special requirements and offer absolute reliability and maximum benefit under all conditions - even in professional use, it is about crossing borders, innovations, quality and reliability.Regardless of whether a research team, doctors or a film team is in rough terrain, a global brand on\u2026","rel":"","context":"\u00c4hnlicher Beitrag","block_context":{"text":"\u00c4hnlicher Beitrag","link":""},"img":{"alt_text":"","src":"https:\/\/i0.wp.com\/unicatexpeditionvehicles.com\/wp-content\/uploads\/2020\/12\/collage-professional.jpg?fit=1200%2C675&ssl=1&resize=350%2C200","width":350,"height":200,"srcset":"https:\/\/i0.wp.com\/unicatexpeditionvehicles.com\/wp-content\/uploads\/2020\/12\/collage-professional.jpg?fit=1200%2C675&ssl=1&resize=350%2C200 1x, https:\/\/i0.wp.com\/unicatexpeditionvehicles.com\/wp-content\/uploads\/2020\/12\/collage-professional.jpg?fit=1200%2C675&ssl=1&resize=525%2C300 1.5x, https:\/\/i0.wp.com\/unicatexpeditionvehicles.com\/wp-content\/uploads\/2020\/12\/collage-professional.jpg?fit=1200%2C675&ssl=1&resize=700%2C400 2x, https:\/\/i0.wp.com\/unicatexpeditionvehicles.com\/wp-content\/uploads\/2020\/12\/collage-professional.jpg?fit=1200%2C675&ssl=1&resize=1050%2C600 3x"},"classes":[]}],"_links":{"self":[{"href":"https:\/\/unicatexpeditionvehicles.com\/de\/wp-json\/wp\/v2\/pages\/1500","targetHints":{"allow":["GET"]}}],"collection":[{"href":"https:\/\/unicatexpeditionvehicles.com\/de\/wp-json\/wp\/v2\/pages"}],"about":[{"href":"https:\/\/unicatexpeditionvehicles.com\/de\/wp-json\/wp\/v2\/types\/page"}],"author":[{"embeddable":true,"href":"https:\/\/unicatexpeditionvehicles.com\/de\/wp-json\/wp\/v2\/users\/152699510"}],"replies":[{"embeddable":true,"href":"https:\/\/unicatexpeditionvehicles.com\/de\/wp-json\/wp\/v2\/comments?post=1500"}],"version-history":[{"count":57,"href":"https:\/\/unicatexpeditionvehicles.com\/de\/wp-json\/wp\/v2\/pages\/1500\/revisions"}],"predecessor-version":[{"id":24625,"href":"https:\/\/unicatexpeditionvehicles.com\/de\/wp-json\/wp\/v2\/pages\/1500\/revisions\/24625"}],"wp:attachment":[{"href":"https:\/\/unicatexpeditionvehicles.com\/de\/wp-json\/wp\/v2\/media?parent=1500"}],"wp:term":[{"taxonomy":"wf_page_folders","embeddable":true,"href":"https:\/\/unicatexpeditionvehicles.com\/de\/wp-json\/wp\/v2\/wf_page_folders?post=1500"}],"curies":[{"name":"wp","href":"https:\/\/api.w.org\/{rel}","templated":true}]}}